{"id":297389,"date":"2026-04-01T11:24:50","date_gmt":"2026-04-01T08:24:50","guid":{"rendered":"https:\/\/totalblue.ro\/?post_type=product&#038;p=297389"},"modified":"2026-04-01T12:01:19","modified_gmt":"2026-04-01T09:01:19","slug":"sos-cu-usturoi-si-ardei-jalapeno-kuhne-235-ml","status":"publish","type":"product","link":"https:\/\/totalblue.ro\/it\/produs\/sos-cu-usturoi-si-ardei-jalapeno-kuhne-235-ml\/","title":{"rendered":"Sos cu usturoi si ardei Jalapeno Kuhne 235 ml"},"content":{"rendered":"<p>Sosul K\u00fchne Made for Meat Garlic Jalape\u00f1o (235 ml) este o alegere versatila pentru amatorii de arome picante, combinand iuteala ardeiului jalape\u00f1o verde cu gustul intens al usturoiului.<\/p>\n<p>Ingrediente principale<br \/>\nAcest sos este formulat fara conservanti, coloranti artificiali sau potentiatori de aroma, fiind potrivit pentru o dieta vegetariana si fara gluten.<\/p>\n<p>Ingrediente: Apa, ulei de rapita, zahar, otet din alcool, ardei jalape\u00f1o (4%), amidon modificat, sare, usturoi (1,5%), proteine din lapte, acidifiant (acid lactic), ierburi aromatice, extract de usturoi, concentrat de suc de lamaie si condimente.<br \/>\nValori nutrizionali \/ 100 g:<br \/>\nEnergie: 1155 kJ \/ 279 kcal<br \/>\nGrasime: 26 g din care grasimi saturati 1,9 g<br \/>\nCarbohidrati: 10 g din care zaharuri 7.2 g<br \/>\nFibre: 1 g<br \/>\nProteine: 0,4 g<br \/>\nSare: 2.1 g<\/p>\n<p>Utilizare si Marinare<br \/>\nDesi este gata de utilizare direct din sticla ca dip sau sos pentru masa, poate fi folosit si ca baza pentru marinare:<\/p>\n<p>Pentru Steak &amp; Burgeri: Este ideal pentru a adauga un &#8222;flavor kick&#8221; direct peste carnea proaspat luata de pe gratar sau in interiorul burgerilor.<br \/>\nCa marinada rapida: Ungeti fasii de pui sau porc cu acest sos si lasati-le la frigider pentru cel putin 30-60 de minute inainte de gatire. Uleiul de rapita si acidul lactic din compozitie ajuta la fragezirea carnii.<\/p>\n<p>Daca vrei sa iesi din zona clasica de friptura la gratar, sosul K\u00fchne Made for Meat Garlic Jalape\u00f1o este un ingredient \u201esecret\u201d excelent pentru a adauga cremozitate si o iuteala verde, vibranta, in urmatoarele preparate:<\/p>\n<p>1. Tacos sau Quesadilla cu Pui \u201eZesty\u201d<br \/>\nTextura cremoasa a sosului inlocuieste cu succes amestecul clasic de smantana si ardei iute.<\/p>\n<p>Ingrediente: Tortilla, fasii de pui gatite, branza cheddar, porumb si 2-3 linguri de sos Garlic Jalape\u00f1o.<br \/>\nMod de preparare: Unge tortilla cu sosul K\u00fchne, adauga puiul si restul ingredientelor, apoi rumeneste totul in tigaie pana se topeste branza. Sosul va infuza carnea cu aroma de usturoi copt si ardei.<\/p>\n<p>2. Creveti la Tigaie cu Usturoi si Jalape\u00f1o<br \/>\nO reteta rapida (gata in 5 minute) care transforma fructele de mare.<\/p>\n<p>Ingrediente: 250g creveti decorticati, un cub de unt, sucul de la o felie de lamaie si 2 linguri de sos K\u00fchne.<br \/>\nMod de preparare: Trage crevetii in untul topit timp de 2 minute, apoi adauga sosul Garlic Jalape\u00f1o. Amesteca bine pana cand sosul imbraca uniform crevetii si se incalzeste. Serveste cu orez basmati sau paine prajita.<\/p>\n<p>3. Cartofi \u201eSmash\u201d la Cuptor cu Dip Picant<br \/>\nO alternativa moderna la cartofii prajiti clasici.<\/p>\n<p>Ingrediente: Cartofi mici fierti in coaja, ulei de masline, sare si sosul K\u00fchne pentru servire.<br \/>\nMod de preparare: Zdrobeste usor cartofii fierti cu o furculita, stropeste-i cu ulei si coace-i la 220\u00b0C pana devin crocanti. Foloseste sosul Made for Meat direct ca dip rece sau toarna-l peste cartofii fierbinti pentru un efect de \u201eloaded fries\u201d.<\/p>\n<p>Sfat de degustare: Deoarece acest sos are o baza cremoasa (contine proteine din lapte), nu il fierbe la foc mare timp indelungat, ci adauga-l spre finalul gatirii sau foloseste-l ca topping, pentru a-si pastra textura fina.<\/p>\n<p>Iata o reteta de burger gourmet care pune in valoare profilul cremos si picant al sosului K\u00fchne Made for Meat Garlic Jalape\u00f1o:<br \/>\nBurgerul &#8222;Green Heat&#8221; cu Usturoi si Jalape\u00f1o<br \/>\nAcest burger mizeaza pe contrastul dintre dulceata chiflei, suculenta carnii de vita si aroma intensa de usturoi verde.<\/p>\n<p>Ingrediente (pentru 2 burgeri):<br \/>\nCarne: 400g carne tocata de vita (80% carne, 20% grasime), sare si piper negru.<br \/>\nBaza: 2 chifle tip Brioche (usor dulci).<br \/>\nTopping-uri: 2 felii de branza Monterey Jack sau Gouda, cateva felii de ceapa rosie taiate subtire, frunze de salata rucola (pentru o nota nucata).<br \/>\nVedeta: 4 linguri generoase de sos K\u00fchne Garlic Jalape\u00f1o.<\/p>\n<p>Preparazione:<\/p>\n<p>Pregatirea chiflei: Taie chiflele in jumatate si rumeneste-le pe partea taiata intr-o tigaie cu putin unt pana devin aurii. Acest pas previne inmuierea chiflei de la sos.<br \/>\nGatirea carnii: Formeaza doua discuri de carne (fara sa le apesi prea tare). Prajeste-le la foc iute 3-4 minute pe fiecare parte. In ultimul minut, pune feliile de branza deasupra si acopera tigaia cu un capac pentru a se topi perfect.<br \/>\nAsamblarea:<br \/>\nUnge generos baza chiflei cu sosul Garlic Jalape\u00f1o.<br \/>\nPune un strat de rucola si ceapa rosie.<br \/>\nAseaza carnea cu branza topita.<br \/>\nSecretul: Mai pune o lingura de sos direct peste branza topita inainte de a pune capacul chiflei.<\/p>","protected":false},"excerpt":{"rendered":"<p>Sosul K\u00fchne Made for Meat Garlic Jalape\u00f1o (235 ml) este o alegere versatila pentru amatorii de arome picante, combinand iuteala ardeiului jalape\u00f1o verde cu gustul intens al usturoiului. Ingrediente principale Acest sos este formulat fara conservanti, coloranti artificiali sau potentiatori de aroma, fiind potrivit pentru o dieta vegetariana si fara gluten. Ingrediente: Apa, ulei de [&#8230;]\n","protected":false},"featured_media":297390,"comment_status":"open","ping_status":"closed","template":"","meta":{"_acf_changed":false,"_seopress_robots_primary_cat":"none","_seopress_titles_title":"","_seopress_titles_desc":"","_seopress_robots_index":""},"product_brand":[2002],"product_cat":[1555,3280,3380,1950,1767],"giftcard-category":[],"class_list":{"0":"post-297389","1":"product","2":"type-product","3":"status-publish","4":"has-post-thumbnail","6":"product_brand-kuhne","7":"product_cat-bacanie","8":"product_cat-condimente-sosuri","9":"product_cat-condimente-sosuri-produse-germania","10":"product_cat-produse-germania","11":"product_cat-produse-olanda","13":"first","14":"instock","15":"taxable","16":"shipping-taxable","17":"purchasable","18":"product-type-simple"},"acf":[],"_links":{"self":[{"href":"https:\/\/totalblue.ro\/it\/wp-json\/wp\/v2\/product\/297389","targetHints":{"allow":["GET"]}}],"collection":[{"href":"https:\/\/totalblue.ro\/it\/wp-json\/wp\/v2\/product"}],"about":[{"href":"https:\/\/totalblue.ro\/it\/wp-json\/wp\/v2\/types\/product"}],"replies":[{"embeddable":true,"href":"https:\/\/totalblue.ro\/it\/wp-json\/wp\/v2\/comments?post=297389"}],"wp:featuredmedia":[{"embeddable":true,"href":"https:\/\/totalblue.ro\/it\/wp-json\/wp\/v2\/media\/297390"}],"wp:attachment":[{"href":"https:\/\/totalblue.ro\/it\/wp-json\/wp\/v2\/media?parent=297389"}],"wp:term":[{"taxonomy":"product_brand","embeddable":true,"href":"https:\/\/totalblue.ro\/it\/wp-json\/wp\/v2\/product_brand?post=297389"},{"taxonomy":"product_cat","embeddable":true,"href":"https:\/\/totalblue.ro\/it\/wp-json\/wp\/v2\/product_cat?post=297389"},{"taxonomy":"giftcard-category","embeddable":true,"href":"https:\/\/totalblue.ro\/it\/wp-json\/wp\/v2\/giftcard-category?post=297389"}],"curies":[{"name":"wp","href":"https:\/\/api.w.org\/{rel}","templated":true}]}}