{"id":305012,"date":"2026-04-29T15:01:48","date_gmt":"2026-04-29T12:01:48","guid":{"rendered":"https:\/\/totalblue.ro\/?post_type=product&#038;p=305012"},"modified":"2026-04-29T15:06:22","modified_gmt":"2026-04-29T12:06:22","slug":"troliu-electric-cu-cablu-trecator-hit-trac-16e-habegger","status":"publish","type":"product","link":"https:\/\/totalblue.ro\/it\/produs\/troliu-electric-cu-cablu-trecator-hit-trac-16e-habegger\/","title":{"rendered":"Troliu electric cu cablu trecator HIT-TRAC 16E (Habegger)"},"content":{"rendered":"<p>Produs: Troliu electric motorizat Habegger HIT-TRAC 16E<br \/>\nCapacitate de ridicare (WLL): 1600 kg (1,6 tone)<br \/>\nPutere motor: 3 kW<br \/>\nTensiune alimentare: 3 x 400 V \/ 50 Hz<br \/>\nCurent nominal: 6,8 A<br \/>\nVitez\u0103 de lucru: aprox. 10 m\/min<br \/>\nRegim de func\u021bionare (Intermittent duty): 30%<br \/>\nCompatibilitate cablu: Destinat pentru cablu special Habegger de 11,2 mm<br \/>\nGreutate utilaj: 59 kg<br \/>\nInclude: Manual de instruc\u021biuni original<br \/>\nCaracteristici: Sistem de antrenare a cablului tip \u201etrece-prin\u201d, ideal pentru lungimi nelimitate de cablu \u0219i aplica\u021bii industriale grele.<br \/>\n(f\u0103r\u0103 protec\u021bie cutie control)<br \/>\nAv\u00e2nd \u00een vedere regimul de import special al acestui echipament industrial, comanda se proceseaz\u0103 exclusiv dup\u0103 confirmarea pl\u0103\u021bii \u00een avans.<br \/>\nTermenul de livrare de 4 saptamani lucr\u0103toare curge de la data confirm\u0103rii pl\u0103\u021bii integrale \u00een contul furnizorului.<br \/>\nLivrarea acestui produs nu include cablu. Acesta se comanda separat.<br \/>\nFabricat in Elvetia.<\/p>","protected":false},"excerpt":{"rendered":"<p>Av\u00e2nd \u00een vedere regimul de import special al acestui echipament industrial, comanda se proceseaz\u0103 exclusiv dup\u0103 confirmarea pl\u0103\u021bii \u00een avans.<br \/>\nTermenul de livrare de 4 saptamani lucr\u0103toare curge de la data confirm\u0103rii pl\u0103\u021bii integrale \u00een contul furnizorului.<\/p>","protected":false},"featured_media":305013,"comment_status":"open","ping_status":"closed","template":"","meta":{"_acf_changed":false,"_seopress_robots_primary_cat":"none","_seopress_titles_title":"","_seopress_titles_desc":"","_seopress_robots_index":""},"product_brand":[],"product_cat":[16097],"giftcard-category":[],"class_list":{"0":"post-305012","1":"product","2":"type-product","3":"status-publish","4":"has-post-thumbnail","6":"product_cat-bricolaj","8":"first","9":"outofstock","10":"taxable","11":"shipping-taxable","12":"purchasable","13":"product-type-simple"},"acf":[],"_links":{"self":[{"href":"https:\/\/totalblue.ro\/it\/wp-json\/wp\/v2\/product\/305012","targetHints":{"allow":["GET"]}}],"collection":[{"href":"https:\/\/totalblue.ro\/it\/wp-json\/wp\/v2\/product"}],"about":[{"href":"https:\/\/totalblue.ro\/it\/wp-json\/wp\/v2\/types\/product"}],"replies":[{"embeddable":true,"href":"https:\/\/totalblue.ro\/it\/wp-json\/wp\/v2\/comments?post=305012"}],"wp:featuredmedia":[{"embeddable":true,"href":"https:\/\/totalblue.ro\/it\/wp-json\/wp\/v2\/media\/305013"}],"wp:attachment":[{"href":"https:\/\/totalblue.ro\/it\/wp-json\/wp\/v2\/media?parent=305012"}],"wp:term":[{"taxonomy":"product_brand","embeddable":true,"href":"https:\/\/totalblue.ro\/it\/wp-json\/wp\/v2\/product_brand?post=305012"},{"taxonomy":"product_cat","embeddable":true,"href":"https:\/\/totalblue.ro\/it\/wp-json\/wp\/v2\/product_cat?post=305012"},{"taxonomy":"giftcard-category","embeddable":true,"href":"https:\/\/totalblue.ro\/it\/wp-json\/wp\/v2\/giftcard-category?post=305012"}],"curies":[{"name":"wp","href":"https:\/\/api.w.org\/{rel}","templated":true}]}}