{"id":34404,"date":"2021-09-17T15:10:17","date_gmt":"2021-09-17T12:10:17","guid":{"rendered":"https:\/\/totalblue.ro\/?post_type=product&#038;p=34404"},"modified":"2026-04-06T13:44:17","modified_gmt":"2026-04-06T10:44:17","slug":"maggi-sos-crema-pentru-snitel-2x250ml","status":"publish","type":"product","link":"https:\/\/totalblue.ro\/it\/produs\/maggi-sos-crema-pentru-snitel-2x250ml\/","title":{"rendered":"Maggi Sos crema pentru snitel 2x250ml"},"content":{"rendered":"<p><strong>Maggi Sos crema pentru snitel 2x250ml<br \/>\n<\/strong>Contine: 1 pachet 500 ml, 2 x 0,250ml<br \/>\nDeosebit de delicios cu snitel cu crema de ciuperci . Usor si rapid de pregatit!<br \/>\nSosul Maggi snitel pentru gurmanzi nu este delicios doar cu snitel, ci se potrive\u0219te perfect si cu medalioane, carne feliata, paste si orez. Sosul picant, aromat de snitel ofera fiecarui fel de mancare ceva delicios!<br \/>\nPentru a-l pregati, amestecati pur \u0219i simplu continutul unui singur pachet in 250 ml apa fierbinte cu un tel. Aduce\u021bi sosul la fiert si fierbeti 2 minute. Rafinati dupa cum dori\u021bi. Devine deosebit gustos daca adaugati crema de branza, smantana sau mustar . Se toarn\u0103 sosul u\u0219or intr-o sosiera sau se toarna direct peste deliciosul fel de mancare de carne, fripturi, carne de pasare etc. Gata! Pofta Buna !<br \/>\n<strong>Ingrediente<\/strong>: faina de grau, grasime de palmier, arome (cu grau, orz), sare iodata, amidon, ceapa, lactoza, 2,9% ciuperci, extract de drojdie, condimente (usturoi, curcuma, piper), ierburi (rozmarin, cimbru, patrunjel), proteine din lapte, condimente (din grau), maltodextrina, sare, zahar, acid citric acidifiant, guma de ingrosare guar.<br \/>\n<strong>Allergeni:<\/strong> contine gluten , lapte, grau ( Ingrediente care contin proteine \u200b\u200bdin grau )<br \/>\nConservare in un luogo fresco e asciutto.<br \/>\n<strong>Nutrizione:<br \/>\n<\/strong>Energie 187 kJ \/ 45 kcal<br \/>\nGrasimi 1.7 g\u00a0 din care acizi grasi satura\u021bi 0.2 g<br \/>\nCarbohidrati 6.1 g din care zahar 0.9 g<br \/>\nFibre dietetice 0.2 g<br \/>\nProteine \u200b\u200b1.1 g<br \/>\nSare 1.1 g <strong><br \/>\n<\/strong>MAGGI GmbH 60528 Francoforte sul Meno Made in GERMANY<br \/>\nImportatore e distributore Total Blue Impex SRL<\/p>\n<p>Retetele produselor se pot schimba. Informa\u021biile furnizate aici se refera la gama germana valabila \u00een prezent \u0219i sunt actualizate periodic. In cazul modificarilor retetei, produsele cu reteta veche \u0219i cea noua pot fi gasite \u00een magazine. Prin urmare, cumparatorul trebuie sa citeasca cu aten\u021bie toate informa\u021biile de pe ambalaj. Acest lucru se aplic\u0103 \u00een special listei de ingrediente pentru a lua \u00een considerare intoleran\u021bele.<strong><br \/>\n<\/strong><\/p>","protected":false},"excerpt":{"rendered":"<p>Maggi Sos crema pentru snitel 2x250ml<\/p>","protected":false},"featured_media":61389,"comment_status":"open","ping_status":"closed","template":"","meta":{"_acf_changed":false,"_seopress_robots_primary_cat":"none","_seopress_titles_title":"Sos crema pentru snitzel cos snitzel Maggi, sos snitel Maggi","_seopress_titles_desc":"Cauti Sos snitzel, sos Maggi pentru snitel? Cumpara acum sos snitel Maggi cremos, sos pentru snitele, sosuri delicioase de la Maggi, snitel sos.","_seopress_robots_index":""},"product_brand":[1869],"product_cat":[1555,3380,1451,3280,1950,1767],"giftcard-category":[],"class_list":{"0":"post-34404","1":"product","2":"type-product","3":"status-publish","4":"has-post-thumbnail","6":"product_brand-maggi","7":"product_cat-bacanie","8":"product_cat-condimente-sosuri-produse-germania","9":"product_cat-condimente-produse-instant","10":"product_cat-condimente-sosuri","11":"product_cat-produse-germania","12":"product_cat-produse-olanda","14":"first","15":"instock","16":"taxable","17":"shipping-taxable","18":"purchasable","19":"product-type-simple"},"acf":[],"_links":{"self":[{"href":"https:\/\/totalblue.ro\/it\/wp-json\/wp\/v2\/product\/34404","targetHints":{"allow":["GET"]}}],"collection":[{"href":"https:\/\/totalblue.ro\/it\/wp-json\/wp\/v2\/product"}],"about":[{"href":"https:\/\/totalblue.ro\/it\/wp-json\/wp\/v2\/types\/product"}],"replies":[{"embeddable":true,"href":"https:\/\/totalblue.ro\/it\/wp-json\/wp\/v2\/comments?post=34404"}],"wp:featuredmedia":[{"embeddable":true,"href":"https:\/\/totalblue.ro\/it\/wp-json\/wp\/v2\/media\/61389"}],"wp:attachment":[{"href":"https:\/\/totalblue.ro\/it\/wp-json\/wp\/v2\/media?parent=34404"}],"wp:term":[{"taxonomy":"product_brand","embeddable":true,"href":"https:\/\/totalblue.ro\/it\/wp-json\/wp\/v2\/product_brand?post=34404"},{"taxonomy":"product_cat","embeddable":true,"href":"https:\/\/totalblue.ro\/it\/wp-json\/wp\/v2\/product_cat?post=34404"},{"taxonomy":"giftcard-category","embeddable":true,"href":"https:\/\/totalblue.ro\/it\/wp-json\/wp\/v2\/giftcard-category?post=34404"}],"curies":[{"name":"wp","href":"https:\/\/api.w.org\/{rel}","templated":true}]}}