{"id":35196,"date":"2021-09-30T13:40:49","date_gmt":"2021-09-30T10:40:49","guid":{"rendered":"https:\/\/totalblue.ro\/?post_type=product&#038;p=35196"},"modified":"2026-02-28T17:53:53","modified_gmt":"2026-02-28T15:53:53","slug":"mora-minis-mega-mix-52-stuks-962-g","status":"publish","type":"product","link":"https:\/\/totalblue.ro\/it\/produs\/mora-minis-mega-mix-52-stuks-962-g\/","title":{"rendered":"Mora Mini's Mega mix 52 pezzi 962 g"},"content":{"rendered":"<p>Ingrediente: Frikandel: carne de pui separata mecanic 48%, apa, carne de porc 15%, pesmet (faina de GRAU, apa, drojdie, sare), grasime de porc, ceapa, sare, ierburi si condimente, dextroza, usturoi.<br \/>\nValori nutrizionali \/ 100 g:<br \/>\nEnergie: 1007 kJ\/241 kcal<br \/>\nGrasimi: 14 g din care acizi grasi saturati: 4.7 g<br \/>\nCarbohidrati 19 g sau care zaharuri 2.7 g<br \/>\nProteine: 9 g<br \/>\nSare: 1.8 g<br \/>\n<span class=\"HwtZe\" lang=\"ro\"><span class=\"jCAhz ChMk0b\"><span class=\"ryNqvb\">Pr\u0103jire <\/span><\/span><span class=\"jCAhz ChMk0b\"><span class=\"ryNqvb\">4 minute |<\/span><\/span> <span class=\"jCAhz ChMk0b\"><span class=\"ryNqvb\">175\u00b0C <\/span><\/span><span class=\"jCAhz ChMk0b\"><span class=\"ryNqvb\">Congelat: 4 minute.<\/span><\/span> <span class=\"jCAhz ChMk0b\"><span class=\"ryNqvb\">Pr\u0103ji\u021bi maxim 15 buc\u0103\u021bi \u00een acela\u0219i timp. <\/span><\/span><span class=\"jCAhz ChMk0b\"><span class=\"ryNqvb\">V\u0103 rug\u0103m s\u0103 re\u021bine\u021bi: nu dep\u0103\u0219i\u021bi timpul maxim de preparare \u0219i temperatura de coacere.<\/span><\/span><\/span><\/p>","protected":false},"excerpt":{"rendered":"<p>Ingrediente: Frikandel: carne de pui separata mecanic 48%, apa, carne de porc 15%, pesmet (faina de GRAU, apa, drojdie, sare), grasime de porc, ceapa, sare, ierburi si condimente, dextroza, usturoi. Valori nutritionale \/ 100 g: Energie: 1007 kJ\/241 kcal Grasimi: 14 g din care acizi grasi saturati: 4.7 g Carbohidrati 19 g sau care zaharuri [&#8230;]\n","protected":false},"featured_media":31539,"comment_status":"open","ping_status":"closed","template":"","meta":{"_acf_changed":false,"_seopress_robots_primary_cat":"none","_seopress_titles_title":"","_seopress_titles_desc":"","_seopress_robots_index":""},"product_brand":[2024],"product_cat":[1555,2050,1767,1954],"giftcard-category":[],"class_list":{"0":"post-35196","1":"product","2":"type-product","3":"status-publish","4":"has-post-thumbnail","6":"product_brand-mora","7":"product_cat-bacanie","8":"product_cat-produse-congelate","9":"product_cat-produse-olanda","10":"product_cat-semipreparate","11":"product_shipping_class-frozen-products","13":"first","14":"outofstock","15":"taxable","16":"shipping-taxable","17":"purchasable","18":"product-type-simple"},"acf":[],"_links":{"self":[{"href":"https:\/\/totalblue.ro\/it\/wp-json\/wp\/v2\/product\/35196","targetHints":{"allow":["GET"]}}],"collection":[{"href":"https:\/\/totalblue.ro\/it\/wp-json\/wp\/v2\/product"}],"about":[{"href":"https:\/\/totalblue.ro\/it\/wp-json\/wp\/v2\/types\/product"}],"replies":[{"embeddable":true,"href":"https:\/\/totalblue.ro\/it\/wp-json\/wp\/v2\/comments?post=35196"}],"wp:featuredmedia":[{"embeddable":true,"href":"https:\/\/totalblue.ro\/it\/wp-json\/wp\/v2\/media\/31539"}],"wp:attachment":[{"href":"https:\/\/totalblue.ro\/it\/wp-json\/wp\/v2\/media?parent=35196"}],"wp:term":[{"taxonomy":"product_brand","embeddable":true,"href":"https:\/\/totalblue.ro\/it\/wp-json\/wp\/v2\/product_brand?post=35196"},{"taxonomy":"product_cat","embeddable":true,"href":"https:\/\/totalblue.ro\/it\/wp-json\/wp\/v2\/product_cat?post=35196"},{"taxonomy":"giftcard-category","embeddable":true,"href":"https:\/\/totalblue.ro\/it\/wp-json\/wp\/v2\/giftcard-category?post=35196"}],"curies":[{"name":"wp","href":"https:\/\/api.w.org\/{rel}","templated":true}]}}