{"id":36840,"date":"2021-11-03T14:58:56","date_gmt":"2021-11-03T12:58:56","guid":{"rendered":"https:\/\/totalblue.ro\/?post_type=product&#038;p=36840"},"modified":"2025-08-05T14:53:12","modified_gmt":"2025-08-05T11:53:12","slug":"feinkost-dittmann-usturoi-marinat-cu-ardei-iute-230g","status":"publish","type":"product","link":"https:\/\/totalblue.ro\/it\/produs\/feinkost-dittmann-usturoi-marinat-cu-ardei-iute-230g\/","title":{"rendered":"Feinkost Dittmann usturoi marinat cu ardei iute 230g"},"content":{"rendered":"<p>Feinkost Dittmann &#8211; lider pe piata germana de usturoi:<br \/>\nDomeniile culinare de aplicare a usturoiului sunt deosebit de diverse .In regiunea mediteraneana, usturoiul este o parte indispensabila a bucatariei mediteraneene. Compania traditionala de familie Feinkost Dittmann, liderul pietei germane de usturoi, ofera diverse produse cu usturoi. Pe langa clasicul Ajolix Classic, usor marinat in otet de rachiu, exista doua variante diverse marinate. Ajolix Herbs convinge prin marinada sa placut condimentata din rozmarin si busuioc iar pentru cei carora le place putin mai iute exista Ajolix Chili, marinat cu chili tocat.<br \/>\nAjolix chilli: Cateii de usturoi Ajolix chilli sunt marinati usor intr-o marinada cu ardei iute si ulei vegetal. Acest lucru le confera o aroma picanta. In acelasi timp, se caracterizeaza printr-un nivel scazut de miros in compara\u021bie cu usturoiul proaspat. Catei de usturoi Ajolix chilli sunt gata de mancat !.<br \/>\n<strong>Sfat de utilizare<\/strong>: Recomandat pentru toate manc\u0103rurile mediteraneene, preparate din carne si peste, pentru a rafina salate sau pur \u0219i simplu ca gustare \u00eentre ele.<br \/>\nUsturoiul din plante medicinale: Tubercul minune &#8211; usturoiul, una dintre cele mai vechi plante cultivate, este r\u0103sp\u00e2ndit \u00een mari p\u0103r\u021bi ale lumii datorit\u0103 gustului sau unic si a ingredientelor sale active sanatoase.<br \/>\nDatorita numeroaselor sale vitamine \u0219i minerale, usturoiul a fost o planta medicinala extrem de eficienta inca din cele mai vechi timpuri. Substan\u021bele fitochimice, care sunt, de asemenea, continute din abundenta, confera tuberculului proprietatile sale antibacteriene si antiseptice. Consumat regulat, usturoiul intareste sistemul imunitar \u0219i protejeaza, printre altele, impotriva racelilor si a bolilor gastro-intestinale.<br \/>\nDeosebit de versatil: AJOLIX este ideal pentru rafinarea de supe, sosuri si salate, precum si o garnitur\u0103 pentru multe preparate friptura si la gratar. De asemenea, un adev\u0103rat rasfat ca o gustare sanatoasa!<br \/>\nProdotto vegetariano<br \/>\nSenza glutine<br \/>\nSenza lievito<br \/>\nSenza lattosio<br \/>\nConfezione: barattolo di vetro con coperchio<br \/>\n<strong>Ingrediente<\/strong>: 56% catei de usturoi, ulei de rapita, condimente (contine mustar), otet de rachiu, sare de masa, ardei iute tocat, aroma naturala de ardei iute, extract de condimente.<br \/>\n<strong>Valori nutrizionali per 100 g<\/strong><br \/>\nEnergie 376 kj \/90 kcal<br \/>\nGrasimi 4.3 g din care acizi grasi saturati 1.2 g<br \/>\nGlucide 8.6 g din care zaharuri 1.8 g<br \/>\nProteine \u200b\u200b3.1 g<br \/>\nSare 2.55 g<\/p>","protected":false},"excerpt":{"rendered":"<p>Feinkost Dittmann &#8211; lider pe piata germana de usturoi: Domeniile culinare de aplicare a usturoiului sunt deosebit de diverse .In regiunea mediteraneana, usturoiul este o parte indispensabila a bucatariei mediteraneene. Compania traditionala de familie Feinkost Dittmann, liderul pietei germane de usturoi, ofera diverse produse cu usturoi. Pe langa clasicul Ajolix Classic, usor marinat in otet [&#8230;]\n","protected":false},"featured_media":36842,"comment_status":"open","ping_status":"closed","template":"","meta":{"_acf_changed":false,"_seopress_robots_primary_cat":"none","_seopress_titles_title":"","_seopress_titles_desc":"","_seopress_robots_index":""},"product_brand":[4140],"product_cat":[1555,1683,3272,3372,1950,1767],"giftcard-category":[],"class_list":{"0":"post-36840","1":"product","2":"type-product","3":"status-publish","4":"has-post-thumbnail","6":"product_brand-dittmann","7":"product_cat-bacanie","8":"product_cat-conserve-mancare-gatita","9":"product_cat-conserve","10":"product_cat-conserve-produse-germania","11":"product_cat-produse-germania","12":"product_cat-produse-olanda","14":"first","15":"outofstock","16":"taxable","17":"shipping-taxable","18":"purchasable","19":"product-type-simple"},"acf":[],"_links":{"self":[{"href":"https:\/\/totalblue.ro\/it\/wp-json\/wp\/v2\/product\/36840","targetHints":{"allow":["GET"]}}],"collection":[{"href":"https:\/\/totalblue.ro\/it\/wp-json\/wp\/v2\/product"}],"about":[{"href":"https:\/\/totalblue.ro\/it\/wp-json\/wp\/v2\/types\/product"}],"replies":[{"embeddable":true,"href":"https:\/\/totalblue.ro\/it\/wp-json\/wp\/v2\/comments?post=36840"}],"wp:featuredmedia":[{"embeddable":true,"href":"https:\/\/totalblue.ro\/it\/wp-json\/wp\/v2\/media\/36842"}],"wp:attachment":[{"href":"https:\/\/totalblue.ro\/it\/wp-json\/wp\/v2\/media?parent=36840"}],"wp:term":[{"taxonomy":"product_brand","embeddable":true,"href":"https:\/\/totalblue.ro\/it\/wp-json\/wp\/v2\/product_brand?post=36840"},{"taxonomy":"product_cat","embeddable":true,"href":"https:\/\/totalblue.ro\/it\/wp-json\/wp\/v2\/product_cat?post=36840"},{"taxonomy":"giftcard-category","embeddable":true,"href":"https:\/\/totalblue.ro\/it\/wp-json\/wp\/v2\/giftcard-category?post=36840"}],"curies":[{"name":"wp","href":"https:\/\/api.w.org\/{rel}","templated":true}]}}