{"id":36964,"date":"2021-11-04T14:31:10","date_gmt":"2021-11-04T12:31:10","guid":{"rendered":"https:\/\/totalblue.ro\/?post_type=product&#038;p=36964"},"modified":"2025-08-07T14:38:34","modified_gmt":"2025-08-07T11:38:34","slug":"tabasco-sos-de-ardei-jalapeno-verde-60-ml","status":"publish","type":"product","link":"https:\/\/totalblue.ro\/it\/produs\/tabasco-sos-de-ardei-jalapeno-verde-60-ml\/","title":{"rendered":"Tabasco Sos de ardei jalapeno verde 60 ml"},"content":{"rendered":"<p>Renumitul sos verde TABASCO Jalape\u00f1o original de la McIlhenny de pe Insula Avery, SUA. Sosul TABASCO Jalape\u00f1o imbogate\u0219te toate tipurile de mese cu mai mult\u0103 aroma. este un sos picant. Deoarece este f\u0103cut cu ardei iute verde jalapeno, se distinge de toate celelalte sosuri chilli.<br \/>\n<strong>Ingrediente<\/strong>: otet de rachiu, ardei iute jalape\u00f1o verde, apa, sare, amidon de porumb, guma xantan pentru ingrosare, acid ascorbic antioxidant.<br \/>\n<strong>Depozitare<\/strong>: A se pastra la frigider dupa deschidere.<\/p>\n<p>Valori nutrizionali \/ 100 g:<br \/>\nEnergie 46 kJ (11 kcal)<br \/>\nGrassi 0 g di cui grassi saturi 0 g<br \/>\nCarbohidrati 1.8 g din care zaharuri 0 g<br \/>\nFibre alimentare 1.2 g<br \/>\nProteine 0,6 g<br \/>\nSare 7.4 g<\/p>\n<p><strong>GRAFICO SCOVILLE<br \/>\n<a href=\"https:\/\/totalblue.ro\/wp-content\/uploads\/2021\/11\/JALAPENO.png\"><img loading=\"lazy\" decoding=\"async\" class=\"alignnone size-full wp-image-37008\" src=\"https:\/\/totalblue.ro\/wp-content\/uploads\/2021\/11\/JALAPENO.png\" alt=\"\" width=\"923\" height=\"207\" srcset=\"https:\/\/totalblue.ro\/wp-content\/uploads\/2021\/11\/JALAPENO.png 923w, https:\/\/totalblue.ro\/wp-content\/uploads\/2021\/11\/JALAPENO-510x114.png 510w, https:\/\/totalblue.ro\/wp-content\/uploads\/2021\/11\/JALAPENO-800x179.png 800w, https:\/\/totalblue.ro\/wp-content\/uploads\/2021\/11\/JALAPENO-768x172.png 768w, https:\/\/totalblue.ro\/wp-content\/uploads\/2021\/11\/JALAPENO-600x135.png 600w, https:\/\/totalblue.ro\/wp-content\/uploads\/2021\/11\/JALAPENO-100x22.png 100w\" sizes=\"auto, (max-width: 923px) 100vw, 923px\" \/><\/a><br \/>\nMILD<br \/>\nIl livello di calore \u00e8 un'approssimazione dell'unit\u00e0 di misura Scoville. \u00c8 una misura della capsaicina, la sostanza chimica contenuta nei peperoni e responsabile del loro calore.<\/strong><br \/>\n<a class=\"button secondary is-small popmake-2848\" style=\"border-radius:10px;\">\n\t\t<span>Grafico Scoville<\/span>\n\t<\/a>","protected":false},"excerpt":{"rendered":"<p><strong>GRAFICO SCOVILLE<\/strong><br \/>\n<a href=\"https:\/\/totalblue.ro\/wp-content\/uploads\/2021\/11\/JALAPENO.png\"><img loading=\"lazy\" decoding=\"async\" class=\"alignnone wp-image-37008\" src=\"https:\/\/totalblue.ro\/wp-content\/uploads\/2021\/11\/JALAPENO.png\" alt=\"\" width=\"606\" height=\"136\" srcset=\"https:\/\/totalblue.ro\/wp-content\/uploads\/2021\/11\/JALAPENO.png 923w, https:\/\/totalblue.ro\/wp-content\/uploads\/2021\/11\/JALAPENO-510x114.png 510w, https:\/\/totalblue.ro\/wp-content\/uploads\/2021\/11\/JALAPENO-800x179.png 800w, https:\/\/totalblue.ro\/wp-content\/uploads\/2021\/11\/JALAPENO-768x172.png 768w, https:\/\/totalblue.ro\/wp-content\/uploads\/2021\/11\/JALAPENO-600x135.png 600w, https:\/\/totalblue.ro\/wp-content\/uploads\/2021\/11\/JALAPENO-100x22.png 100w\" sizes=\"auto, (max-width: 606px) 100vw, 606px\" \/><\/a><br \/>\n<a class=\"button secondary is-small popmake-2848\" style=\"border-radius:10px;\">\n\t\t<span>Vedi la scala Scoville completa<\/span>\n\t<\/a>","protected":false},"featured_media":36970,"comment_status":"open","ping_status":"closed","template":"","meta":{"_acf_changed":false,"_seopress_robots_primary_cat":"none","_seopress_titles_title":"","_seopress_titles_desc":"","_seopress_robots_index":""},"product_brand":[4167],"product_cat":[1555,3280,3380,1950,1767],"giftcard-category":[],"class_list":{"0":"post-36964","1":"product","2":"type-product","3":"status-publish","4":"has-post-thumbnail","6":"product_brand-tabasco","7":"product_cat-bacanie","8":"product_cat-condimente-sosuri","9":"product_cat-condimente-sosuri-produse-germania","10":"product_cat-produse-germania","11":"product_cat-produse-olanda","13":"first","14":"outofstock","15":"taxable","16":"shipping-taxable","17":"purchasable","18":"product-type-simple"},"acf":[],"_links":{"self":[{"href":"https:\/\/totalblue.ro\/it\/wp-json\/wp\/v2\/product\/36964","targetHints":{"allow":["GET"]}}],"collection":[{"href":"https:\/\/totalblue.ro\/it\/wp-json\/wp\/v2\/product"}],"about":[{"href":"https:\/\/totalblue.ro\/it\/wp-json\/wp\/v2\/types\/product"}],"replies":[{"embeddable":true,"href":"https:\/\/totalblue.ro\/it\/wp-json\/wp\/v2\/comments?post=36964"}],"wp:featuredmedia":[{"embeddable":true,"href":"https:\/\/totalblue.ro\/it\/wp-json\/wp\/v2\/media\/36970"}],"wp:attachment":[{"href":"https:\/\/totalblue.ro\/it\/wp-json\/wp\/v2\/media?parent=36964"}],"wp:term":[{"taxonomy":"product_brand","embeddable":true,"href":"https:\/\/totalblue.ro\/it\/wp-json\/wp\/v2\/product_brand?post=36964"},{"taxonomy":"product_cat","embeddable":true,"href":"https:\/\/totalblue.ro\/it\/wp-json\/wp\/v2\/product_cat?post=36964"},{"taxonomy":"giftcard-category","embeddable":true,"href":"https:\/\/totalblue.ro\/it\/wp-json\/wp\/v2\/giftcard-category?post=36964"}],"curies":[{"name":"wp","href":"https:\/\/api.w.org\/{rel}","templated":true}]}}