{"id":37326,"date":"2021-11-10T10:14:37","date_gmt":"2021-11-10T08:14:37","guid":{"rendered":"https:\/\/totalblue.ro\/?post_type=product&#038;p=37326"},"modified":"2026-03-15T17:30:37","modified_gmt":"2026-03-15T15:30:37","slug":"maggi-aroma-no-3-250g-202ml","status":"publish","type":"product","link":"https:\/\/totalblue.ro\/it\/produs\/maggi-aroma-no-3-250g-202ml\/","title":{"rendered":"Maggi Aroma no.3 (250g\/202ml)"},"content":{"rendered":"<p><strong>Maggi Aroma no. 3 ( 250g\/202ml)<br \/>\n<\/strong>Sosul original MAGGI AROMA \u2013 ajuta rapid si usor la prepararea, condimentarea \u0219i rafinarea multor feluri de mancare din carne si legume.<br \/>\nAcest sos deosebit MAGGI AROMA wurze poate fi recunoscut nu numai prin eticheta galben-rosie, ci mai ales prin gustul sau inconfundabil !<br \/>\nFiecare supa si tocana sunt completate \u00een mod ideal cu MAGGI AROMA !<br \/>\nCon questa salsa si possono preparare anche deliziosi condimenti per insalate. Si possono anche insaporire piatti asiatici.<strong><br \/>\nIngredinte: <\/strong><span class=\"Y2IQFc\" lang=\"ro\">Proteine \u200b\u200bvegetale hidrolizate (ap\u0103, proteine \u200b\u200bdin gr\u00e2u, sare), ap\u0103, arome (cu gr\u00e2u), poten\u021biatori de arom\u0103 (E621, E631), sare, zah\u0103r.<br \/>\n<\/span><strong>Istruzioni per l'uso:<\/strong> agita sticla inainte de consum<br \/>\nValori nutrizionali medi per 100 g:<br \/>\nEnergie 340 kJ \/ 84 kcal<br \/>\nGrassi 0,1 g di cui grassi saturi 0 g<br \/>\nCarbohidrati 8 g din care zahar 4.3 g<br \/>\nFibre 0 g<br \/>\nProteine 12 g<br \/>\nSare 22.4 g<strong><br \/>\nAmbalaj <\/strong>Sticla<br \/>\nProducator Nestle Consumentenservice Postbus 134 1180 AC Amstelveen<br \/>\nImportatore e distributore Total Blue Impex SRL<strong><br \/>\n<\/strong><\/p>","protected":false},"excerpt":{"rendered":"<p>Maggi Aroma no. 3 ( 250g\/202ml) Sosul original MAGGI AROMA \u2013 ajuta rapid si usor la prepararea, condimentarea \u0219i rafinarea multor feluri de mancare din carne si legume. Acest sos deosebit MAGGI AROMA wurze poate fi recunoscut nu numai prin eticheta galben-rosie, ci mai ales prin gustul sau inconfundabil ! Fiecare supa si tocana sunt [&#8230;]\n","protected":false},"featured_media":37329,"comment_status":"open","ping_status":"closed","template":"","meta":{"_acf_changed":false,"_seopress_robots_primary_cat":"none","_seopress_titles_title":"","_seopress_titles_desc":"","_seopress_robots_index":""},"product_brand":[1869],"product_cat":[1555,3380,21674,3280,17494,1950,1767],"giftcard-category":[],"class_list":{"0":"post-37326","1":"product","2":"type-product","3":"status-publish","4":"has-post-thumbnail","6":"product_brand-maggi","7":"product_cat-bacanie","8":"product_cat-condimente-sosuri-produse-germania","9":"product_cat-condimente-sosuri-influente-asiatice","10":"product_cat-condimente-sosuri","11":"product_cat-influente-asiatice","12":"product_cat-produse-germania","13":"product_cat-produse-olanda","15":"first","16":"outofstock","17":"taxable","18":"shipping-taxable","19":"purchasable","20":"product-type-simple"},"acf":[],"_links":{"self":[{"href":"https:\/\/totalblue.ro\/it\/wp-json\/wp\/v2\/product\/37326","targetHints":{"allow":["GET"]}}],"collection":[{"href":"https:\/\/totalblue.ro\/it\/wp-json\/wp\/v2\/product"}],"about":[{"href":"https:\/\/totalblue.ro\/it\/wp-json\/wp\/v2\/types\/product"}],"replies":[{"embeddable":true,"href":"https:\/\/totalblue.ro\/it\/wp-json\/wp\/v2\/comments?post=37326"}],"wp:featuredmedia":[{"embeddable":true,"href":"https:\/\/totalblue.ro\/it\/wp-json\/wp\/v2\/media\/37329"}],"wp:attachment":[{"href":"https:\/\/totalblue.ro\/it\/wp-json\/wp\/v2\/media?parent=37326"}],"wp:term":[{"taxonomy":"product_brand","embeddable":true,"href":"https:\/\/totalblue.ro\/it\/wp-json\/wp\/v2\/product_brand?post=37326"},{"taxonomy":"product_cat","embeddable":true,"href":"https:\/\/totalblue.ro\/it\/wp-json\/wp\/v2\/product_cat?post=37326"},{"taxonomy":"giftcard-category","embeddable":true,"href":"https:\/\/totalblue.ro\/it\/wp-json\/wp\/v2\/giftcard-category?post=37326"}],"curies":[{"name":"wp","href":"https:\/\/api.w.org\/{rel}","templated":true}]}}