{"id":37335,"date":"2021-11-10T10:26:44","date_gmt":"2021-11-10T08:26:44","guid":{"rendered":"https:\/\/totalblue.ro\/?post_type=product&#038;p=37335"},"modified":"2026-03-27T07:46:09","modified_gmt":"2026-03-27T05:46:09","slug":"maggi-aroma-no-5-1000g-810ml","status":"publish","type":"product","link":"https:\/\/totalblue.ro\/it\/produs\/maggi-aroma-no-5-1000g-810ml\/","title":{"rendered":"Maggi Aroma n.5 (1000g\/810ml)"},"content":{"rendered":"<p>Sosul original MAGGI AROMA \u2013 ajuta rapid si usor la prepararea, condimentarea \u0219i rafinarea multor feluri de mancare din carne si legume.<br \/>\nAcest sos deosebit MAGGI AROMA wurze poate fi recunoscut nu numai prin eticheta galben-rosie, ci mai ales prin gustul sau inconfundabil !<br \/>\nFiecare supa si tocana sunt completate \u00een mod ideal cu MAGGI AROMA !<br \/>\nCon questa salsa si possono preparare anche deliziosi condimenti per insalate. Si possono anche insaporire piatti asiatici.<strong><br \/>\nIngredinte: <\/strong><span class=\"Y2IQFc\" lang=\"ro\">Proteine \u200b\u200bvegetale hidrolizate (ap\u0103, proteine \u200b\u200bdin gr\u00e2u, sare), ap\u0103, arome (cu gr\u00e2u), poten\u021biatori de arom\u0103 (E621, E631), sare, zah\u0103r.<br \/>\n<\/span><strong>Istruzioni per l'uso:<\/strong> agita sticla inainte de consum<br \/>\n<strong>Nutrizione:<br \/>\n<\/strong>Valori nutrizionali per 100 g :<br \/>\nEnergie 445 kJ (105 kcal)<br \/>\nGrassi 0,2 g di cui saturi 0,0 g<br \/>\nGlucide 8.2 g din care zaharuri 6.3 g<br \/>\nProteine \u200b\u200b16.8 g<br \/>\nSare 25.5 g<strong><br \/>\nAmbalaj <\/strong>Sticla<br \/>\nProducator Nestle Consumentenservice Postbus 134 1180 AC Amstelveen<br \/>\nImportatore e distributore Total Blue Impex SRL<strong><br \/>\n<\/strong><\/p>","protected":false},"excerpt":{"rendered":"<p>Sosul original MAGGI AROMA \u2013 ajuta rapid si usor la prepararea, condimentarea \u0219i rafinarea multor feluri de mancare din carne si legume. Acest sos deosebit MAGGI AROMA wurze poate fi recunoscut nu numai prin eticheta galben-rosie, ci mai ales prin gustul sau inconfundabil ! Fiecare supa si tocana sunt completate \u00een mod ideal cu MAGGI [&#8230;]\n","protected":false},"featured_media":37327,"comment_status":"open","ping_status":"closed","template":"","meta":{"_acf_changed":false,"_seopress_robots_primary_cat":"none","_seopress_titles_title":"Maggi Aroma no.5 sos import Olanda Maggi sos wurze Bermania","_seopress_titles_desc":"Cauti sos Maggi Wurze?Acum il gasesti online si in varianta Maggi Aroma 3 Olanda. Sosul original MAGGI AROMA ajuta la condimentarea mancarii.","_seopress_robots_index":""},"product_brand":[1869],"product_cat":[1555,21674,3280,3380,17494,1950,1767],"giftcard-category":[],"class_list":{"0":"post-37335","1":"product","2":"type-product","3":"status-publish","4":"has-post-thumbnail","6":"product_brand-maggi","7":"product_cat-bacanie","8":"product_cat-condimente-sosuri-influente-asiatice","9":"product_cat-condimente-sosuri","10":"product_cat-condimente-sosuri-produse-germania","11":"product_cat-influente-asiatice","12":"product_cat-produse-germania","13":"product_cat-produse-olanda","15":"first","16":"outofstock","17":"taxable","18":"shipping-taxable","19":"purchasable","20":"product-type-simple"},"acf":[],"_links":{"self":[{"href":"https:\/\/totalblue.ro\/it\/wp-json\/wp\/v2\/product\/37335","targetHints":{"allow":["GET"]}}],"collection":[{"href":"https:\/\/totalblue.ro\/it\/wp-json\/wp\/v2\/product"}],"about":[{"href":"https:\/\/totalblue.ro\/it\/wp-json\/wp\/v2\/types\/product"}],"replies":[{"embeddable":true,"href":"https:\/\/totalblue.ro\/it\/wp-json\/wp\/v2\/comments?post=37335"}],"wp:featuredmedia":[{"embeddable":true,"href":"https:\/\/totalblue.ro\/it\/wp-json\/wp\/v2\/media\/37327"}],"wp:attachment":[{"href":"https:\/\/totalblue.ro\/it\/wp-json\/wp\/v2\/media?parent=37335"}],"wp:term":[{"taxonomy":"product_brand","embeddable":true,"href":"https:\/\/totalblue.ro\/it\/wp-json\/wp\/v2\/product_brand?post=37335"},{"taxonomy":"product_cat","embeddable":true,"href":"https:\/\/totalblue.ro\/it\/wp-json\/wp\/v2\/product_cat?post=37335"},{"taxonomy":"giftcard-category","embeddable":true,"href":"https:\/\/totalblue.ro\/it\/wp-json\/wp\/v2\/giftcard-category?post=37335"}],"curies":[{"name":"wp","href":"https:\/\/api.w.org\/{rel}","templated":true}]}}