{"id":37486,"date":"2021-11-11T15:11:00","date_gmt":"2021-11-11T13:11:00","guid":{"rendered":"https:\/\/totalblue.ro\/?post_type=product&#038;p=37486"},"modified":"2026-01-13T16:38:37","modified_gmt":"2026-01-13T14:38:37","slug":"clipper-te-verde-biologico-infuso-al-limone-20-pezzi","status":"publish","type":"product","link":"https:\/\/totalblue.ro\/it\/produs\/clipper-ceai-verde-organic-infuzie-de-lamaie-20-bucati\/","title":{"rendered":"Clipper T\u00e8 verde biologico infuso al limone 20 pezzi"},"content":{"rendered":"<p>Origine: miscelato e confezionato nel Regno Unito. Il t\u00e8 verde e la scorza di limone non provengono dal Regno Unito. L'aroma di limone proviene dal Regno Unito.<br \/>\nT\u00e8 biologico<br \/>\n1 confezione di Clipper Infuso di t\u00e8 verde biologico al limone contiene 20 bustine x 1,85 g = 37 g<br \/>\nPreparazione: versare acqua bollente (100\u00b0C) in una tazza. Lasciare la bustina di t\u00e8 per 2-4 minuti nella tazza.<br \/>\nNota: la tazza pu\u00f2 essere calda! Il t\u00e8 pu\u00f2 essere caldo!<br \/>\nConservare in un luogo asciutto e buio a temperatura ambiente.<br \/>\nIngredienti: t\u00e8 verde*, aroma naturale* (5%), scorza di limone* (1%) *Ingrediente di origine biologica. T\u00e8 verde: commercializzato secondo le condizioni del commercio equo e solidale. Totale 94%<br \/>\n<a href=\"https:\/\/totalblue.ro\/wp-content\/uploads\/2021\/02\/bio02.jpg\"><img loading=\"lazy\" decoding=\"async\" class=\"alignnone size-full wp-image-27483\" src=\"https:\/\/totalblue.ro\/wp-content\/uploads\/2021\/02\/bio02.jpg\" alt=\"\" width=\"80\" height=\"80\" \/><\/a><br \/>\nImportazione Paesi Bassi: Wessanen Nederland Holding BV, Hoogoorddreef 5, 1101 BA, Amsterdam, Paesi Bassi.<\/p>","protected":false},"excerpt":{"rendered":"<p>Origine: amestecat si ambalat in Marea Britanie. Ceaiul verde si coaja de lamaie nu sunt din Marea Britanie. Aroma de lamai este din Marea Britanie. Ceai Organic 1 pachet Clipper Ceai verde organic infuzie de lamaie contine 20 pliculete x 1,85g = 37 g Mod de pregatire: Se toarna apa clocotita (100 \u00b0 C) intr-o [&#8230;]\n","protected":false},"featured_media":37488,"comment_status":"open","ping_status":"closed","template":"","meta":{"_acf_changed":false,"_seopress_robots_primary_cat":"none","_seopress_titles_title":"","_seopress_titles_desc":"","_seopress_robots_index":""},"product_brand":[4320],"product_cat":[1555,1506,3320,1767],"giftcard-category":[],"class_list":{"0":"post-37486","1":"product","2":"type-product","3":"status-publish","4":"has-post-thumbnail","6":"product_brand-clipper","7":"product_cat-bacanie","8":"product_cat-cafea-ceai-mic-dejun","9":"product_cat-cafea-ceai-lapte","10":"product_cat-produse-olanda","12":"first","13":"instock","14":"taxable","15":"shipping-taxable","16":"purchasable","17":"product-type-simple"},"acf":[],"_links":{"self":[{"href":"https:\/\/totalblue.ro\/it\/wp-json\/wp\/v2\/product\/37486","targetHints":{"allow":["GET"]}}],"collection":[{"href":"https:\/\/totalblue.ro\/it\/wp-json\/wp\/v2\/product"}],"about":[{"href":"https:\/\/totalblue.ro\/it\/wp-json\/wp\/v2\/types\/product"}],"replies":[{"embeddable":true,"href":"https:\/\/totalblue.ro\/it\/wp-json\/wp\/v2\/comments?post=37486"}],"wp:featuredmedia":[{"embeddable":true,"href":"https:\/\/totalblue.ro\/it\/wp-json\/wp\/v2\/media\/37488"}],"wp:attachment":[{"href":"https:\/\/totalblue.ro\/it\/wp-json\/wp\/v2\/media?parent=37486"}],"wp:term":[{"taxonomy":"product_brand","embeddable":true,"href":"https:\/\/totalblue.ro\/it\/wp-json\/wp\/v2\/product_brand?post=37486"},{"taxonomy":"product_cat","embeddable":true,"href":"https:\/\/totalblue.ro\/it\/wp-json\/wp\/v2\/product_cat?post=37486"},{"taxonomy":"giftcard-category","embeddable":true,"href":"https:\/\/totalblue.ro\/it\/wp-json\/wp\/v2\/giftcard-category?post=37486"}],"curies":[{"name":"wp","href":"https:\/\/api.w.org\/{rel}","templated":true}]}}