{"id":37490,"date":"2021-11-11T15:21:47","date_gmt":"2021-11-11T13:21:47","guid":{"rendered":"https:\/\/totalblue.ro\/?post_type=product&#038;p=37490"},"modified":"2025-08-04T11:26:37","modified_gmt":"2025-08-04T08:26:37","slug":"clipper-ceai-verde-organic-infuzie-20-pliculete-35-g","status":"publish","type":"product","link":"https:\/\/totalblue.ro\/it\/produs\/clipper-ceai-verde-organic-infuzie-20-pliculete-35-g\/","title":{"rendered":"Clipper Infuso di t\u00e8 verde biologico 20 bustine, 35 g"},"content":{"rendered":"<p>Ingrediente: ceai verde organic.<br \/>\nT\u00e8 biologico<br \/>\nPreparazione: versare acqua bollente (100\u00b0C) in una tazza. Lasciare la bustina di t\u00e8 per 2-4 minuti nella tazza.<br \/>\nNota: la tazza pu\u00f2 essere calda! Il t\u00e8 pu\u00f2 essere caldo!<br \/>\nConservare in un luogo asciutto e buio a temperatura ambiente.<br \/>\n1 pachet Clipper Ceai verde organic infuzie 20 pliculete x 1,75g = 35 g<br \/>\n<a href=\"https:\/\/totalblue.ro\/wp-content\/uploads\/2021\/02\/bio02.jpg\"><img loading=\"lazy\" decoding=\"async\" class=\"alignnone size-full wp-image-27483\" src=\"https:\/\/totalblue.ro\/wp-content\/uploads\/2021\/02\/bio02.jpg\" alt=\"\" width=\"80\" height=\"80\" \/><\/a><br \/>\nImportazione Paesi Bassi: Wessanen Nederland Holding BV, Hoogoorddreef 5, 1101 BA, Amsterdam, Paesi Bassi.<\/p>","protected":false},"excerpt":{"rendered":"<p>Ingrediente: ceai verde organic. Ceai Organic Mod de pregatire: Se toarna apa clocotita (100 \u00b0 C) intr-o ceasca. Lasati pliculetul de ceai timp de 2 minute pana la 4 minute in ceasca. Nota: ceasca poate fi fierbinte ! Ceaiul poate fi fierbinte ! Mod de depozitare: A se pastra la loc uscat, intunecat la temperatura [&#8230;]\n","protected":false},"featured_media":37492,"comment_status":"open","ping_status":"closed","template":"","meta":{"_acf_changed":false,"_seopress_robots_primary_cat":"none","_seopress_titles_title":"","_seopress_titles_desc":"","_seopress_robots_index":""},"product_brand":[4320],"product_cat":[1555,1506,3320,1767],"giftcard-category":[],"class_list":{"0":"post-37490","1":"product","2":"type-product","3":"status-publish","4":"has-post-thumbnail","6":"product_brand-clipper","7":"product_cat-bacanie","8":"product_cat-cafea-ceai-mic-dejun","9":"product_cat-cafea-ceai-lapte","10":"product_cat-produse-olanda","12":"first","13":"instock","14":"taxable","15":"shipping-taxable","16":"purchasable","17":"product-type-simple"},"acf":[],"_links":{"self":[{"href":"https:\/\/totalblue.ro\/it\/wp-json\/wp\/v2\/product\/37490","targetHints":{"allow":["GET"]}}],"collection":[{"href":"https:\/\/totalblue.ro\/it\/wp-json\/wp\/v2\/product"}],"about":[{"href":"https:\/\/totalblue.ro\/it\/wp-json\/wp\/v2\/types\/product"}],"replies":[{"embeddable":true,"href":"https:\/\/totalblue.ro\/it\/wp-json\/wp\/v2\/comments?post=37490"}],"wp:featuredmedia":[{"embeddable":true,"href":"https:\/\/totalblue.ro\/it\/wp-json\/wp\/v2\/media\/37492"}],"wp:attachment":[{"href":"https:\/\/totalblue.ro\/it\/wp-json\/wp\/v2\/media?parent=37490"}],"wp:term":[{"taxonomy":"product_brand","embeddable":true,"href":"https:\/\/totalblue.ro\/it\/wp-json\/wp\/v2\/product_brand?post=37490"},{"taxonomy":"product_cat","embeddable":true,"href":"https:\/\/totalblue.ro\/it\/wp-json\/wp\/v2\/product_cat?post=37490"},{"taxonomy":"giftcard-category","embeddable":true,"href":"https:\/\/totalblue.ro\/it\/wp-json\/wp\/v2\/giftcard-category?post=37490"}],"curies":[{"name":"wp","href":"https:\/\/api.w.org\/{rel}","templated":true}]}}