{"id":38687,"date":"2021-11-19T16:22:48","date_gmt":"2021-11-19T14:22:48","guid":{"rendered":"https:\/\/totalblue.ro\/?post_type=product&#038;p=38687"},"modified":"2026-03-14T19:45:31","modified_gmt":"2026-03-14T17:45:31","slug":"salsa-allaglio-remia-250-ml","status":"publish","type":"product","link":"https:\/\/totalblue.ro\/it\/produs\/remia-sos-de-usturoi-250-ml\/","title":{"rendered":"Salsa all'aglio Remia 250 ml"},"content":{"rendered":"<p>La salsa all'aglio di Remia \u00e8 una salsa cremosa con aglio fresco tritato.<br \/>\nDelizioso con pollo, carne alla griglia o su un panino shoarma<br \/>\nConfezionato in un pratico tubo con tappo dosatore.<br \/>\nSenza glutine.<br \/>\nSalse da tavola Remia: pi\u00f9 buone, pi\u00f9 gustose, pi\u00f9 convenienti.<br \/>\n<strong>Ingrediente:<\/strong> acqua, olio di colza, yogurt scremato, zucchero, aceto, cipolla 2,9%, tuorlo d'uovo, senape (acqua, semi di senape, aceto, spezie), sale e sale marino, amido di mais, amido di mais modificato, aglio fresco tritato 1,4%, erbe, acidi alimentari: acido lattico e acido citrico, estratto di cipolla, aroma naturale, addensante: gomma di guar, conservante: sorbato di potassio, prezzemolo, spezie, antiossidante: E385.<br \/>\n<strong>Allergeni:<\/strong> uova, latte, senape<br \/>\n<strong>Valori nutrizionali:<\/strong><br \/>\nEnergia 1361 kJ (329 kcal)<br \/>\nGrassi 31 g di cui grassi saturi 2,2 g<br \/>\nCarboidrati 12 g di cui zuccheri 8,4 g<br \/>\nProteine 0,2 g<br \/>\nSale 1,5 g<br \/>\nConservazione: conservare al fresco dopo l'apertura.<\/p>\n<div id=\"tab-description\" class=\"woocommerce-Tabs-panel woocommerce-Tabs-panel--description panel entry-content active\" role=\"tabpanel\" aria-labelledby=\"tab-title-description\">\n<p>Remia Consumenten Service, Antwoordnummer 32, 3720 ZC Den Dolder, Paesi Bassi<br \/>\nImportatore e distributore Total Blue Impex SRL<\/p>\n<\/div>","protected":false},"excerpt":{"rendered":"<p>Sosul de usturoi Remia este un sos cremos cu usturoi proaspat tocat. Delicios cu pui, carne la gratar sau pe un sandvici shoarma Ambalat intr-un tub la indemana cu capac de dozare. Nu contine gluten. Sosurile de masa Remia: mai bune, mai gustoase, mai comode. Ingrediente: apa, ulei de rapita, iaurt degresat, zahar, otet, ceapa [&#8230;]\n","protected":false},"featured_media":217121,"comment_status":"open","ping_status":"closed","template":"","meta":{"_acf_changed":false,"_seopress_robots_primary_cat":"none","_seopress_titles_title":"","_seopress_titles_desc":"","_seopress_robots_index":""},"product_brand":[2045],"product_cat":[1555,3280,1767],"giftcard-category":[],"class_list":{"0":"post-38687","1":"product","2":"type-product","3":"status-publish","4":"has-post-thumbnail","6":"product_brand-remia","7":"product_cat-bacanie","8":"product_cat-condimente-sosuri","9":"product_cat-produse-olanda","11":"first","12":"instock","13":"taxable","14":"shipping-taxable","15":"purchasable","16":"product-type-simple"},"acf":[],"_links":{"self":[{"href":"https:\/\/totalblue.ro\/it\/wp-json\/wp\/v2\/product\/38687","targetHints":{"allow":["GET"]}}],"collection":[{"href":"https:\/\/totalblue.ro\/it\/wp-json\/wp\/v2\/product"}],"about":[{"href":"https:\/\/totalblue.ro\/it\/wp-json\/wp\/v2\/types\/product"}],"replies":[{"embeddable":true,"href":"https:\/\/totalblue.ro\/it\/wp-json\/wp\/v2\/comments?post=38687"}],"wp:featuredmedia":[{"embeddable":true,"href":"https:\/\/totalblue.ro\/it\/wp-json\/wp\/v2\/media\/217121"}],"wp:attachment":[{"href":"https:\/\/totalblue.ro\/it\/wp-json\/wp\/v2\/media?parent=38687"}],"wp:term":[{"taxonomy":"product_brand","embeddable":true,"href":"https:\/\/totalblue.ro\/it\/wp-json\/wp\/v2\/product_brand?post=38687"},{"taxonomy":"product_cat","embeddable":true,"href":"https:\/\/totalblue.ro\/it\/wp-json\/wp\/v2\/product_cat?post=38687"},{"taxonomy":"giftcard-category","embeddable":true,"href":"https:\/\/totalblue.ro\/it\/wp-json\/wp\/v2\/giftcard-category?post=38687"}],"curies":[{"name":"wp","href":"https:\/\/api.w.org\/{rel}","templated":true}]}}