{"id":38698,"date":"2021-11-19T16:40:15","date_gmt":"2021-11-19T14:40:15","guid":{"rendered":"https:\/\/totalblue.ro\/?post_type=product&#038;p=38698"},"modified":"2026-02-15T12:24:11","modified_gmt":"2026-02-15T10:24:11","slug":"pickwick-winter-glow-ceai-picant-cu-coaja-de-portocala-20-pliculete-copiaza","status":"publish","type":"product","link":"https:\/\/totalblue.ro\/it\/produs\/pickwick-winter-glow-ceai-picant-cu-coaja-de-portocala-20-pliculete-copiaza\/","title":{"rendered":"Pickwick Slaap Lekker T\u00e8 del sonno con valeriana, camomilla e lavanda 20 bustine"},"content":{"rendered":"<p>Acest amestec de plante de valeriana, musetel si lavanda sustine un somn bun. Valeriana este o planta care ajuta la un somn bun.<br \/>\nTipul ceaiului: ceai de plante.<br \/>\nAmestec linistitor de valeriana, musetel si lavanda decofeinizat.<br \/>\n1 pachet Pickwick Slaap Lekker cu valeriana, musetel si lavanda contine 20 pliculete x 2 g = 40 g<br \/>\n<strong>Ingrediente:<\/strong> musetel (60%), radacina de valeriana (25%), frunze de mure, lavanda (5%)<br \/>\n<strong>Come prepararsi:<\/strong>Se toarna apa clocotita (100 \u00b0 C) intr-o ceasca. Lasati pliculetul de ceai timp de 2 pana la 3 minute in ceasca.<br \/>\nNota: ceasca poate fi fierbinte! Ceaiul poate fi fierbinte !<br \/>\n<strong>Mod de depozitare:<\/strong> A se pastra la loc uscat, intunecat la temperatura camerei.<br \/>\n<strong>Valori nutrizionali:<\/strong><br \/>\nEnergia 0 kJ (0 kcal)<br \/>\nGrassi 0 g di cui grassi saturi 0 g<br \/>\nCarboidrati 0 g di cui zuccheri 0 g<br \/>\nProteine 0 g<br \/>\nSale 0 g<br \/>\nMod de pregatire: Se toarna apa clocotita (100 \u00b0 C) intr-o ceasca. Lasati pliculetul de ceai timp de 2 pana la 3 minute in ceasca.<br \/>\nNota: la tazza pu\u00f2 essere calda! Il t\u00e8 pu\u00f2 essere caldo!<br \/>\nConservare in un luogo asciutto e buio a temperatura ambiente.<br \/>\nProdotto da JACOBS DOUWE EGBERTS , Oosterdoksstraat 80, 1011DK Amsterdam, Paesi Bassi\/Holandsko<br \/>\nImportatore e distributore Total Blue Impex SRL<br \/>\n<a href=\"https:\/\/totalblue.ro\/wp-content\/uploads\/2021\/08\/Groene-Punt.jpg\"><img loading=\"lazy\" decoding=\"async\" class=\"alignnone wp-image-32627\" src=\"https:\/\/totalblue.ro\/wp-content\/uploads\/2021\/08\/Groene-Punt.jpg\" alt=\"\" width=\"71\" height=\"71\" srcset=\"https:\/\/totalblue.ro\/wp-content\/uploads\/2021\/08\/Groene-Punt.jpg 300w, https:\/\/totalblue.ro\/wp-content\/uploads\/2021\/08\/Groene-Punt-100x100.jpg 100w, https:\/\/totalblue.ro\/wp-content\/uploads\/2021\/08\/Groene-Punt-280x280.jpg 280w\" sizes=\"auto, (max-width: 71px) 100vw, 71px\" \/><\/a><\/p>","protected":false},"excerpt":{"rendered":"<p>Acest amestec de plante de valeriana, musetel si lavanda sustine un somn bun. Valeriana este o planta care ajuta la un somn bun. Tipul ceaiului: ceai de plante. Amestec linistitor de valeriana, musetel si lavanda decofeinizat. 1 pachet Pickwick Slaap Lekker cu valeriana, musetel si lavanda contine 20 pliculete x 2 g = 40 g [&#8230;]\n","protected":false},"featured_media":38700,"comment_status":"open","ping_status":"closed","template":"","meta":{"_acf_changed":false,"_seopress_robots_primary_cat":"none","_seopress_titles_title":"","_seopress_titles_desc":"","_seopress_robots_index":""},"product_brand":[2080],"product_cat":[1555,1506,3320,1767],"giftcard-category":[],"class_list":{"0":"post-38698","1":"product","2":"type-product","3":"status-publish","4":"has-post-thumbnail","6":"product_brand-pickwick","7":"product_cat-bacanie","8":"product_cat-cafea-ceai-mic-dejun","9":"product_cat-cafea-ceai-lapte","10":"product_cat-produse-olanda","12":"first","13":"outofstock","14":"taxable","15":"shipping-taxable","16":"purchasable","17":"product-type-simple"},"acf":[],"_links":{"self":[{"href":"https:\/\/totalblue.ro\/it\/wp-json\/wp\/v2\/product\/38698","targetHints":{"allow":["GET"]}}],"collection":[{"href":"https:\/\/totalblue.ro\/it\/wp-json\/wp\/v2\/product"}],"about":[{"href":"https:\/\/totalblue.ro\/it\/wp-json\/wp\/v2\/types\/product"}],"replies":[{"embeddable":true,"href":"https:\/\/totalblue.ro\/it\/wp-json\/wp\/v2\/comments?post=38698"}],"wp:featuredmedia":[{"embeddable":true,"href":"https:\/\/totalblue.ro\/it\/wp-json\/wp\/v2\/media\/38700"}],"wp:attachment":[{"href":"https:\/\/totalblue.ro\/it\/wp-json\/wp\/v2\/media?parent=38698"}],"wp:term":[{"taxonomy":"product_brand","embeddable":true,"href":"https:\/\/totalblue.ro\/it\/wp-json\/wp\/v2\/product_brand?post=38698"},{"taxonomy":"product_cat","embeddable":true,"href":"https:\/\/totalblue.ro\/it\/wp-json\/wp\/v2\/product_cat?post=38698"},{"taxonomy":"giftcard-category","embeddable":true,"href":"https:\/\/totalblue.ro\/it\/wp-json\/wp\/v2\/giftcard-category?post=38698"}],"curies":[{"name":"wp","href":"https:\/\/api.w.org\/{rel}","templated":true}]}}