{"id":38991,"date":"2021-11-23T09:16:12","date_gmt":"2021-11-23T07:16:12","guid":{"rendered":"https:\/\/totalblue.ro\/?post_type=product&#038;p=38991"},"modified":"2025-08-06T11:31:41","modified_gmt":"2025-08-06T08:31:41","slug":"masline-verzi-manzanilla-picante-cu-crema-de-jalapeno-200g","status":"publish","type":"product","link":"https:\/\/totalblue.ro\/it\/produs\/masline-verzi-manzanilla-picante-cu-crema-de-jalapeno-200g\/","title":{"rendered":"Kattus Olive verdi Manzanilla piccanti con crema di jalapeno 200g"},"content":{"rendered":"<p>Maslinele Manzanilla sunt o varietate clasica de m\u0103sline. Coapte \u00een mod natural la soare \u00een livezile de maslini din Spania, sunt samburiate dupa recoltare atenta. Rafinate, umplute cu o crema clasica de jalape\u00f1o si marinate intr-o saramura picanta, maslinele de masa verzi, tarte, aromate de prima calitate au un gust minunat ca antipasti, tapas sau gustare.<\/p>\n<p>Ingrediente: Apa, masline, crema jalapeno (4%) (ardei jalapeno, apa, stabilizator: alginat de sodiu), sare de masa, acidulanti: acid lactic, acid citric; Antioxidant: acid ascorbic<br \/>\nAmbalaj: conserva metalica cu cheita<br \/>\nValori nutrizionali \/ 100 g:<br \/>\nEnergie 696 kJ\/169 kcal<br \/>\nGr\u0103simi 18 g din care acizi gra\u0219i satura\u021bi 3 g<br \/>\nCarboidrati 0 g di cui zuccheri 0 g<br \/>\nProteine \u200b\u200b0.8 g<br \/>\nSare 3.5 g<\/p>","protected":false},"excerpt":{"rendered":"<p>Maslinele Manzanilla sunt o varietate clasica de m\u0103sline. Coapte \u00een mod natural la soare \u00een livezile de maslini din Spania, sunt samburiate dupa recoltare atenta. Rafinate, umplute cu o crema clasica de jalape\u00f1o si marinate intr-o saramura picanta, maslinele de masa verzi, tarte, aromate de prima calitate au un gust minunat ca antipasti, tapas sau [&#8230;]\n","protected":false},"featured_media":38993,"comment_status":"open","ping_status":"closed","template":"","meta":{"_acf_changed":false,"_seopress_robots_primary_cat":"none","_seopress_titles_title":"","_seopress_titles_desc":"","_seopress_robots_index":""},"product_brand":[],"product_cat":[1555,1683,3272,3372,1950,1767],"giftcard-category":[],"class_list":{"0":"post-38991","1":"product","2":"type-product","3":"status-publish","4":"has-post-thumbnail","6":"product_cat-bacanie","7":"product_cat-conserve-mancare-gatita","8":"product_cat-conserve","9":"product_cat-conserve-produse-germania","10":"product_cat-produse-germania","11":"product_cat-produse-olanda","13":"first","14":"outofstock","15":"taxable","16":"shipping-taxable","17":"purchasable","18":"product-type-simple"},"acf":[],"_links":{"self":[{"href":"https:\/\/totalblue.ro\/it\/wp-json\/wp\/v2\/product\/38991","targetHints":{"allow":["GET"]}}],"collection":[{"href":"https:\/\/totalblue.ro\/it\/wp-json\/wp\/v2\/product"}],"about":[{"href":"https:\/\/totalblue.ro\/it\/wp-json\/wp\/v2\/types\/product"}],"replies":[{"embeddable":true,"href":"https:\/\/totalblue.ro\/it\/wp-json\/wp\/v2\/comments?post=38991"}],"wp:featuredmedia":[{"embeddable":true,"href":"https:\/\/totalblue.ro\/it\/wp-json\/wp\/v2\/media\/38993"}],"wp:attachment":[{"href":"https:\/\/totalblue.ro\/it\/wp-json\/wp\/v2\/media?parent=38991"}],"wp:term":[{"taxonomy":"product_brand","embeddable":true,"href":"https:\/\/totalblue.ro\/it\/wp-json\/wp\/v2\/product_brand?post=38991"},{"taxonomy":"product_cat","embeddable":true,"href":"https:\/\/totalblue.ro\/it\/wp-json\/wp\/v2\/product_cat?post=38991"},{"taxonomy":"giftcard-category","embeddable":true,"href":"https:\/\/totalblue.ro\/it\/wp-json\/wp\/v2\/giftcard-category?post=38991"}],"curies":[{"name":"wp","href":"https:\/\/api.w.org\/{rel}","templated":true}]}}