{"id":40919,"date":"2021-12-16T15:21:13","date_gmt":"2021-12-16T13:21:13","guid":{"rendered":"https:\/\/totalblue.ro\/?post_type=product&#038;p=40919"},"modified":"2025-06-20T09:58:09","modified_gmt":"2025-06-20T06:58:09","slug":"gwoon-biscuiti-cafe-noir-200g","status":"publish","type":"product","link":"https:\/\/totalblue.ro\/it\/produs\/gwoon-biscuiti-cafe-noir-200g\/","title":{"rendered":"Biscotti al caff\u00e8 nero Gwoon 260g"},"content":{"rendered":"<p>Ingrediente: F\u0103in\u0103 de grau, zahar, ulei vegetal (palmier, rapita), sirop de glucoza, aroma, agent de fermentare: E503\/E500, sare, lapte praf integral, dextrina, cafea solubil\u0103 0,22%, gelatina de bovina, colorant: caramel, E = excipien\u021bi aprobati UE .<br \/>\nAllergeni<br \/>\nContine: lapte, grau poate contine: oua, nuci, arahide, susan, soia.<\/p>\n<p>Valori nutrizionali per 100 g :<br \/>\nEnergie 1763 kJ \/ 417 kcal<br \/>\nGrasimi 3.9 g din care acizi grasi saturati 2.9 g<br \/>\nCarbohidrati 80.7 g din care zaharuri 45.5 g<br \/>\nProteine 5.5 g<br \/>\nSare 0.75 g<\/p>\n<p>Fabricat in Olanda de G&#8217;woon , Antwoordnummer 3500, 4140 VH BEESD,<br \/>\nImportatore e distributore Total Blue Impex SRL<\/p>","protected":false},"excerpt":{"rendered":"<p>Ingrediente: F\u0103in\u0103 de grau, zahar, ulei vegetal (palmier, rapita), sirop de glucoza, aroma, agent de fermentare: E503\/E500, sare, lapte praf integral, dextrina, cafea solubil\u0103 0,22%, gelatina de bovina, colorant: caramel, E = excipien\u021bi aprobati UE . Alergeni Contine: lapte, grau poate contine: oua, nuci, arahide, susan, soia. Valori nutritionale la 100 g : Energie 1763 [&#8230;]\n","protected":false},"featured_media":40922,"comment_status":"open","ping_status":"closed","template":"","meta":{"_acf_changed":false,"_seopress_robots_primary_cat":"none","_seopress_titles_title":"","_seopress_titles_desc":"","_seopress_robots_index":""},"product_brand":[1971],"product_cat":[1555,3338,1767],"giftcard-category":[],"class_list":{"0":"post-40919","1":"product","2":"type-product","3":"status-publish","4":"has-post-thumbnail","6":"product_brand-gwoon","7":"product_cat-bacanie","8":"product_cat-dulciuri-snacksuri","9":"product_cat-produse-olanda","11":"first","12":"outofstock","13":"taxable","14":"shipping-taxable","15":"purchasable","16":"product-type-simple"},"acf":[],"_links":{"self":[{"href":"https:\/\/totalblue.ro\/it\/wp-json\/wp\/v2\/product\/40919","targetHints":{"allow":["GET"]}}],"collection":[{"href":"https:\/\/totalblue.ro\/it\/wp-json\/wp\/v2\/product"}],"about":[{"href":"https:\/\/totalblue.ro\/it\/wp-json\/wp\/v2\/types\/product"}],"replies":[{"embeddable":true,"href":"https:\/\/totalblue.ro\/it\/wp-json\/wp\/v2\/comments?post=40919"}],"wp:featuredmedia":[{"embeddable":true,"href":"https:\/\/totalblue.ro\/it\/wp-json\/wp\/v2\/media\/40922"}],"wp:attachment":[{"href":"https:\/\/totalblue.ro\/it\/wp-json\/wp\/v2\/media?parent=40919"}],"wp:term":[{"taxonomy":"product_brand","embeddable":true,"href":"https:\/\/totalblue.ro\/it\/wp-json\/wp\/v2\/product_brand?post=40919"},{"taxonomy":"product_cat","embeddable":true,"href":"https:\/\/totalblue.ro\/it\/wp-json\/wp\/v2\/product_cat?post=40919"},{"taxonomy":"giftcard-category","embeddable":true,"href":"https:\/\/totalblue.ro\/it\/wp-json\/wp\/v2\/giftcard-category?post=40919"}],"curies":[{"name":"wp","href":"https:\/\/api.w.org\/{rel}","templated":true}]}}