{"id":44022,"date":"2022-02-02T15:07:45","date_gmt":"2022-02-02T13:07:45","guid":{"rendered":"https:\/\/totalblue.ro\/?post_type=product&#038;p=44022"},"modified":"2025-08-01T10:30:11","modified_gmt":"2025-08-01T07:30:11","slug":"olvarit-mancare-pentru-bebelusi-vitel-morcovi-si-cartofi-15-luni-250g","status":"publish","type":"product","link":"https:\/\/totalblue.ro\/it\/produs\/olvarit-mancare-pentru-bebelusi-vitel-morcovi-si-cartofi-15-luni-250g\/","title":{"rendered":"Olvarit Alimento per bambini Vitello, Carote e Patate 15+ mesi, 250g"},"content":{"rendered":"<p id=\"tw-target-text\" class=\"tw-data-text tw-text-large tw-ta\" dir=\"ltr\" data-placeholder=\"Traducere\">Olvarit Vitel, Morcovi si Cartofi este o gustare pentru bebelusi cu ingrediente pure si naturale pentru bebelusii cu varsta peste 15 luni.<br \/>\nGli alimenti per bambini hanno un sapore e una consistenza riconoscibili che contribuiscono allo sviluppo del gusto.<br \/>\nUn delizioso snack per bambini con ingredienti puri e naturali.<br \/>\nContenuto e peso: 250 grammi.<br \/>\n<strong>Ingrediente: <\/strong><span class=\"Y2IQFc\" lang=\"ro\">31,9% legume (28,5% morcov, 2% maz\u0103re, 1,4% praz), ap\u0103, 14% cartofi, 8% vi\u021bel, 7,2% LAPTE praf integral, 3,7% amidon de porumb, 2% \u021belin\u0103, ulei de rapi\u021b\u0103, p\u0103trunjel.f\u0103r\u0103 gluten.<br \/>\n<\/span>Fara Gluten.<br \/>\n<strong>Allergeni:<\/strong> Telina, lapte.<br \/>\nConfezionato in un barattolo di vetro con coperchio a scatto.<br \/>\n<strong>Prima di aprire, premere sul coperchio. Se non scatta, non utilizzare il contenuto!<\/strong><br \/>\n<strong>Preparazione<\/strong>Mescolare il contenuto e mettere la quantit\u00e0 desiderata su un piatto. Per questa operazione utilizzare un cucchiaio di plastica.<br \/>\nConservare il contenuto rimanente sigillato in frigorifero e utilizzarlo entro 24 ore.<br \/>\nRiscaldare nel microonde per circa 30 secondi a 600W.<br \/>\nDopo il riscaldamento, mescolare di nuovo bene e controllare la temperatura.<br \/>\nNon riutilizzare gli avanzi.<br \/>\n<strong>Valori nutrizionali\/100g:<br \/>\n<\/strong>Energia 277 kJ (66 kcal)<br \/>\nGrasimi 2.3 g din care grasimi saturate 0,3 g<br \/>\nGlucide 8.1 g din care zaharuri 2 g<br \/>\nFibre alimentare 1.5 g<br \/>\nProteine \u200b\u200b2.5 g<br \/>\nSare 0,075 g<br \/>\nProdotto nei Paesi Bassi da Nutricia, Antwoordnummer 10061 2700 VB Zoetermeer<br \/>\nImportatore e distributore Total Blue Impex SRL<br \/>\n<a href=\"https:\/\/totalblue.ro\/wp-content\/uploads\/2021\/03\/bcorporation.jpg\"><img loading=\"lazy\" decoding=\"async\" class=\"alignnone wp-image-43908\" src=\"https:\/\/totalblue.ro\/wp-content\/uploads\/2021\/03\/bcorporation-269x400.jpg\" alt=\"\" width=\"59\" height=\"88\" srcset=\"https:\/\/totalblue.ro\/wp-content\/uploads\/2021\/03\/bcorporation-269x400.jpg 269w, https:\/\/totalblue.ro\/wp-content\/uploads\/2021\/03\/bcorporation-100x149.jpg 100w, https:\/\/totalblue.ro\/wp-content\/uploads\/2021\/03\/bcorporation.jpg 320w\" sizes=\"auto, (max-width: 59px) 100vw, 59px\" \/><\/a><\/p>","protected":false},"excerpt":{"rendered":"<p>Olvarit Vitel, Morcovi si Cartofi este o gustare pentru bebelusi cu ingrediente pure si naturale pentru bebelusii cu varsta peste 15 luni. Mancarea pentru copii are un gust si o textura recunoscute care contribuie la dezvoltarea gustului. O gustare delicioasa pentru bebelusi cu ingrediente pure si naturale. Con\u021binut si greutate: 250 grame. Ingrediente: 31,9% legume [&#8230;]\n","protected":false},"featured_media":44033,"comment_status":"open","ping_status":"closed","template":"","meta":{"_acf_changed":false,"_seopress_robots_primary_cat":"1767","_seopress_titles_title":"","_seopress_titles_desc":"","_seopress_robots_index":""},"product_brand":[6175],"product_cat":[1984,1520,5677,1767],"giftcard-category":[],"class_list":{"0":"post-44022","1":"product","2":"type-product","3":"status-publish","4":"has-post-thumbnail","6":"product_brand-olvarit","7":"product_cat-hrana-bebelusi","8":"product_cat-mama-copilul","9":"product_cat-mancare-si-accesorii-bebe","10":"product_cat-produse-olanda","12":"first","13":"outofstock","14":"taxable","15":"shipping-taxable","16":"purchasable","17":"product-type-simple"},"acf":[],"_links":{"self":[{"href":"https:\/\/totalblue.ro\/it\/wp-json\/wp\/v2\/product\/44022","targetHints":{"allow":["GET"]}}],"collection":[{"href":"https:\/\/totalblue.ro\/it\/wp-json\/wp\/v2\/product"}],"about":[{"href":"https:\/\/totalblue.ro\/it\/wp-json\/wp\/v2\/types\/product"}],"replies":[{"embeddable":true,"href":"https:\/\/totalblue.ro\/it\/wp-json\/wp\/v2\/comments?post=44022"}],"wp:featuredmedia":[{"embeddable":true,"href":"https:\/\/totalblue.ro\/it\/wp-json\/wp\/v2\/media\/44033"}],"wp:attachment":[{"href":"https:\/\/totalblue.ro\/it\/wp-json\/wp\/v2\/media?parent=44022"}],"wp:term":[{"taxonomy":"product_brand","embeddable":true,"href":"https:\/\/totalblue.ro\/it\/wp-json\/wp\/v2\/product_brand?post=44022"},{"taxonomy":"product_cat","embeddable":true,"href":"https:\/\/totalblue.ro\/it\/wp-json\/wp\/v2\/product_cat?post=44022"},{"taxonomy":"giftcard-category","embeddable":true,"href":"https:\/\/totalblue.ro\/it\/wp-json\/wp\/v2\/giftcard-category?post=44022"}],"curies":[{"name":"wp","href":"https:\/\/api.w.org\/{rel}","templated":true}]}}