{"id":44203,"date":"2022-02-03T15:27:49","date_gmt":"2022-02-03T13:27:49","guid":{"rendered":"https:\/\/totalblue.ro\/?post_type=product&#038;p=44203"},"modified":"2025-08-01T10:30:01","modified_gmt":"2025-08-01T07:30:01","slug":"olvarit-smoothie-bebelusi-banana-mar-si-capsuni-12-luni-90g","status":"publish","type":"product","link":"https:\/\/totalblue.ro\/it\/produs\/olvarit-smoothie-bebelusi-banana-mar-si-capsuni-12-luni-90g\/","title":{"rendered":"Olvarit Baby Smoothie Banana, Kiwi, Mela e Fragola 12+ mesi 90g"},"content":{"rendered":"<p id=\"tw-target-text\" class=\"tw-data-text tw-text-large tw-ta\" dir=\"ltr\" data-placeholder=\"Traducere\">Dessert alla frutta per bambini Olvarit con ingredienti puri e naturali per bambini di et\u00e0 superiore ai 12 mesi.<br \/>\nContinut si greutate: 90 g<br \/>\n<strong>Ingrediente: <\/strong>33% banane, 28,46% mere, 20% c\u0103p\u0219uni, 17% kiwi, 1,5% morcov violet, acid L-ascorbic, f\u0103r\u0103 gluten, f\u0103r\u0103 proteine \u200b\u200bdin lapte de vac\u0103<br \/>\nSenza glutine.<br \/>\nNessuna proteina del latte vaccino.<br \/>\nUtilizare: Important: urmariti intotdeauna aceste instruc\u021biuni de utilizare. A se consuma imediat dupa deschidere. Nu pastrati resturile. Stai aproape cand copilul tau mananca.<\/p>\n<p><strong>Valori nutrizionali\/100g:<br \/>\n<\/strong>Energie 254 kJ (60 kcal)<br \/>\nGrasimi 0.2 g din care grasimi saturate 0 g<br \/>\nGlucide 13 g din care zaharuri 11.3 g<br \/>\nFibre alimentare 1.7 g<br \/>\nProteine 0.7 g<br \/>\nSale 0,01 g<br \/>\nProdotto nei Paesi Bassi da Nutricia, Antwoordnummer 10061 2700 VB Zoetermeer<br \/>\nImportatore e distributore Total Blue Impex SRL<\/p>","protected":false},"excerpt":{"rendered":"<p>Olvarit desert cu fructe pentru bebelusi cu ingrediente pure \u0219i naturale pentru bebelusii cu varsta peste 12 luni. Continut si greutate: 90 g Ingrediente: 33% banane, 28,46% mere, 20% c\u0103p\u0219uni, 17% kiwi, 1,5% morcov violet, acid L-ascorbic, f\u0103r\u0103 gluten, f\u0103r\u0103 proteine \u200b\u200bdin lapte de vac\u0103 Fara gluten. Fara proteine \u200b\u200bdin lapte de vaca. Utilizare: Important: [&#8230;]\n","protected":false},"featured_media":44216,"comment_status":"open","ping_status":"closed","template":"","meta":{"_acf_changed":false,"_seopress_robots_primary_cat":"1767","_seopress_titles_title":"","_seopress_titles_desc":" ","_seopress_robots_index":""},"product_brand":[6175],"product_cat":[1984,1520,5677,1767],"giftcard-category":[],"class_list":{"0":"post-44203","1":"product","2":"type-product","3":"status-publish","4":"has-post-thumbnail","6":"product_brand-olvarit","7":"product_cat-hrana-bebelusi","8":"product_cat-mama-copilul","9":"product_cat-mancare-si-accesorii-bebe","10":"product_cat-produse-olanda","12":"first","13":"outofstock","14":"taxable","15":"shipping-taxable","16":"purchasable","17":"product-type-simple"},"acf":[],"_links":{"self":[{"href":"https:\/\/totalblue.ro\/it\/wp-json\/wp\/v2\/product\/44203","targetHints":{"allow":["GET"]}}],"collection":[{"href":"https:\/\/totalblue.ro\/it\/wp-json\/wp\/v2\/product"}],"about":[{"href":"https:\/\/totalblue.ro\/it\/wp-json\/wp\/v2\/types\/product"}],"replies":[{"embeddable":true,"href":"https:\/\/totalblue.ro\/it\/wp-json\/wp\/v2\/comments?post=44203"}],"wp:featuredmedia":[{"embeddable":true,"href":"https:\/\/totalblue.ro\/it\/wp-json\/wp\/v2\/media\/44216"}],"wp:attachment":[{"href":"https:\/\/totalblue.ro\/it\/wp-json\/wp\/v2\/media?parent=44203"}],"wp:term":[{"taxonomy":"product_brand","embeddable":true,"href":"https:\/\/totalblue.ro\/it\/wp-json\/wp\/v2\/product_brand?post=44203"},{"taxonomy":"product_cat","embeddable":true,"href":"https:\/\/totalblue.ro\/it\/wp-json\/wp\/v2\/product_cat?post=44203"},{"taxonomy":"giftcard-category","embeddable":true,"href":"https:\/\/totalblue.ro\/it\/wp-json\/wp\/v2\/giftcard-category?post=44203"}],"curies":[{"name":"wp","href":"https:\/\/api.w.org\/{rel}","templated":true}]}}