{"id":44696,"date":"2022-02-08T10:59:48","date_gmt":"2022-02-08T08:59:48","guid":{"rendered":"https:\/\/totalblue.ro\/?post_type=product&#038;p=44696"},"modified":"2025-08-04T11:27:55","modified_gmt":"2025-08-04T08:27:55","slug":"zonnatura-ceai-bio-turmeric-si-ghimbir-36-g-20-pliculete-x-18g","status":"publish","type":"product","link":"https:\/\/totalblue.ro\/it\/produs\/zonnatura-ceai-bio-turmeric-si-ghimbir-36-g-20-pliculete-x-18g\/","title":{"rendered":"Zonnatura Organic Tea Curcuma e Zenzero 36 g, 20 bustine x 1,8 g"},"content":{"rendered":"<p>Zonnatura Ceai Turmeric si Ghimbir 36 g, 20 pliculete x 1,8g<strong><br \/>\n<\/strong>1 pachet ZonnaturaKurkuma Gember 100% contine 20 pliculete x 1,8 g = 36 g<br \/>\nO infuzie pura de turmeric organic, ghimbir \u0219i piper. Un amestec revigorant de ingrediente cunoscute pentru sustinerea metabolismului.<br \/>\nInfuzie de plante din turmeric, ghimbir si piper negru<br \/>\nOrganic \/ 100% pur<br \/>\n<strong>Preparazione:<\/strong><br \/>\nSe toarna apa clocotita (100 \u00b0 C) intr-o ceasca. Lasati pliculetul de ceai timp de 5 pana la 8 minute in ceasca.<br \/>\nNota: la tazza pu\u00f2 essere calda! Il t\u00e8 pu\u00f2 essere caldo!<br \/>\nConservare in un luogo asciutto e buio a temperatura ambiente.<br \/>\n<strong>Ingrediente<\/strong>: turmeric* 60%, ghimbir* 38%, piper negru* 2%. *Ingredient din cultura organica.<br \/>\nFabricat de Wessanen Benelux B.V.<br \/>\nPostbus 12795, 1100 AT Amsterdam (NL)<br \/>\nImportatore e distributore Total Blue Impex SRL<\/p>","protected":false},"excerpt":{"rendered":"<p>Zonnatura Ceai Turmeric si Ghimbir 36 g, 20 pliculete x 1,8g 1 pachet ZonnaturaKurkuma Gember 100% contine 20 pliculete x 1,8 g = 36 g O infuzie pura de turmeric organic, ghimbir \u0219i piper. Un amestec revigorant de ingrediente cunoscute pentru sustinerea metabolismului. Infuzie de plante din turmeric, ghimbir si piper negru Organic \/ 100% [&#8230;]\n","protected":false},"featured_media":44698,"comment_status":"open","ping_status":"closed","template":"","meta":{"_acf_changed":false,"_seopress_robots_primary_cat":"none","_seopress_titles_title":"","_seopress_titles_desc":"","_seopress_robots_index":""},"product_brand":[5640],"product_cat":[1555,1506,3320,1767],"giftcard-category":[],"class_list":{"0":"post-44696","1":"product","2":"type-product","3":"status-publish","4":"has-post-thumbnail","6":"product_brand-zonnatura","7":"product_cat-bacanie","8":"product_cat-cafea-ceai-mic-dejun","9":"product_cat-cafea-ceai-lapte","10":"product_cat-produse-olanda","12":"first","13":"outofstock","14":"taxable","15":"shipping-taxable","16":"purchasable","17":"product-type-simple"},"acf":[],"_links":{"self":[{"href":"https:\/\/totalblue.ro\/it\/wp-json\/wp\/v2\/product\/44696","targetHints":{"allow":["GET"]}}],"collection":[{"href":"https:\/\/totalblue.ro\/it\/wp-json\/wp\/v2\/product"}],"about":[{"href":"https:\/\/totalblue.ro\/it\/wp-json\/wp\/v2\/types\/product"}],"replies":[{"embeddable":true,"href":"https:\/\/totalblue.ro\/it\/wp-json\/wp\/v2\/comments?post=44696"}],"wp:featuredmedia":[{"embeddable":true,"href":"https:\/\/totalblue.ro\/it\/wp-json\/wp\/v2\/media\/44698"}],"wp:attachment":[{"href":"https:\/\/totalblue.ro\/it\/wp-json\/wp\/v2\/media?parent=44696"}],"wp:term":[{"taxonomy":"product_brand","embeddable":true,"href":"https:\/\/totalblue.ro\/it\/wp-json\/wp\/v2\/product_brand?post=44696"},{"taxonomy":"product_cat","embeddable":true,"href":"https:\/\/totalblue.ro\/it\/wp-json\/wp\/v2\/product_cat?post=44696"},{"taxonomy":"giftcard-category","embeddable":true,"href":"https:\/\/totalblue.ro\/it\/wp-json\/wp\/v2\/giftcard-category?post=44696"}],"curies":[{"name":"wp","href":"https:\/\/api.w.org\/{rel}","templated":true}]}}