{"id":46717,"date":"2022-03-08T11:59:49","date_gmt":"2022-03-08T09:59:49","guid":{"rendered":"https:\/\/totalblue.ro\/?post_type=product&#038;p=46717"},"modified":"2025-08-04T10:22:46","modified_gmt":"2025-08-04T07:22:46","slug":"beemster-extra-belegen-48-felii-branza-extra-maturata-150g","status":"publish","type":"product","link":"https:\/\/totalblue.ro\/it\/produs\/beemster-extra-belegen-48-felii-branza-extra-maturata-150g\/","title":{"rendered":"Beemster Extra Belegen 48+ formaggio extra stagionato a fette 150g"},"content":{"rendered":"<p>Il Beemster maturato \u00e8 un formaggio stagionato naturalmente e presenta un gustoso equilibrio tra la sapidit\u00e0 del formaggio vecchio e la morbidezza della variet\u00e0 pi\u00f9 giovane.<br \/>\nBeemster este o cooperativ\u0103 de mici fermieri din zona Beemster, Olanda.<br \/>\nLe mucche escono il pi\u00f9 possibile all'aperto e sono molto curate.<br \/>\nBeemster produce formaggio in modo tradizionale e sostenibile.<br \/>\nAmbalat practic, cu sistem de deschidere-inchidere ce pastreaza savoarea produsului.<br \/>\nQuesto prodotto \u00e8 facile da trasformare in un panino pronto da gustare.<br \/>\n<strong>Ingrediente<\/strong>: lapte de vaca (pasteurizat), sare, cultura starter, cheag vegetarian, colorant natural annatto (E160b(ii)). In mod natural fara lactoza (&lt;0,1%).<br \/>\n<strong>Allergeni<\/strong>: contine lapte<br \/>\nConfezionato in un ambiente protetto.<br \/>\nContinut si greutate: produs gata feliat, greutate 150 de grame.<br \/>\nDepozitare: A se pastreaza la rece (max 7\u00b0C). Produs perisabil dupa deschidere.<br \/>\nCaratteristiche. Vegetariano<br \/>\n<a href=\"https:\/\/totalblue.ro\/wp-content\/uploads\/2021\/02\/vegetarian.jpeg\"><img loading=\"lazy\" decoding=\"async\" class=\"alignnone wp-image-27413\" src=\"https:\/\/totalblue.ro\/wp-content\/uploads\/2021\/02\/vegetarian.jpeg\" alt=\"\" width=\"104\" height=\"104\" srcset=\"https:\/\/totalblue.ro\/wp-content\/uploads\/2021\/02\/vegetarian.jpeg 225w, https:\/\/totalblue.ro\/wp-content\/uploads\/2021\/02\/vegetarian-100x100.jpeg 100w\" sizes=\"auto, (max-width: 104px) 100vw, 104px\" \/><\/a><a href=\"https:\/\/totalblue.ro\/wp-content\/uploads\/2021\/11\/branzeturi.jpg\"><img loading=\"lazy\" decoding=\"async\" class=\"alignnone wp-image-37210\" src=\"https:\/\/totalblue.ro\/wp-content\/uploads\/2021\/11\/branzeturi.jpg\" alt=\"\" width=\"110\" height=\"105\" srcset=\"https:\/\/totalblue.ro\/wp-content\/uploads\/2021\/11\/branzeturi.jpg 300w, https:\/\/totalblue.ro\/wp-content\/uploads\/2021\/11\/branzeturi-100x95.jpg 100w\" sizes=\"auto, (max-width: 110px) 100vw, 110px\" \/><\/a><br \/>\n<strong>Valori nutrizionali:<\/strong><br \/>\nEnergie 1641 kJ (396 kcal)<br \/>\nGrasimi 32,5 g din care grasimi saturate 23,4 g<br \/>\nCarboidrati 0 g di cui zuccheri 0 g<br \/>\nProteine 25,8 g<br \/>\nSale 1,8 g<br \/>\nCalciu 826 mg<\/p>\n<p>Produttore: CONO Kaasmakers, Postbus 1, 1462 ZG Middenbeemster, Paesi Bassi<br \/>\nImportatore e distributore: Total Blue Impex SRL, Bucarest, Romania<\/p>","protected":false},"excerpt":{"rendered":"<p>Beemster matured este o branza maturata natural si are un echilibru gustos intre picantul al branzei vechi si moliciunea soiului mai tanar. Beemster este o cooperativ\u0103 de mici fermieri din zona Beemster, Olanda. Vacile ies afara cat mai mult posibil si sunt foarte bine ingrijite. Beemster produce branzeturile intr-un mod traditional si durabil. Ambalat practic, [&#8230;]\n","protected":false},"featured_media":46720,"comment_status":"open","ping_status":"closed","template":"","meta":{"_acf_changed":false,"_seopress_robots_primary_cat":"none","_seopress_titles_title":"","_seopress_titles_desc":"","_seopress_robots_index":""},"product_brand":[4228],"product_cat":[1555,4226,3288,1767],"giftcard-category":[],"class_list":{"0":"post-46717","1":"product","2":"type-product","3":"status-publish","4":"has-post-thumbnail","6":"product_brand-beemster","7":"product_cat-bacanie","8":"product_cat-branzeturi-bacanie","9":"product_cat-branzeturi","10":"product_cat-produse-olanda","12":"first","13":"outofstock","14":"taxable","15":"shipping-taxable","16":"purchasable","17":"product-type-simple"},"acf":[],"_links":{"self":[{"href":"https:\/\/totalblue.ro\/it\/wp-json\/wp\/v2\/product\/46717","targetHints":{"allow":["GET"]}}],"collection":[{"href":"https:\/\/totalblue.ro\/it\/wp-json\/wp\/v2\/product"}],"about":[{"href":"https:\/\/totalblue.ro\/it\/wp-json\/wp\/v2\/types\/product"}],"replies":[{"embeddable":true,"href":"https:\/\/totalblue.ro\/it\/wp-json\/wp\/v2\/comments?post=46717"}],"wp:featuredmedia":[{"embeddable":true,"href":"https:\/\/totalblue.ro\/it\/wp-json\/wp\/v2\/media\/46720"}],"wp:attachment":[{"href":"https:\/\/totalblue.ro\/it\/wp-json\/wp\/v2\/media?parent=46717"}],"wp:term":[{"taxonomy":"product_brand","embeddable":true,"href":"https:\/\/totalblue.ro\/it\/wp-json\/wp\/v2\/product_brand?post=46717"},{"taxonomy":"product_cat","embeddable":true,"href":"https:\/\/totalblue.ro\/it\/wp-json\/wp\/v2\/product_cat?post=46717"},{"taxonomy":"giftcard-category","embeddable":true,"href":"https:\/\/totalblue.ro\/it\/wp-json\/wp\/v2\/giftcard-category?post=46717"}],"curies":[{"name":"wp","href":"https:\/\/api.w.org\/{rel}","templated":true}]}}