{"id":46756,"date":"2022-03-08T13:01:23","date_gmt":"2022-03-08T11:01:23","guid":{"rendered":"https:\/\/totalblue.ro\/?post_type=product&#038;p=46756"},"modified":"2025-08-04T10:22:43","modified_gmt":"2025-08-04T07:22:43","slug":"beemster-branza-classic-18-luni-250-g-olanda","status":"publish","type":"product","link":"https:\/\/totalblue.ro\/it\/produs\/beemster-branza-classic-18-luni-250-g-olanda\/","title":{"rendered":"Formaggio classico Beemster 18 mesi 250 g, Paesi Bassi"},"content":{"rendered":"<p>Beemster Branza Classic Maturata ca. 18 saptamani 250 g<\/p>\n<p>Il Beemster maturato \u00e8 un formaggio stagionato naturalmente e presenta un gustoso equilibrio tra la sapidit\u00e0 del formaggio vecchio e la morbidezza della variet\u00e0 pi\u00f9 giovane.<br \/>\nBeemster \u00e8 una cooperativa di piccoli agricoltori dell'area di Beemster, nei Paesi Bassi.<br \/>\nLe mucche escono il pi\u00f9 possibile all'aperto e sono molto curate.<br \/>\nBeemster produce formaggio in modo tradizionale e sostenibile.<\/p>\n<p>Questo prodotto \u00e8 facile da trasformare in un panino pronto da gustare.<\/p>\n<p><strong>Ingrediente<\/strong>: lapte de vaca (pasteurizat), sare, cultura starter, cheag vegetarian, colorant natural annatto (E160b(ii)).<br \/>\n<strong>Allergeni<\/strong>: contiene latte.<\/p>\n<p>Confezionato in un ambiente protetto.<br \/>\nContenuto e peso: prodotto confezionato, peso 250 grammi.<br \/>\nConservazione: Conservare in luogo fresco (max 7\u00b0C). Prodotto deperibile dopo l'apertura.<br \/>\nCaratteristiche. Vegetariano<\/p>\n<p><strong>Valori nutrizionali per 100 g:<\/strong><br \/>\nEnergie 1766 kJ (426 kcal)<br \/>\nGrasimi 35 g din care grasimi saturate 25,2 g<br \/>\nCarboidrati 0 g di cui zuccheri 0 g<br \/>\nProteine \u200b\u200b27,7 g<br \/>\nSare 2,0 g<\/p>\n<p><a href=\"https:\/\/totalblue.ro\/wp-content\/uploads\/2021\/02\/vegetarian.jpeg\"><img loading=\"lazy\" decoding=\"async\" class=\"alignnone wp-image-27413\" src=\"https:\/\/totalblue.ro\/wp-content\/uploads\/2021\/02\/vegetarian.jpeg\" alt=\"\" width=\"104\" height=\"104\" srcset=\"https:\/\/totalblue.ro\/wp-content\/uploads\/2021\/02\/vegetarian.jpeg 225w, https:\/\/totalblue.ro\/wp-content\/uploads\/2021\/02\/vegetarian-100x100.jpeg 100w\" sizes=\"auto, (max-width: 104px) 100vw, 104px\" \/><\/a><a href=\"https:\/\/totalblue.ro\/wp-content\/uploads\/2021\/11\/branzeturi.jpg\"><img loading=\"lazy\" decoding=\"async\" class=\"alignnone wp-image-37210\" src=\"https:\/\/totalblue.ro\/wp-content\/uploads\/2021\/11\/branzeturi.jpg\" alt=\"\" width=\"110\" height=\"105\" srcset=\"https:\/\/totalblue.ro\/wp-content\/uploads\/2021\/11\/branzeturi.jpg 300w, https:\/\/totalblue.ro\/wp-content\/uploads\/2021\/11\/branzeturi-100x95.jpg 100w\" sizes=\"auto, (max-width: 110px) 100vw, 110px\" \/><\/a><\/p>\n<p>Produttore: CONO Kaasmakers, Postbus 1, 1462 ZG Middenbeemster, Paesi Bassi<br \/>\nImportatore e distributore: Total Blue Impex SRL, Bucarest, Romania<\/p>","protected":false},"excerpt":{"rendered":"<p>Beemster Branza Classic Maturata ca. 18 saptamani 250 g Beemster matured este o branza maturata natural si are un echilibru gustos intre picantul al branzei vechi si moliciunea soiului mai tanar. Beemster este o cooperativ de mici fermieri din zona Beemster, Olanda. Vacile ies afara cat mai mult posibil si sunt foarte bine ingrijite. Beemster [&#8230;]\n","protected":false},"featured_media":46763,"comment_status":"open","ping_status":"closed","template":"","meta":{"_acf_changed":false,"_seopress_robots_primary_cat":"none","_seopress_titles_title":"Beemster Branza Classic 18 luni Olanda, branzeturi olandeze.","_seopress_titles_desc":"Cumpara online Beemster Branza Classic 18 luni Olanda, branzeturi olandeze, branzeturi import Olanda, gouda Olanda, edam, maasdam, cascaval","_seopress_robots_index":""},"product_brand":[4228],"product_cat":[1555,3288,4226,1767],"giftcard-category":[],"class_list":{"0":"post-46756","1":"product","2":"type-product","3":"status-publish","4":"has-post-thumbnail","6":"product_brand-beemster","7":"product_cat-bacanie","8":"product_cat-branzeturi","9":"product_cat-branzeturi-bacanie","10":"product_cat-produse-olanda","12":"first","13":"outofstock","14":"taxable","15":"shipping-taxable","16":"purchasable","17":"product-type-simple"},"acf":[],"_links":{"self":[{"href":"https:\/\/totalblue.ro\/it\/wp-json\/wp\/v2\/product\/46756","targetHints":{"allow":["GET"]}}],"collection":[{"href":"https:\/\/totalblue.ro\/it\/wp-json\/wp\/v2\/product"}],"about":[{"href":"https:\/\/totalblue.ro\/it\/wp-json\/wp\/v2\/types\/product"}],"replies":[{"embeddable":true,"href":"https:\/\/totalblue.ro\/it\/wp-json\/wp\/v2\/comments?post=46756"}],"wp:featuredmedia":[{"embeddable":true,"href":"https:\/\/totalblue.ro\/it\/wp-json\/wp\/v2\/media\/46763"}],"wp:attachment":[{"href":"https:\/\/totalblue.ro\/it\/wp-json\/wp\/v2\/media?parent=46756"}],"wp:term":[{"taxonomy":"product_brand","embeddable":true,"href":"https:\/\/totalblue.ro\/it\/wp-json\/wp\/v2\/product_brand?post=46756"},{"taxonomy":"product_cat","embeddable":true,"href":"https:\/\/totalblue.ro\/it\/wp-json\/wp\/v2\/product_cat?post=46756"},{"taxonomy":"giftcard-category","embeddable":true,"href":"https:\/\/totalblue.ro\/it\/wp-json\/wp\/v2\/giftcard-category?post=46756"}],"curies":[{"name":"wp","href":"https:\/\/api.w.org\/{rel}","templated":true}]}}