{"id":46789,"date":"2022-03-08T14:15:51","date_gmt":"2022-03-08T12:15:51","guid":{"rendered":"https:\/\/totalblue.ro\/?post_type=product&#038;p=46789"},"modified":"2025-08-04T10:22:40","modified_gmt":"2025-08-04T07:22:40","slug":"formaggio-allaglio-beemster-dal-sapore-delicato-250-g","status":"publish","type":"product","link":"https:\/\/totalblue.ro\/it\/produs\/beemster-branza-cu-usturoi-cu-gust-delicat-plin-250-g\/","title":{"rendered":"Formaggio all'aglio Beemster dal sapore delicato e pieno 250 g"},"content":{"rendered":"<p>Formaggio all'aglio Beemster dal sapore delicato e pieno Stagionato circa 5 settimane 250 g<\/p>\n<p>Il Beemster maturato \u00e8 un formaggio stagionato naturalmente e presenta un gustoso equilibrio tra la sapidit\u00e0 del formaggio vecchio e la morbidezza della variet\u00e0 pi\u00f9 giovane.<br \/>\nBeemster \u00e8 una cooperativa di piccoli agricoltori dell'area di Beemster, nei Paesi Bassi.<br \/>\nLe mucche escono il pi\u00f9 possibile all'aperto e sono molto curate.<br \/>\nBeemster produce formaggio in modo tradizionale e sostenibile.<\/p>\n<p>Questo prodotto \u00e8 facile da trasformare in un panino pronto da gustare.<\/p>\n<p><strong>Ingrediente<\/strong>Latte vaccino (pastorizzato), aglio, sale, coltura starter, caglio vegetale, colorante naturale annatto (E160b(ii)).<br \/>\n<strong>Allergeni<\/strong>: contiene latte.<\/p>\n<p>Confezionato in un ambiente protetto.<br \/>\nContenuto e peso: prodotto confezionato, peso 250 grammi.<br \/>\nConservazione: Conservare in luogo fresco (max 7\u00b0C). Prodotto deperibile dopo l'apertura.<br \/>\nCaratteristiche. Vegetariano<\/p>\n<p><strong>Valori nutrizionali per 100 g:<\/strong><br \/>\nEnergia 1593 kJ (384 kcal)<br \/>\nGrassi 31,2 g di cui grassi saturi 20,90 g<br \/>\nCarboidrati 0 g di cui zuccheri 0 g<br \/>\nProteine 25,8 g<br \/>\nSale 1,7 g<\/p>\n<p><a href=\"https:\/\/totalblue.ro\/wp-content\/uploads\/2021\/02\/vegetarian.jpeg\"><img loading=\"lazy\" decoding=\"async\" class=\"alignnone wp-image-27413\" src=\"https:\/\/totalblue.ro\/wp-content\/uploads\/2021\/02\/vegetarian.jpeg\" alt=\"\" width=\"104\" height=\"104\" srcset=\"https:\/\/totalblue.ro\/wp-content\/uploads\/2021\/02\/vegetarian.jpeg 225w, https:\/\/totalblue.ro\/wp-content\/uploads\/2021\/02\/vegetarian-100x100.jpeg 100w\" sizes=\"auto, (max-width: 104px) 100vw, 104px\" \/><\/a><a href=\"https:\/\/totalblue.ro\/wp-content\/uploads\/2021\/11\/branzeturi.jpg\"><img loading=\"lazy\" decoding=\"async\" class=\"alignnone wp-image-37210\" src=\"https:\/\/totalblue.ro\/wp-content\/uploads\/2021\/11\/branzeturi.jpg\" alt=\"\" width=\"110\" height=\"105\" srcset=\"https:\/\/totalblue.ro\/wp-content\/uploads\/2021\/11\/branzeturi.jpg 300w, https:\/\/totalblue.ro\/wp-content\/uploads\/2021\/11\/branzeturi-100x95.jpg 100w\" sizes=\"auto, (max-width: 110px) 100vw, 110px\" \/><\/a><\/p>\n<p>Produttore: CONO Kaasmakers, Postbus 1, 1462 ZG Middenbeemster, Paesi Bassi<br \/>\nImportatore e distributore: Total Blue Impex SRL, Bucarest, Romania<\/p>","protected":false},"excerpt":{"rendered":"<p>Beemster Branza cu Usturoi cu gust delicat &amp; plin Maturata ca. 5 saptamani 250 g Beemster matured este o branza maturata natural si are un echilibru gustos intre picantul al branzei vechi si moliciunea soiului mai tanar. Beemster este o cooperativ de mici fermieri din zona Beemster, Olanda. Vacile ies afara cat mai mult posibil [&#8230;]\n","protected":false},"featured_media":46795,"comment_status":"open","ping_status":"closed","template":"","meta":{"_acf_changed":false,"_seopress_robots_primary_cat":"none","_seopress_titles_title":"Beemster Branza Usturoi, branzeturi, branza Beemster Olanda","_seopress_titles_desc":"Cumpara online branzeturi olandeze, Beemster Branza usturoi, branza cu usturoi, branzeturi olandeze import Olanda branza cascaval Olanda.","_seopress_robots_index":""},"product_brand":[4228],"product_cat":[1555,3288,4226,1767],"giftcard-category":[],"class_list":{"0":"post-46789","1":"product","2":"type-product","3":"status-publish","4":"has-post-thumbnail","6":"product_brand-beemster","7":"product_cat-bacanie","8":"product_cat-branzeturi","9":"product_cat-branzeturi-bacanie","10":"product_cat-produse-olanda","12":"first","13":"outofstock","14":"taxable","15":"shipping-taxable","16":"purchasable","17":"product-type-simple"},"acf":[],"_links":{"self":[{"href":"https:\/\/totalblue.ro\/it\/wp-json\/wp\/v2\/product\/46789","targetHints":{"allow":["GET"]}}],"collection":[{"href":"https:\/\/totalblue.ro\/it\/wp-json\/wp\/v2\/product"}],"about":[{"href":"https:\/\/totalblue.ro\/it\/wp-json\/wp\/v2\/types\/product"}],"replies":[{"embeddable":true,"href":"https:\/\/totalblue.ro\/it\/wp-json\/wp\/v2\/comments?post=46789"}],"wp:featuredmedia":[{"embeddable":true,"href":"https:\/\/totalblue.ro\/it\/wp-json\/wp\/v2\/media\/46795"}],"wp:attachment":[{"href":"https:\/\/totalblue.ro\/it\/wp-json\/wp\/v2\/media?parent=46789"}],"wp:term":[{"taxonomy":"product_brand","embeddable":true,"href":"https:\/\/totalblue.ro\/it\/wp-json\/wp\/v2\/product_brand?post=46789"},{"taxonomy":"product_cat","embeddable":true,"href":"https:\/\/totalblue.ro\/it\/wp-json\/wp\/v2\/product_cat?post=46789"},{"taxonomy":"giftcard-category","embeddable":true,"href":"https:\/\/totalblue.ro\/it\/wp-json\/wp\/v2\/giftcard-category?post=46789"}],"curies":[{"name":"wp","href":"https:\/\/api.w.org\/{rel}","templated":true}]}}