{"id":47003,"date":"2022-03-10T15:57:07","date_gmt":"2022-03-10T13:57:07","guid":{"rendered":"https:\/\/totalblue.ro\/?post_type=product&#038;p=47003"},"modified":"2026-01-26T10:50:21","modified_gmt":"2026-01-26T08:50:21","slug":"titlu-brandy-metaxa-7-stele-40-07l-cutie-carton","status":"publish","type":"product","link":"https:\/\/totalblue.ro\/it\/produs\/titlu-brandy-metaxa-7-stele-40-07l-cutie-carton\/","title":{"rendered":"Brandy Metaxa 7 stele 40%, 0,7L"},"content":{"rendered":"<p>Arta distilarii, invechirii si combinarii aromelor creeaza gustul unic al sortimentului Metaxa 7 Stele. De aceast\u0103 data, baza florala este imbogatita cu note de scortisoara \u015fi cafea pentru a contura un caracter complex, potrivit pentru a fi savurat simplu sau cu gheata. Brandiul combina elegant coniac invechit timp de 7 ani in butoaie din lemn de stejar Limousin, vin muscat din insulele grece\u015fti Samos \u015fi Lemnos, petale de trandafir, anason \u015fi infuzie de ierburi mediteraneene pentru a obtine un gust intens si seducator.<br \/>\nMiros: Note elegante de piersici coapte, prune uscate, roscova si miere poliflora.<br \/>\nGust: Un buchet intens, cu arome bogate de miere, anason, stafide \u015fi condimente.<br \/>\nTara de origine Grecia<br \/>\nConsigli per la conservazione \/ l'uso \/ la preparazione: Conservare al riparo dalle alte temperature e dal gelo.<br \/>\nBugie legali: l'alcol nuoce gravemente alla salute. Bevete con moderazione. La vendita ai minori di 18 anni \u00e8 vietata. www.desprealcool.ro<br \/>\n<a href=\"https:\/\/totalblue.ro\/wp-content\/uploads\/2021\/04\/under-18.jpg\"><img loading=\"lazy\" decoding=\"async\" class=\"alignnone wp-image-30757\" src=\"https:\/\/totalblue.ro\/wp-content\/uploads\/2021\/04\/under-18-400x400.jpg\" alt=\"\" width=\"95\" height=\"95\" srcset=\"https:\/\/totalblue.ro\/wp-content\/uploads\/2021\/04\/under-18-400x400.jpg 400w, https:\/\/totalblue.ro\/wp-content\/uploads\/2021\/04\/under-18-100x100.jpg 100w, https:\/\/totalblue.ro\/wp-content\/uploads\/2021\/04\/under-18-510x510.jpg 510w, https:\/\/totalblue.ro\/wp-content\/uploads\/2021\/04\/under-18-280x280.jpg 280w, https:\/\/totalblue.ro\/wp-content\/uploads\/2021\/04\/under-18.jpg 600w\" sizes=\"auto, (max-width: 95px) 100vw, 95px\" \/><\/a><a href=\"https:\/\/totalblue.ro\/wp-content\/uploads\/2021\/06\/drink-drive.jpg\"><img loading=\"lazy\" decoding=\"async\" class=\"alignnone wp-image-30761\" src=\"https:\/\/totalblue.ro\/wp-content\/uploads\/2021\/06\/drink-drive.jpg\" alt=\"\" width=\"96\" height=\"94\" srcset=\"https:\/\/totalblue.ro\/wp-content\/uploads\/2021\/06\/drink-drive.jpg 344w, https:\/\/totalblue.ro\/wp-content\/uploads\/2021\/06\/drink-drive-100x98.jpg 100w\" sizes=\"auto, (max-width: 96px) 100vw, 96px\" \/><\/a><a href=\"https:\/\/totalblue.ro\/wp-content\/uploads\/2021\/06\/bere-gravide02.jpg\"><img loading=\"lazy\" decoding=\"async\" class=\"alignnone wp-image-30771\" src=\"https:\/\/totalblue.ro\/wp-content\/uploads\/2021\/06\/bere-gravide02-403x400.jpg\" alt=\"\" width=\"97\" height=\"96\" srcset=\"https:\/\/totalblue.ro\/wp-content\/uploads\/2021\/06\/bere-gravide02-403x400.jpg 403w, https:\/\/totalblue.ro\/wp-content\/uploads\/2021\/06\/bere-gravide02-100x99.jpg 100w, https:\/\/totalblue.ro\/wp-content\/uploads\/2021\/06\/bere-gravide02-510x507.jpg 510w, https:\/\/totalblue.ro\/wp-content\/uploads\/2021\/06\/bere-gravide02-805x800.jpg 805w, https:\/\/totalblue.ro\/wp-content\/uploads\/2021\/06\/bere-gravide02-280x280.jpg 280w, https:\/\/totalblue.ro\/wp-content\/uploads\/2021\/06\/bere-gravide02-768x763.jpg 768w, https:\/\/totalblue.ro\/wp-content\/uploads\/2021\/06\/bere-gravide02-600x596.jpg 600w, https:\/\/totalblue.ro\/wp-content\/uploads\/2021\/06\/bere-gravide02.jpg 895w\" sizes=\"auto, (max-width: 97px) 100vw, 97px\" \/><\/a><\/p>","protected":false},"excerpt":{"rendered":"<p>Arta distilarii, invechirii si combinarii aromelor creeaza gustul unic al sortimentului Metaxa 7 Stele. De aceast\u0103 data, baza florala este imbogatita cu note de scortisoara \u015fi cafea pentru a contura un caracter complex, potrivit pentru a fi savurat simplu sau cu gheata. Brandiul combina elegant coniac invechit timp de 7 ani in butoaie din lemn [&#8230;]\n","protected":false},"featured_media":47005,"comment_status":"open","ping_status":"closed","template":"","meta":{"_acf_changed":false,"_seopress_robots_primary_cat":"none","_seopress_titles_title":"","_seopress_titles_desc":"","_seopress_robots_index":""},"product_brand":[5901],"product_cat":[1519],"giftcard-category":[],"class_list":{"0":"post-47003","1":"product","2":"type-product","3":"status-publish","4":"has-post-thumbnail","6":"product_brand-metaxa","7":"product_cat-bauturi-alcoolice-bere","9":"first","10":"instock","11":"taxable","12":"shipping-taxable","13":"purchasable","14":"product-type-simple"},"acf":[],"_links":{"self":[{"href":"https:\/\/totalblue.ro\/it\/wp-json\/wp\/v2\/product\/47003","targetHints":{"allow":["GET"]}}],"collection":[{"href":"https:\/\/totalblue.ro\/it\/wp-json\/wp\/v2\/product"}],"about":[{"href":"https:\/\/totalblue.ro\/it\/wp-json\/wp\/v2\/types\/product"}],"replies":[{"embeddable":true,"href":"https:\/\/totalblue.ro\/it\/wp-json\/wp\/v2\/comments?post=47003"}],"wp:featuredmedia":[{"embeddable":true,"href":"https:\/\/totalblue.ro\/it\/wp-json\/wp\/v2\/media\/47005"}],"wp:attachment":[{"href":"https:\/\/totalblue.ro\/it\/wp-json\/wp\/v2\/media?parent=47003"}],"wp:term":[{"taxonomy":"product_brand","embeddable":true,"href":"https:\/\/totalblue.ro\/it\/wp-json\/wp\/v2\/product_brand?post=47003"},{"taxonomy":"product_cat","embeddable":true,"href":"https:\/\/totalblue.ro\/it\/wp-json\/wp\/v2\/product_cat?post=47003"},{"taxonomy":"giftcard-category","embeddable":true,"href":"https:\/\/totalblue.ro\/it\/wp-json\/wp\/v2\/giftcard-category?post=47003"}],"curies":[{"name":"wp","href":"https:\/\/api.w.org\/{rel}","templated":true}]}}