{"id":47329,"date":"2022-03-15T14:44:24","date_gmt":"2022-03-15T12:44:24","guid":{"rendered":"https:\/\/totalblue.ro\/?post_type=product&#038;p=47329"},"modified":"2026-01-20T13:33:42","modified_gmt":"2026-01-20T11:33:42","slug":"bonduelle-fasole-neagra-boabe-200g-import-olanda","status":"publish","type":"product","link":"https:\/\/totalblue.ro\/it\/produs\/bonduelle-fasole-neagra-boabe-200g-import-olanda\/","title":{"rendered":"Bonduelle Fagioli neri, 200g Importazione Olanda"},"content":{"rendered":"<p>Bogata \u00een fibre, fasolea neagra poate fi preparata \u00eentr-o varietate de feluri, fie c\u0103 ai pofta de o salata delicioasa la cina sau de un pranz mexican. Cu fasolea neagra din miniconservele Bonduelle, deja pregatit\u0103 la aburi si gata de utilizat, adaugi culoare \u0219i aroma in orice preparat. Descopera noul format de legume in conserva, cu o dimensiunie practica a ambalajului potrivita pentru o persoana si o cantitate mai mica ce ofera diversitate felurilor de mancare.<\/p>\n<p>Ingrediente: apa, fasole neagra, sare, aroma. Poate contine SOIA.<br \/>\nInformazioni sulle allergie<br \/>\nPoate contine: Soia<br \/>\nValori nutrizionali<br \/>\nQuesti valori si applicano al prodotto non preparato.<br \/>\nSuggerimento per 100 grammi<br \/>\nEnergie 443 kJ (106 kcal)<br \/>\nGrasimi 1,1 g din care saturate 0,2 g<br \/>\nGlucide 13 g din care zaharuri 0,7 g<br \/>\nFibre alimentare 7,2 g<br \/>\nProteine \u200b\u200b7,3 g<br \/>\nsare 0,29 g<\/p>\n<p>Fabricant: Bonduelle<br \/>\nPB 28058, NL-5602 JB Eindhoven<\/p>","protected":false},"excerpt":{"rendered":"<p>Bogata \u00een fibre, fasolea neagra poate fi preparata \u00eentr-o varietate de feluri, fie c\u0103 ai pofta de o salata delicioasa la cina sau de un pranz mexican. Cu fasolea neagra din miniconservele Bonduelle, deja pregatit\u0103 la aburi si gata de utilizat, adaugi culoare \u0219i aroma in orice preparat. Descopera noul format de legume in conserva, [&#8230;]\n","protected":false},"featured_media":201191,"comment_status":"open","ping_status":"closed","template":"","meta":{"_acf_changed":false,"_seopress_robots_primary_cat":"none","_seopress_titles_title":"","_seopress_titles_desc":"","_seopress_robots_index":""},"product_brand":[1804],"product_cat":[1555,1683,3272,1767],"giftcard-category":[],"class_list":{"0":"post-47329","1":"product","2":"type-product","3":"status-publish","4":"has-post-thumbnail","6":"product_brand-bonduelle","7":"product_cat-bacanie","8":"product_cat-conserve-mancare-gatita","9":"product_cat-conserve","10":"product_cat-produse-olanda","12":"first","13":"instock","14":"taxable","15":"shipping-taxable","16":"purchasable","17":"product-type-simple"},"acf":[],"_links":{"self":[{"href":"https:\/\/totalblue.ro\/it\/wp-json\/wp\/v2\/product\/47329","targetHints":{"allow":["GET"]}}],"collection":[{"href":"https:\/\/totalblue.ro\/it\/wp-json\/wp\/v2\/product"}],"about":[{"href":"https:\/\/totalblue.ro\/it\/wp-json\/wp\/v2\/types\/product"}],"replies":[{"embeddable":true,"href":"https:\/\/totalblue.ro\/it\/wp-json\/wp\/v2\/comments?post=47329"}],"wp:featuredmedia":[{"embeddable":true,"href":"https:\/\/totalblue.ro\/it\/wp-json\/wp\/v2\/media\/201191"}],"wp:attachment":[{"href":"https:\/\/totalblue.ro\/it\/wp-json\/wp\/v2\/media?parent=47329"}],"wp:term":[{"taxonomy":"product_brand","embeddable":true,"href":"https:\/\/totalblue.ro\/it\/wp-json\/wp\/v2\/product_brand?post=47329"},{"taxonomy":"product_cat","embeddable":true,"href":"https:\/\/totalblue.ro\/it\/wp-json\/wp\/v2\/product_cat?post=47329"},{"taxonomy":"giftcard-category","embeddable":true,"href":"https:\/\/totalblue.ro\/it\/wp-json\/wp\/v2\/giftcard-category?post=47329"}],"curies":[{"name":"wp","href":"https:\/\/api.w.org\/{rel}","templated":true}]}}