{"id":47360,"date":"2022-03-15T16:08:08","date_gmt":"2022-03-15T14:08:08","guid":{"rendered":"https:\/\/totalblue.ro\/?post_type=product&#038;p=47360"},"modified":"2026-04-06T13:53:14","modified_gmt":"2026-04-06T10:53:14","slug":"pickwick-tisana-al-marocco-piccante-con-menta-40g-20-bustine","status":"publish","type":"product","link":"https:\/\/totalblue.ro\/it\/produs\/pickwick-ceai-din-plante-morocco-picant-cu-menta-40g-20-de-pliculete\/","title":{"rendered":"Pickwick Tisana Marocco piccante alla menta 40g, 20 bustine"},"content":{"rendered":"<p>Un'intensa miscela di menta ispirata al calore del Marocco. Una combinazione unica di sapori speziati e freschi.<br \/>\nSapore speziato e fruttato di spezie e arancia.<br \/>\nTipo di t\u00e8: tisana<br \/>\nSapore fresco e piccante<br \/>\nDecaffeinato<br \/>\n1 confezione di Pickwick Marocco Piccante e Menta contiene 20 bustine x 2 g = 40 g<br \/>\n<strong>Ingrediente:<\/strong> cannella (23%), cicoria, macis, liquirizia (18%), menta (8,5%), buccia d'arancia, aromi.<br \/>\n<strong>Come prepararsi:<\/strong>Versare acqua bollente (100\u00b0C) in una tazza. Lasciare la bustina di t\u00e8 per 3-5 minuti nella tazza.<br \/>\nNota: la tazza pu\u00f2 essere calda! Il t\u00e8 pu\u00f2 essere caldo!<br \/>\nConservare in un luogo asciutto e buio a temperatura ambiente.<br \/>\nProdotto da JACOBS DOUWE EGBERTS , Oosterdoksstraat 80, 1011DK Amsterdam, Paesi Bassi\/Holandsko<br \/>\nImportatore e distributore Total Blue Impex SRL<br \/>\n<a href=\"https:\/\/totalblue.ro\/wp-content\/uploads\/2021\/08\/Groene-Punt.jpg\"><img loading=\"lazy\" decoding=\"async\" class=\"alignnone wp-image-32627\" src=\"https:\/\/totalblue.ro\/wp-content\/uploads\/2021\/08\/Groene-Punt.jpg\" alt=\"\" width=\"71\" height=\"71\" srcset=\"https:\/\/totalblue.ro\/wp-content\/uploads\/2021\/08\/Groene-Punt.jpg 300w, https:\/\/totalblue.ro\/wp-content\/uploads\/2021\/08\/Groene-Punt-100x100.jpg 100w, https:\/\/totalblue.ro\/wp-content\/uploads\/2021\/08\/Groene-Punt-280x280.jpg 280w\" sizes=\"auto, (max-width: 71px) 100vw, 71px\" \/><\/a><\/p>","protected":false},"excerpt":{"rendered":"<p>Un amestec intens de menta inspirat de caldura Marocului. O combinatie unic\u0103 de gust de picant si proaspat. Gust picant si fructat de condimente si portocale. Tipul ceaiului: ceai de plante Gust picant si proaspat Decofeinizat 1 pachet Pickwick Morocco picant si cu menta contine 20 pliculete x 2 g = 40 g Ingrediente: scortisoara [&#8230;]\n","protected":false},"featured_media":47363,"comment_status":"open","ping_status":"closed","template":"","meta":{"_acf_changed":false,"_seopress_robots_primary_cat":"none","_seopress_titles_title":"","_seopress_titles_desc":"","_seopress_robots_index":""},"product_brand":[2080],"product_cat":[1555,1506,3320,1767],"giftcard-category":[],"class_list":{"0":"post-47360","1":"product","2":"type-product","3":"status-publish","4":"has-post-thumbnail","6":"product_brand-pickwick","7":"product_cat-bacanie","8":"product_cat-cafea-ceai-mic-dejun","9":"product_cat-cafea-ceai-lapte","10":"product_cat-produse-olanda","12":"first","13":"instock","14":"taxable","15":"shipping-taxable","16":"purchasable","17":"product-type-simple"},"acf":[],"_links":{"self":[{"href":"https:\/\/totalblue.ro\/it\/wp-json\/wp\/v2\/product\/47360","targetHints":{"allow":["GET"]}}],"collection":[{"href":"https:\/\/totalblue.ro\/it\/wp-json\/wp\/v2\/product"}],"about":[{"href":"https:\/\/totalblue.ro\/it\/wp-json\/wp\/v2\/types\/product"}],"replies":[{"embeddable":true,"href":"https:\/\/totalblue.ro\/it\/wp-json\/wp\/v2\/comments?post=47360"}],"wp:featuredmedia":[{"embeddable":true,"href":"https:\/\/totalblue.ro\/it\/wp-json\/wp\/v2\/media\/47363"}],"wp:attachment":[{"href":"https:\/\/totalblue.ro\/it\/wp-json\/wp\/v2\/media?parent=47360"}],"wp:term":[{"taxonomy":"product_brand","embeddable":true,"href":"https:\/\/totalblue.ro\/it\/wp-json\/wp\/v2\/product_brand?post=47360"},{"taxonomy":"product_cat","embeddable":true,"href":"https:\/\/totalblue.ro\/it\/wp-json\/wp\/v2\/product_cat?post=47360"},{"taxonomy":"giftcard-category","embeddable":true,"href":"https:\/\/totalblue.ro\/it\/wp-json\/wp\/v2\/giftcard-category?post=47360"}],"curies":[{"name":"wp","href":"https:\/\/api.w.org\/{rel}","templated":true}]}}