{"id":53213,"date":"2022-05-26T12:45:27","date_gmt":"2022-05-26T09:45:27","guid":{"rendered":"https:\/\/totalblue.ro\/?post_type=product&#038;p=53213"},"modified":"2025-08-01T10:29:02","modified_gmt":"2025-08-01T07:29:02","slug":"bio-bon-bebe-tocanita-cu-legume-12-luni-250g","status":"publish","type":"product","link":"https:\/\/totalblue.ro\/it\/produs\/bio-bon-bebe-tocanita-cu-legume-12-luni-250g\/","title":{"rendered":"BIO Bon Bebe Stufato di verdure 12+ mesi, 250g"},"content":{"rendered":"<p>Noi di Bonb\u00e9b\u00e9 sappiamo che volete il meglio per il vostro bambino. Per questo motivo, in tutti i nostri prodotti utilizziamo ingredienti accuratamente selezionati e sottoposti a controlli di qualit\u00e0.<br \/>\nFormulati da nutrizionisti. Inoltre, i nostri prodotti contengono solo zuccheri e sali naturali.<br \/>\nIn questo modo offriamo prodotti validi in modo che possiate dedicare al vostro bambino tutta la vostra attenzione.<br \/>\n<strong>\u2713 Bio<\/strong><br \/>\n<strong>\u2713 Cu bucati<br \/>\n\u2713 Vegetarian<br \/>\n<\/strong><\/p>\n<p>BIO Bon Bebe Tocanita cu legume pentru bebelusi cu varsta peste 12 luni.<br \/>\nMancarea pentru copii are o savoare si textura ce contribuie la dezvoltarea gustului.<br \/>\nUn delizioso snack per bambini con ingredienti puri e naturali.<br \/>\nContenuto e peso: 250 grammi.<br \/>\n<strong>Ingrediente<\/strong>: <span class=\"\">30% cartofi*, 20% morcov*, ap\u0103, 14% ro\u0219ii*, 5% dovleac*, 5% dovlecel*, f\u0103in\u0103 de orez*, 1,5% ceap\u0103*, 1,5% ardei ro\u0219u*, p\u0103trunjel*, piper negru*<\/span>, *de origine BIO.<br \/>\nConfezionato in un barattolo di vetro con coperchio a scatto.<br \/>\nPrima di aprire, premere sul coperchio. Se non scatta, non utilizzare il contenuto!<br \/>\n<strong>Preparazione:<\/strong> Amestecati continutul si puneti cantitatea dorita pe o farfurie. Folositi o lingura de plastic pentru aceasta operatie.<br \/>\nConservare il contenuto rimanente sigillato in frigorifero e utilizzarlo entro 24 ore.<br \/>\nRiscaldare nel microonde per circa 30 secondi a 600W.<br \/>\nDopo il riscaldamento, mescolare di nuovo bene e controllare la temperatura.<br \/>\nNon riutilizzare gli avanzi.<br \/>\n<strong>Valori nutrizionali\/100g:<\/strong><br \/>\nEnergia 204 kJ (48 kcal)<br \/>\nGrasimi 0.2 g din care grasimi saturate 0.1 g<br \/>\nGlucide 9.7 g din care zaharuri 2.2 g<br \/>\nFibre 1.3 g<br \/>\nProteine 1,2 g<br \/>\nSare 0.02 g<\/p>\n<p>Prodotto in Olanda da Bonb\u00e9b\u00e9, Antwoordnummer 3500, 4140 VH Beesd<br \/>\nImportatore e distributore Total Blue Impex SRL<\/p>","protected":false},"excerpt":{"rendered":"<p>La Bonb\u00e9b\u00e9 intelegem ca iti doresti tot ce este mai bun pentru copilul tau. De aceea folosim ingrediente atent selectate si controlate de buna calitate in toate produsele noastre. Formulat de nutritionisti. In plus, produsele noastre contin numai zaharuri si saruri naturale. In acest fel oferim produse bune, astfel incat sa puteti acorda toata atentia [&#8230;]\n","protected":false},"featured_media":53216,"comment_status":"open","ping_status":"closed","template":"","meta":{"_acf_changed":false,"_seopress_robots_primary_cat":"1767","_seopress_titles_title":"Piure BIO pentru bebelusi Bon Bebe Morcov 4+ luni, 125g","_seopress_titles_desc":"Piure BIO Bon Bebe cu Morcovi pentru bebelusi cu varsta peste 4 luni. Mancarea are o savoare si textura ce contribuie la dezvoltarea gustului.","_seopress_robots_index":""},"product_brand":[7974],"product_cat":[1984,1520,5677,1767],"giftcard-category":[],"class_list":{"0":"post-53213","1":"product","2":"type-product","3":"status-publish","4":"has-post-thumbnail","6":"product_brand-bon-bebe","7":"product_cat-hrana-bebelusi","8":"product_cat-mama-copilul","9":"product_cat-mancare-si-accesorii-bebe","10":"product_cat-produse-olanda","12":"first","13":"outofstock","14":"taxable","15":"shipping-taxable","16":"purchasable","17":"product-type-simple"},"acf":[],"_links":{"self":[{"href":"https:\/\/totalblue.ro\/it\/wp-json\/wp\/v2\/product\/53213","targetHints":{"allow":["GET"]}}],"collection":[{"href":"https:\/\/totalblue.ro\/it\/wp-json\/wp\/v2\/product"}],"about":[{"href":"https:\/\/totalblue.ro\/it\/wp-json\/wp\/v2\/types\/product"}],"replies":[{"embeddable":true,"href":"https:\/\/totalblue.ro\/it\/wp-json\/wp\/v2\/comments?post=53213"}],"wp:featuredmedia":[{"embeddable":true,"href":"https:\/\/totalblue.ro\/it\/wp-json\/wp\/v2\/media\/53216"}],"wp:attachment":[{"href":"https:\/\/totalblue.ro\/it\/wp-json\/wp\/v2\/media?parent=53213"}],"wp:term":[{"taxonomy":"product_brand","embeddable":true,"href":"https:\/\/totalblue.ro\/it\/wp-json\/wp\/v2\/product_brand?post=53213"},{"taxonomy":"product_cat","embeddable":true,"href":"https:\/\/totalblue.ro\/it\/wp-json\/wp\/v2\/product_cat?post=53213"},{"taxonomy":"giftcard-category","embeddable":true,"href":"https:\/\/totalblue.ro\/it\/wp-json\/wp\/v2\/giftcard-category?post=53213"}],"curies":[{"name":"wp","href":"https:\/\/api.w.org\/{rel}","templated":true}]}}