{"id":60231,"date":"2022-08-30T09:57:12","date_gmt":"2022-08-30T06:57:12","guid":{"rendered":"https:\/\/totalblue.ro\/?post_type=product&#038;p=60231"},"modified":"2025-12-09T09:58:47","modified_gmt":"2025-12-09T07:58:47","slug":"sampon-cu-extract-de-musetel-bon-bebe-300-ml","status":"publish","type":"product","link":"https:\/\/totalblue.ro\/it\/produs\/sampon-cu-extract-de-musetel-bon-bebe-300-ml\/","title":{"rendered":"Shampoo all'estratto di camomilla Bon Bebe 300 ml"},"content":{"rendered":"<div role=\"tabpanel\" aria-labelledby=\"tab-title-description\">Ingrediente : <span class=\"HwtZe\" lang=\"ro\"><span class=\"jCAhz ChMk0b\"><span class=\"ryNqvb\">ap\u0103, lauril sulfat de sodiu, clorur\u0103 de sodiu, cocamidopropil betain\u0103, coco-glucozid\u0103, oleat de gliceril, distearat de glicol, glicerin\u0103, laureth-4, parfum, pantenol, extract de flori de mu\u0219e\u021bel (Chamomilla recutita), tocoferol, citrat de gliceride hidrogenate de palmier, glicin\u0103, ferocianur\u0103 de sodiu, benzoat de sodiu, sorbat de potasiu, acid sorbic, acid citric<\/span><\/span><\/span><\/div>\n<div id=\"tab-description\" class=\"woocommerce-Tabs-panel woocommerce-Tabs-panel--description panel entry-content active\" role=\"tabpanel\" aria-labelledby=\"tab-title-description\">\u2713Bland cu scalpul bebelusului<br \/>\n\u2713Testat dermatologic<br \/>\n\u2713pH neutru al pielii<br \/>\n\u27130% coloranti si alergeni de parfum<br \/>\nSamponul Bonb\u00e9b\u00e9 curata perfect parul si scalpul bebelusului, fara a le usca si fara a lasa senzatie de mancarime.<br \/>\nSamponul delicat pentru copii cu formula \u201cfara lacrimi\u201d.<br \/>\nIn plus, firele de par moi si scalpul sensibil sunt deosebit de ingrijite de extractul de musetel si pantenol adaugat.<\/div>","protected":false},"excerpt":{"rendered":"<p>Ingrediente : ap\u0103, lauril sulfat de sodiu, clorur\u0103 de sodiu, cocamidopropil betain\u0103, coco-glucozid\u0103, oleat de gliceril, distearat de glicol, glicerin\u0103, laureth-4, parfum, pantenol, extract de flori de mu\u0219e\u021bel (Chamomilla recutita), tocoferol, citrat de gliceride hidrogenate de palmier, glicin\u0103, ferocianur\u0103 de sodiu, benzoat de sodiu, sorbat de potasiu, acid sorbic, acid citric \u2713Bland cu scalpul bebelusului [&#8230;]\n","protected":false},"featured_media":60233,"comment_status":"open","ping_status":"closed","template":"","meta":{"_acf_changed":false,"_seopress_robots_primary_cat":"1940","_seopress_titles_title":"","_seopress_titles_desc":"","_seopress_robots_index":""},"product_brand":[7974],"product_cat":[1520,1940],"giftcard-category":[],"class_list":{"0":"post-60231","1":"product","2":"type-product","3":"status-publish","4":"has-post-thumbnail","6":"product_brand-bon-bebe","7":"product_cat-mama-copilul","8":"product_cat-sampoane-detergenti","10":"first","11":"instock","12":"taxable","13":"shipping-taxable","14":"purchasable","15":"product-type-simple"},"acf":[],"_links":{"self":[{"href":"https:\/\/totalblue.ro\/it\/wp-json\/wp\/v2\/product\/60231","targetHints":{"allow":["GET"]}}],"collection":[{"href":"https:\/\/totalblue.ro\/it\/wp-json\/wp\/v2\/product"}],"about":[{"href":"https:\/\/totalblue.ro\/it\/wp-json\/wp\/v2\/types\/product"}],"replies":[{"embeddable":true,"href":"https:\/\/totalblue.ro\/it\/wp-json\/wp\/v2\/comments?post=60231"}],"wp:featuredmedia":[{"embeddable":true,"href":"https:\/\/totalblue.ro\/it\/wp-json\/wp\/v2\/media\/60233"}],"wp:attachment":[{"href":"https:\/\/totalblue.ro\/it\/wp-json\/wp\/v2\/media?parent=60231"}],"wp:term":[{"taxonomy":"product_brand","embeddable":true,"href":"https:\/\/totalblue.ro\/it\/wp-json\/wp\/v2\/product_brand?post=60231"},{"taxonomy":"product_cat","embeddable":true,"href":"https:\/\/totalblue.ro\/it\/wp-json\/wp\/v2\/product_cat?post=60231"},{"taxonomy":"giftcard-category","embeddable":true,"href":"https:\/\/totalblue.ro\/it\/wp-json\/wp\/v2\/giftcard-category?post=60231"}],"curies":[{"name":"wp","href":"https:\/\/api.w.org\/{rel}","templated":true}]}}