{"id":60322,"date":"2022-08-30T15:33:40","date_gmt":"2022-08-30T12:33:40","guid":{"rendered":"https:\/\/totalblue.ro\/?post_type=product&#038;p=60322"},"modified":"2025-11-28T15:32:03","modified_gmt":"2025-11-28T13:32:03","slug":"lays-bugles-nacho-chipsuri-branza-import-olanda-125-g","status":"publish","type":"product","link":"https:\/\/totalblue.ro\/it\/produs\/lays-bugles-nacho-chipsuri-branza-import-olanda-125-g\/","title":{"rendered":"Lay's Bugles Patatine al formaggio nacho importate dall'Olanda, 125 g"},"content":{"rendered":"<p>Lay's Bugles Patatine al formaggio nacho importate dall'Olanda, 125 g<br \/>\nIngrediente : <span class=\"Y2IQFc\" lang=\"ro\">porumb, ulei de floarea soarelui, gust de br\u00e2nz\u0103 [lapte praf mic (lapte), br\u00e2nz\u0103 pudr\u0103, lapte praf b\u0103tut, arme, praf de ceap\u0103, pudr\u0103 de ro\u0219ii, poten\u021biatori de arom\u0103 (glutamat monosodic, 5\u2019-ribonucleotid disodic), pudr\u0103 de usturoi, corectori de acid (citric) acid, acid lactic), coloran\u021bi (extract de boia, rocou), ulei de rapi\u021b\u0103<br \/>\nValori nutrizionali \/ 100 g:<br \/>\nEnergie: 2212 kJ \/ 529 kcal<br \/>\nGrasimi 30 g din care acizi grasi saturati 2.9 g<br \/>\nCarbohidrati 58 g sau care zaharuri 6.4 g<br \/>\nFibre: 1 g<br \/>\nProteine: 5.9 g<br \/>\nSare: 1.7 g<br \/>\n<\/span><\/p>\n<p>Fabricat de PepsiCo Nederland BV, Zonnebaan 35, 3542 EB Utrecht, Olanda<br \/>\nImportatore e distributore Total Blue Impex SRL<\/p>\n<p><a href=\"https:\/\/totalblue.ro\/wp-content\/uploads\/2021\/04\/nutriscore-d.jpg\"><img loading=\"lazy\" decoding=\"async\" class=\"alignnone wp-image-53426\" src=\"https:\/\/totalblue.ro\/wp-content\/uploads\/2021\/04\/nutriscore-d.jpg\" alt=\"\" width=\"125\" height=\"68\" srcset=\"https:\/\/totalblue.ro\/wp-content\/uploads\/2021\/04\/nutriscore-d.jpg 300w, https:\/\/totalblue.ro\/wp-content\/uploads\/2021\/04\/nutriscore-d-96x52.jpg 96w, https:\/\/totalblue.ro\/wp-content\/uploads\/2021\/04\/nutriscore-d-42x23.jpg 42w, https:\/\/totalblue.ro\/wp-content\/uploads\/2021\/04\/nutriscore-d-60x33.jpg 60w, https:\/\/totalblue.ro\/wp-content\/uploads\/2021\/04\/nutriscore-d-100x54.jpg 100w\" sizes=\"auto, (max-width: 125px) 100vw, 125px\" \/><\/a><\/p>","protected":false},"excerpt":{"rendered":"<p>Lay&#8217;s Bugles Nacho chipsuri branza import Olanda, 125 g Ingrediente : porumb, ulei de floarea soarelui, gust de br\u00e2nz\u0103 [lapte praf mic (lapte), br\u00e2nz\u0103 pudr\u0103, lapte praf b\u0103tut, arme, praf de ceap\u0103, pudr\u0103 de ro\u0219ii, poten\u021biatori de arom\u0103 (glutamat monosodic, 5\u2019-ribonucleotid disodic), pudr\u0103 de usturoi, corectori de acid (citric) acid, acid lactic), coloran\u021bi (extract de [&#8230;]\n","protected":false},"featured_media":60324,"comment_status":"open","ping_status":"closed","template":"","meta":{"_acf_changed":false,"_seopress_robots_primary_cat":"none","_seopress_titles_title":"Lay's Bugles Nacho chipsuri branza import Olanda, 125 g","_seopress_titles_desc":"Cauti nacho? Cauti chipsuri cu branza? Cumpara acum Lay's Bugles Nacho chipsuri branza, nacho cu branza, chipsuri cu branza, chipsuri de malai.","_seopress_robots_index":""},"product_brand":[9795],"product_cat":[1555,3338,7021,1767],"giftcard-category":[],"class_list":{"0":"post-60322","1":"product","2":"type-product","3":"status-publish","4":"has-post-thumbnail","6":"product_brand-lays","7":"product_cat-bacanie","8":"product_cat-dulciuri-snacksuri","9":"product_cat-dulciuri-snacks","10":"product_cat-produse-olanda","12":"first","13":"outofstock","14":"taxable","15":"shipping-taxable","16":"purchasable","17":"product-type-simple"},"acf":[],"_links":{"self":[{"href":"https:\/\/totalblue.ro\/it\/wp-json\/wp\/v2\/product\/60322","targetHints":{"allow":["GET"]}}],"collection":[{"href":"https:\/\/totalblue.ro\/it\/wp-json\/wp\/v2\/product"}],"about":[{"href":"https:\/\/totalblue.ro\/it\/wp-json\/wp\/v2\/types\/product"}],"replies":[{"embeddable":true,"href":"https:\/\/totalblue.ro\/it\/wp-json\/wp\/v2\/comments?post=60322"}],"wp:featuredmedia":[{"embeddable":true,"href":"https:\/\/totalblue.ro\/it\/wp-json\/wp\/v2\/media\/60324"}],"wp:attachment":[{"href":"https:\/\/totalblue.ro\/it\/wp-json\/wp\/v2\/media?parent=60322"}],"wp:term":[{"taxonomy":"product_brand","embeddable":true,"href":"https:\/\/totalblue.ro\/it\/wp-json\/wp\/v2\/product_brand?post=60322"},{"taxonomy":"product_cat","embeddable":true,"href":"https:\/\/totalblue.ro\/it\/wp-json\/wp\/v2\/product_cat?post=60322"},{"taxonomy":"giftcard-category","embeddable":true,"href":"https:\/\/totalblue.ro\/it\/wp-json\/wp\/v2\/giftcard-category?post=60322"}],"curies":[{"name":"wp","href":"https:\/\/api.w.org\/{rel}","templated":true}]}}