{"id":61087,"date":"2022-09-07T11:30:30","date_gmt":"2022-09-07T08:30:30","guid":{"rendered":"https:\/\/totalblue.ro\/?post_type=product&#038;p=61087"},"modified":"2025-08-01T10:28:42","modified_gmt":"2025-08-01T07:28:42","slug":"alete-biscuiti-bebelusi-8-luni-180-g","status":"publish","type":"product","link":"https:\/\/totalblue.ro\/it\/produs\/alete-biscuiti-bebelusi-8-luni-180-g\/","title":{"rendered":"Biscotti per bambini Alete 8+ mesi 180 g"},"content":{"rendered":"<div id=\"tab-description\" class=\"woocommerce-Tabs-panel woocommerce-Tabs-panel--description panel entry-content active\" role=\"tabpanel\" aria-labelledby=\"tab-title-description\">\n<div id=\"tab-description\" class=\"woocommerce-Tabs-panel woocommerce-Tabs-panel--description panel entry-content active\" role=\"tabpanel\" aria-labelledby=\"tab-title-description\">\n<p>Biscuitii pentru bebelusi sunt o sursa de calciu, fibre si vitamina B1.<br \/>\n<strong>Biscuitii Alete sunt recomandati de la 8+ luni.<br \/>\nBiscuitii Alete pot fi atat a<\/strong><strong>mestecati in meniul bebelusului, cat si consumati\/rontaiti ca atare.<br \/>\n<\/strong>Acest produs are deja zahar, nu adaugati zahar.<\/p>\n<p><strong>Ingrediente: <\/strong><span class=\"Y2IQFc\" lang=\"ro\">F\u0102IN\u0102 DE GR\u00c2U (81%), zah\u0103r, ulei de floarea soarelui, UT, agen\u021bi de cre\u0219tere: carbona\u021bi de amoniu, bicarbonat de sodiu, tartra\u021bi de potasiu; Arome naturale, tiamina.<br \/>\n<\/span><strong>Allergeni<\/strong>: Contine lapte si derivate din lapte<br \/>\nContine alte cereale care contin gluten sau hibrizi ai acestuia<br \/>\nPoate contine urme de boabe de soia si derivati \u200b\u200bdin boabe de soia<strong><br \/>\nDepozitare: <\/strong>A se pastra intr-un loc intunecat si uscat. Protejati de caldura, maxim 25\u00b0C .<strong><br \/>\n<\/strong><\/p>\n<p><strong>Valori nutrizionali\/100g:<br \/>\n<\/strong>Energie 1805 kJ (428 kcal)<br \/>\nGrasimi 11 g din care grasimi saturate 1,6 g<br \/>\nCarbohidra\u021bi 73 g din care zaharuri 17 g<br \/>\nFibra alimentare 2,4 g<br \/>\nProteine 8 g<br \/>\nSare 0,13 g<br \/>\nVitamina B1 \/ Tiamina 0,8 mg<\/p>\n<\/div>\n<\/div>","protected":false},"excerpt":{"rendered":"<p>Biscuitii pentru bebelusi sunt o sursa de calciu, fibre si vitamina B1. Biscuitii Alete sunt recomandati de la 8+ luni. Biscuitii Alete pot fi atat amestecati in meniul bebelusului, cat si consumati\/rontaiti ca atare. Acest produs are deja zahar, nu adaugati zahar. Ingrediente: F\u0102IN\u0102 DE GR\u00c2U (81%), zah\u0103r, ulei de floarea soarelui, UT, agen\u021bi de [&#8230;]\n","protected":false},"featured_media":61089,"comment_status":"open","ping_status":"closed","template":"","meta":{"_acf_changed":false,"_seopress_robots_primary_cat":"1767","_seopress_titles_title":"","_seopress_titles_desc":"","_seopress_robots_index":""},"product_brand":[11779],"product_cat":[3338,1984,1520,20200,5677,1950,1767],"giftcard-category":[],"class_list":{"0":"post-61087","1":"product","2":"type-product","3":"status-publish","4":"has-post-thumbnail","6":"product_brand-alete","7":"product_cat-dulciuri-snacksuri","8":"product_cat-hrana-bebelusi","9":"product_cat-mama-copilul","10":"product_cat-mancare-bebe","11":"product_cat-mancare-si-accesorii-bebe","12":"product_cat-produse-germania","13":"product_cat-produse-olanda","15":"first","16":"outofstock","17":"taxable","18":"shipping-taxable","19":"purchasable","20":"product-type-simple"},"acf":[],"_links":{"self":[{"href":"https:\/\/totalblue.ro\/it\/wp-json\/wp\/v2\/product\/61087","targetHints":{"allow":["GET"]}}],"collection":[{"href":"https:\/\/totalblue.ro\/it\/wp-json\/wp\/v2\/product"}],"about":[{"href":"https:\/\/totalblue.ro\/it\/wp-json\/wp\/v2\/types\/product"}],"replies":[{"embeddable":true,"href":"https:\/\/totalblue.ro\/it\/wp-json\/wp\/v2\/comments?post=61087"}],"wp:featuredmedia":[{"embeddable":true,"href":"https:\/\/totalblue.ro\/it\/wp-json\/wp\/v2\/media\/61089"}],"wp:attachment":[{"href":"https:\/\/totalblue.ro\/it\/wp-json\/wp\/v2\/media?parent=61087"}],"wp:term":[{"taxonomy":"product_brand","embeddable":true,"href":"https:\/\/totalblue.ro\/it\/wp-json\/wp\/v2\/product_brand?post=61087"},{"taxonomy":"product_cat","embeddable":true,"href":"https:\/\/totalblue.ro\/it\/wp-json\/wp\/v2\/product_cat?post=61087"},{"taxonomy":"giftcard-category","embeddable":true,"href":"https:\/\/totalblue.ro\/it\/wp-json\/wp\/v2\/giftcard-category?post=61087"}],"curies":[{"name":"wp","href":"https:\/\/api.w.org\/{rel}","templated":true}]}}