{"id":61291,"date":"2022-09-07T13:28:07","date_gmt":"2022-09-07T10:28:07","guid":{"rendered":"https:\/\/totalblue.ro\/?post_type=product&#038;p=61291"},"modified":"2025-08-22T09:02:02","modified_gmt":"2025-08-22T06:02:02","slug":"lapte-de-continuare-nestle-beba-3-10-luni-800-g","status":"publish","type":"product","link":"https:\/\/totalblue.ro\/it\/produs\/lapte-de-continuare-nestle-beba-3-10-luni-800-g\/","title":{"rendered":"Latte di proseguimento Nestle BEBA 3, 10+ mesi 800 g"},"content":{"rendered":"<p>Formula de lapte praf BEBA 3 este recomandata pentru varsta de 10+luni.<br \/>\nNestl\u00e9 BEBA 3 este adaptat nevoilor nutritionale specifice ale bebelusului dumneavoastra incepand cu varsta de 10 luni, daca i se ofera o hrana complementara adecvata si sprijina dezvoltarea sanatoasa a acestuia.<br \/>\n- Contiene HMO* (Oligosaccaridi del latte umano) - blocchi unici che si trovano solo nel latte materno *non derivati dal latte materno<br \/>\n- Contiene oli vegetali senza olio di palma<br \/>\n- In seguito all'allattamento al seno o al latte artificiale<br \/>\n- Sostiene il normale sviluppo del cervello e delle cellule nervose grazie all'acido grasso Omega-3 alfa-linolenico (ALA) (come richiesto dalla legge)<br \/>\n- Per una dieta adeguata all'et\u00e0<br \/>\n- Supporta il normale sviluppo osseo con il calcio (come richiesto dalla legge)<br \/>\n- Prodotto brevettato<br \/>\nContenuto: 800 g, Importazione dalla Germania.<br \/>\nConservare nella confezione originale non aperta a temperatura ambiente (max 25 \u00b0C) e in condizioni di conservazione asciutte. Dopo l'apertura consumare entro 21 giorni al massimo.<br \/>\n<strong>Ingrediente: <\/strong>Lapte degresat, lactoza (din lapte), produs din zer, uleiuri vegetale (8,4%) (floarea soarelui, rapita), grasime de cocos, citrat de calciu, lecitine emulgatoare (SOIA), ortofosfat de sodiu, ULEI DE PESTE, citrat de potasiu, clorura de potasiu, L- fenilalanina, 2`-fucozilactoza, amestec de vitamine (vitamina C, vitamina E, niacina, acid pantotenic, tiamina, vitamina A, riboflavina, vitamina B6, acid folic, vitamina K, vitamina D, biotina, vitamina B12), clorura de magneziu, potasiu Ortofosfat, L-leucina, L-izoleucina, L-triptofan, LHistidina, sulfat feros, sulfat de zinc, bacterii lactice (Lactobacillus reuteri)*, sulfat de cupru, sulfat de mangan, iodura de potasiu, selenat de sodiu.<br \/>\nAllergeni: latte, soia, pesce<br \/>\n<strong>Utilizzo:<\/strong><br \/>\n1. Far bollire l'acqua e lasciarla raffreddare fino a 40<span class=\"\">\u00b0C<\/span>.<br \/>\n2. <span class=\"goog-text-highlight\">Versare nella bottiglia 2\/3 della quantit\u00e0 d'acqua necessaria.<br \/>\n3. Misurare e aggiungere la quantit\u00e0 di latte in polvere necessaria in base all'et\u00e0 del bambino, utilizzando il misurino incluso nella confezione.<br \/>\n4. Chiudere il flacone e agitare.<br \/>\n5. Aggiungere l'acqua rimanente e agitare bene.<br \/>\n6. Controllare che il contenuto della bottiglia sia a temperatura di consumo (circa 37\u00b0C). <\/span><\/p>\n<p><a href=\"https:\/\/racekids.ro\/wp-content\/uploads\/2022\/04\/little-steps-2-mod-de-pregatire.jpg\"><img loading=\"lazy\" decoding=\"async\" class=\"alignnone size-full wp-image-63216\" src=\"https:\/\/racekids.ro\/wp-content\/uploads\/2022\/04\/little-steps-2-mod-de-pregatire.jpg\" alt=\"\" width=\"725\" height=\"543\" \/><\/a><\/p>\n<article class=\"contentContainerTyp12\" data-qa-id=\"ProductPreparationContentFeeding\">\n<table class=\"contentTable\" border=\"2\" data-qa-id=\"ProductFeeding\">\n<tbody>\n<tr align=\"center\" data-qa-id=\"ProductFeedingRow\">\n<th data-qa-id=\"ProductFeedingColumn\">Et\u00e0 del bambino<\/th>\n<th data-qa-id=\"ProductFeedingColumn\">Bottiglia\/giorno<\/th>\n<th data-qa-id=\"ProductFeedingColumn\">Contenuto della bottiglia<br \/>\n(ml)<\/th>\n<th data-qa-id=\"ProductFeedingColumn\">Acqua necessaria<br \/>\nper bottiglia (ml)<\/th>\n<th data-qa-id=\"ProductFeedingColumn\">Cucchiaio di misurazione<br \/>\nBEBA 3<\/th>\n<\/tr>\n<tr align=\"center\" data-qa-id=\"ProductFeedingRow\">\n<td data-qa-id=\"ProductFeedingTitle\">10 luni<\/td>\n<td data-qa-id=\"ProductFeedingTitle\">1-2<\/td>\n<td data-qa-id=\"ProductFeedingTitle\">235<\/td>\n<td data-qa-id=\"ProductFeedingTitle\">210<\/td>\n<td data-qa-id=\"ProductFeedingTitle\">7<\/td>\n<\/tr>\n<\/tbody>\n<\/table>\n<\/article>\n<article class=\"tab-content__item\">\n<section class=\"tab-content__item\" data-qa-id=\"ProductPreparationSpoonweight\">1 lingur\u0103 de m\u0103surare nivel\u0103 = aproximativ 4,3 g BEBA 3<\/section>\n<\/article>\n<p><span class=\"goog-text-highlight\"><br \/>\n<strong>Valori nutritionale<\/strong><br \/>\n<\/span><\/p>\n<table class=\"contentTable sf-table__table\" style=\"height: 1143px\" border=\"2\" width=\"352\">\n<thead data-qa-id=\"ProductNutritionUnit\">\n<tr>\n<th class=\"headcol\">Valoare nutritionala<\/th>\n<th>Produs gata de consum<br \/>\n(100 ml)<\/th>\n<\/tr>\n<\/thead>\n<tbody data-qa-id=\"ProductNutritionInfo\">\n<tr>\n<td class=\"headcol\" data-qa-id=\"ProductNutritionInfoTitle\">Energia<\/td>\n<td data-qa-id=\"ProductNutritionInfoCopy\">272 kJ \/ 65 kcal<\/td>\n<\/tr>\n<tr>\n<td class=\"headcol\" data-qa-id=\"ProductNutritionInfoTitle\">Grasso<\/td>\n<td data-qa-id=\"ProductNutritionInfoCopy\">3,1 g<\/td>\n<\/tr>\n<tr>\n<td class=\"headcol\" data-qa-id=\"ProductNutritionInfoTitle\">-Acidi grassi insaturi<\/td>\n<td data-qa-id=\"ProductNutritionInfoCopy\">0,3 g<\/td>\n<\/tr>\n<tr>\n<td class=\"headcol\" data-qa-id=\"ProductNutritionInfoTitle\">-acidi grassi moninsaturi<\/td>\n<td data-qa-id=\"ProductNutritionInfoCopy\">2 g<\/td>\n<\/tr>\n<tr>\n<td class=\"headcol\" data-qa-id=\"ProductNutritionInfoTitle\">-acidi grassi polinsaturi<\/td>\n<td data-qa-id=\"ProductNutritionInfoCopy\">0,6 g<\/td>\n<\/tr>\n<tr>\n<td class=\"headcol\" data-qa-id=\"ProductNutritionInfoTitle\">Carboidrati<\/td>\n<td data-qa-id=\"ProductNutritionInfoCopy\">8 g<\/td>\n<\/tr>\n<tr>\n<td class=\"headcol\" data-qa-id=\"ProductNutritionInfoTitle\">-Zucchero<\/td>\n<td data-qa-id=\"ProductNutritionInfoCopy\">8 g<\/td>\n<\/tr>\n<tr>\n<td class=\"headcol\" data-qa-id=\"ProductNutritionInfoTitle\">-di cui lattosio<\/td>\n<td data-qa-id=\"ProductNutritionInfoCopy\">8 g<\/td>\n<\/tr>\n<tr>\n<td class=\"headcol\" data-qa-id=\"ProductNutritionInfoTitle\">Fibra<\/td>\n<td data-qa-id=\"ProductNutritionInfoCopy\">0.05 g<\/td>\n<\/tr>\n<tr>\n<td class=\"headcol\" data-qa-id=\"ProductNutritionInfoTitle\">Proteine<\/td>\n<td data-qa-id=\"ProductNutritionInfoCopy\">1,1 g<\/td>\n<\/tr>\n<tr>\n<td class=\"headcol\" data-qa-id=\"ProductNutritionInfoTitle\">Vitamina A<\/td>\n<td data-qa-id=\"ProductNutritionInfoCopy\">59,8 ug<\/td>\n<\/tr>\n<tr>\n<td class=\"headcol\" data-qa-id=\"ProductNutritionInfoTitle\">Vitamina D<\/td>\n<td data-qa-id=\"ProductNutritionInfoCopy\">1,6 ug<\/td>\n<\/tr>\n<tr>\n<td class=\"headcol\" data-qa-id=\"ProductNutritionInfoTitle\">Vitamina E<\/td>\n<td data-qa-id=\"ProductNutritionInfoCopy\">1,7 mg<\/td>\n<\/tr>\n<tr>\n<td class=\"headcol\" data-qa-id=\"ProductNutritionInfoTitle\">Vitamina K<\/td>\n<td data-qa-id=\"ProductNutritionInfoCopy\">5.1 ug<\/td>\n<\/tr>\n<tr>\n<td class=\"headcol\" data-qa-id=\"ProductNutritionInfoTitle\">Vitamina C<\/td>\n<td data-qa-id=\"ProductNutritionInfoCopy\">12 mg<\/td>\n<\/tr>\n<tr>\n<td class=\"headcol\" data-qa-id=\"ProductNutritionInfoTitle\">tiamina<\/td>\n<td data-qa-id=\"ProductNutritionInfoCopy\">0.075 mg<\/td>\n<\/tr>\n<tr>\n<td class=\"headcol\" data-qa-id=\"ProductNutritionInfoTitle\">riboflavina<\/td>\n<td data-qa-id=\"ProductNutritionInfoCopy\">0,17 mg<\/td>\n<\/tr>\n<tr>\n<td class=\"headcol\" data-qa-id=\"ProductNutritionInfoTitle\">niacina<\/td>\n<td data-qa-id=\"ProductNutritionInfoCopy\">0.55 mg<\/td>\n<\/tr>\n<tr>\n<td class=\"headcol\" data-qa-id=\"ProductNutritionInfoTitle\">Vitamina B6<\/td>\n<td data-qa-id=\"ProductNutritionInfoCopy\">0.044 mg<\/td>\n<\/tr>\n<tr>\n<td class=\"headcol\" data-qa-id=\"ProductNutritionInfoTitle\">acido folico<\/td>\n<td data-qa-id=\"ProductNutritionInfoCopy\">20.2 ug<\/td>\n<\/tr>\n<tr>\n<td class=\"headcol\" data-qa-id=\"ProductNutritionInfoTitle\">Vitamina B12<\/td>\n<td data-qa-id=\"ProductNutritionInfoCopy\">0.18 ug<\/td>\n<\/tr>\n<tr>\n<td class=\"headcol\" data-qa-id=\"ProductNutritionInfoTitle\">biotina<\/td>\n<td data-qa-id=\"ProductNutritionInfoCopy\">1.9 ug<\/td>\n<\/tr>\n<tr>\n<td class=\"headcol\" data-qa-id=\"ProductNutritionInfoTitle\">acido pantotenico<\/td>\n<td data-qa-id=\"ProductNutritionInfoCopy\">0.44 mg<\/td>\n<\/tr>\n<tr>\n<td class=\"headcol\" data-qa-id=\"ProductNutritionInfoTitle\">sodio<\/td>\n<td data-qa-id=\"ProductNutritionInfoCopy\">33 mg<\/td>\n<\/tr>\n<tr>\n<td class=\"headcol\" data-qa-id=\"ProductNutritionInfoTitle\">potassio<\/td>\n<td data-qa-id=\"ProductNutritionInfoCopy\">86.7 mg<\/td>\n<\/tr>\n<tr>\n<td class=\"headcol\" data-qa-id=\"ProductNutritionInfoTitle\">cloruro<\/td>\n<td data-qa-id=\"ProductNutritionInfoCopy\">46.8 mg<\/td>\n<\/tr>\n<tr>\n<td class=\"headcol\" data-qa-id=\"ProductNutritionInfoTitle\">calcio<\/td>\n<td data-qa-id=\"ProductNutritionInfoCopy\">63.7 mg<\/td>\n<\/tr>\n<tr>\n<td class=\"headcol\" data-qa-id=\"ProductNutritionInfoTitle\">fosforo<\/td>\n<td data-qa-id=\"ProductNutritionInfoCopy\">39 mg<\/td>\n<\/tr>\n<tr>\n<td class=\"headcol\" data-qa-id=\"ProductNutritionInfoTitle\">magnesio<\/td>\n<td data-qa-id=\"ProductNutritionInfoCopy\">4.16 mg<\/td>\n<\/tr>\n<tr>\n<td class=\"headcol\" data-qa-id=\"ProductNutritionInfoTitle\">orgoglioso<\/td>\n<td data-qa-id=\"ProductNutritionInfoCopy\">0.86 mg<\/td>\n<\/tr>\n<tr>\n<td class=\"headcol\" data-qa-id=\"ProductNutritionInfoTitle\">zinco<\/td>\n<td data-qa-id=\"ProductNutritionInfoCopy\">0,47 mg<\/td>\n<\/tr>\n<tr>\n<td class=\"headcol\" data-qa-id=\"ProductNutritionInfoTitle\">rame<\/td>\n<td data-qa-id=\"ProductNutritionInfoCopy\">0.052 mg<\/td>\n<\/tr>\n<tr>\n<td class=\"headcol\" data-qa-id=\"ProductNutritionInfoTitle\">mangano<\/td>\n<td data-qa-id=\"ProductNutritionInfoCopy\">0.022 mg<\/td>\n<\/tr>\n<tr>\n<td class=\"headcol\" data-qa-id=\"ProductNutritionInfoTitle\">fluoro<\/td>\n<td data-qa-id=\"ProductNutritionInfoCopy\">&lt; 0.0078 mg<\/td>\n<\/tr>\n<tr>\n<td class=\"headcol\" data-qa-id=\"ProductNutritionInfoTitle\">selenio<\/td>\n<td data-qa-id=\"ProductNutritionInfoCopy\">3.3 ug<\/td>\n<\/tr>\n<tr>\n<td class=\"headcol\" data-qa-id=\"ProductNutritionInfoTitle\">Iodio<\/td>\n<td data-qa-id=\"ProductNutritionInfoCopy\">13.7 ug<\/td>\n<\/tr>\n<tr>\n<td class=\"headcol\" data-qa-id=\"ProductNutritionInfoTitle\"><\/td>\n<td data-qa-id=\"ProductNutritionInfoCopy\"><\/td>\n<\/tr>\n<tr>\n<td class=\"headcol\" data-qa-id=\"ProductNutritionInfoTitle\"><\/td>\n<td data-qa-id=\"ProductNutritionInfoCopy\"><\/td>\n<\/tr>\n<tr>\n<td class=\"headcol\" data-qa-id=\"ProductNutritionInfoTitle\"><\/td>\n<td data-qa-id=\"ProductNutritionInfoCopy\"><\/td>\n<\/tr>\n<tr>\n<td class=\"headcol\" data-qa-id=\"ProductNutritionInfoTitle\"><\/td>\n<td data-qa-id=\"ProductNutritionInfoCopy\"><\/td>\n<\/tr>\n<\/tbody>\n<\/table>","protected":false},"excerpt":{"rendered":"<p>Formula de lapte praf BEBA 3 este recomandata pentru varsta de 10+luni. Nestl\u00e9 BEBA 3 este adaptat nevoilor nutritionale specifice ale bebelusului dumneavoastra incepand cu varsta de 10 luni, daca i se ofera o hrana complementara adecvata si sprijina dezvoltarea sanatoasa a acestuia. \u2022 Contine HMO* (Human Milk Oligozaharides) \u2013 blocuri unice care se gasesc [&#8230;]\n","protected":false},"featured_media":178046,"comment_status":"open","ping_status":"closed","template":"","meta":{"_acf_changed":false,"_seopress_robots_primary_cat":"1767","_seopress_titles_title":"","_seopress_titles_desc":"","_seopress_robots_index":""},"product_brand":[6197],"product_cat":[1984,1520,20200,5677,1950,1767],"giftcard-category":[],"class_list":{"0":"post-61291","1":"product","2":"type-product","3":"status-publish","4":"has-post-thumbnail","6":"product_brand-nestle","7":"product_cat-hrana-bebelusi","8":"product_cat-mama-copilul","9":"product_cat-mancare-bebe","10":"product_cat-mancare-si-accesorii-bebe","11":"product_cat-produse-germania","12":"product_cat-produse-olanda","14":"first","15":"outofstock","16":"taxable","17":"shipping-taxable","18":"purchasable","19":"product-type-simple"},"acf":[],"_links":{"self":[{"href":"https:\/\/totalblue.ro\/it\/wp-json\/wp\/v2\/product\/61291","targetHints":{"allow":["GET"]}}],"collection":[{"href":"https:\/\/totalblue.ro\/it\/wp-json\/wp\/v2\/product"}],"about":[{"href":"https:\/\/totalblue.ro\/it\/wp-json\/wp\/v2\/types\/product"}],"replies":[{"embeddable":true,"href":"https:\/\/totalblue.ro\/it\/wp-json\/wp\/v2\/comments?post=61291"}],"wp:featuredmedia":[{"embeddable":true,"href":"https:\/\/totalblue.ro\/it\/wp-json\/wp\/v2\/media\/178046"}],"wp:attachment":[{"href":"https:\/\/totalblue.ro\/it\/wp-json\/wp\/v2\/media?parent=61291"}],"wp:term":[{"taxonomy":"product_brand","embeddable":true,"href":"https:\/\/totalblue.ro\/it\/wp-json\/wp\/v2\/product_brand?post=61291"},{"taxonomy":"product_cat","embeddable":true,"href":"https:\/\/totalblue.ro\/it\/wp-json\/wp\/v2\/product_cat?post=61291"},{"taxonomy":"giftcard-category","embeddable":true,"href":"https:\/\/totalblue.ro\/it\/wp-json\/wp\/v2\/giftcard-category?post=61291"}],"curies":[{"name":"wp","href":"https:\/\/api.w.org\/{rel}","templated":true}]}}