{"id":63048,"date":"2022-09-19T15:25:43","date_gmt":"2022-09-19T12:25:43","guid":{"rendered":"https:\/\/totalblue.ro\/?post_type=product&#038;p=63048"},"modified":"2025-08-06T11:31:34","modified_gmt":"2025-08-06T08:31:34","slug":"masline-verzi-manzanilla-cu-crema-de-hamsii-200g-copy","status":"publish","type":"product","link":"https:\/\/totalblue.ro\/it\/produs\/masline-verzi-manzanilla-cu-crema-de-hamsii-200g-copy\/","title":{"rendered":"Olive Kattus Manzanilla con crema al peperoncino 200 g, importate dalla Germania"},"content":{"rendered":"<p>Maslinele Manzanilla sunt o varietate clasica de m\u0103sline. Coapte \u00een mod natural la soare \u00een livezile de maslini din Spania, sunt samburiate dupa recoltare atenta. Rafinate, umplute cu o crema clasica de jalape\u00f1o si marinate intr-o saramura picanta, maslinele de masa verzi, tarte, aromate de prima calitate au un gust minunat ca antipasti, tapas sau gustare.<br \/>\nIngrediente: Apa, masline, crema de ardei iute (4%) (ardei iute, apa, stabilizator: alginat de sodiu), sare de masa, acidifiant: acid lactic, acid citric; Antioxidant: acid ascorbic.<\/p>\n<p>Valori nutritionale per 100ml<br \/>\nEnergie 594 kJ \/ 144 kcal<br \/>\nGrasimi 15 g din care acizi grasi saturati 3 g<br \/>\nCarbohidrati 0,1 g din care zahar 0,1 g<br \/>\nAlbus de ou 1,0 g<br \/>\nSare 3,5 g<\/p>\n<p>Confezione: barattolo di metallo con chiave (per aprire il coperchio)<br \/>\nInstructiuni de pastrare: Maslinele pot contine inca samburi sau parti din acestea. Nu depozitati masline intr-o cutie deschisa. . Pastrati la loc uscat , la temperatura ambianta.<br \/>\nCertificare Gr\u00fcner Punkt &#8211; ARA (eticheta de ambalare).<\/p>\n<p>Producator Theodor Kattus GmbH, Industriestra\u00dfe 25, 49201 Dissen a.T.W. Germania<br \/>\nImportator Total Blue Impex SRL, Romania, Bucuresti.<\/p>","protected":false},"excerpt":{"rendered":"<p>Maslinele Manzanilla sunt o varietate clasica de m\u0103sline. Coapte \u00een mod natural la soare \u00een livezile de maslini din Spania, sunt samburiate dupa recoltare atenta. Rafinate, umplute cu o crema clasica de jalape\u00f1o si marinate intr-o saramura picanta, maslinele de masa verzi, tarte, aromate de prima calitate au un gust minunat ca antipasti, tapas sau [&#8230;]\n","protected":false},"featured_media":63050,"comment_status":"open","ping_status":"closed","template":"","meta":{"_acf_changed":false,"_seopress_robots_primary_cat":"none","_seopress_titles_title":"","_seopress_titles_desc":"","_seopress_robots_index":""},"product_brand":[4608],"product_cat":[1555,1683,3272,3372,1950,1767],"giftcard-category":[],"class_list":{"0":"post-63048","1":"product","2":"type-product","3":"status-publish","4":"has-post-thumbnail","6":"product_brand-kattus","7":"product_cat-bacanie","8":"product_cat-conserve-mancare-gatita","9":"product_cat-conserve","10":"product_cat-conserve-produse-germania","11":"product_cat-produse-germania","12":"product_cat-produse-olanda","14":"first","15":"outofstock","16":"taxable","17":"shipping-taxable","18":"purchasable","19":"product-type-simple"},"acf":[],"_links":{"self":[{"href":"https:\/\/totalblue.ro\/it\/wp-json\/wp\/v2\/product\/63048","targetHints":{"allow":["GET"]}}],"collection":[{"href":"https:\/\/totalblue.ro\/it\/wp-json\/wp\/v2\/product"}],"about":[{"href":"https:\/\/totalblue.ro\/it\/wp-json\/wp\/v2\/types\/product"}],"replies":[{"embeddable":true,"href":"https:\/\/totalblue.ro\/it\/wp-json\/wp\/v2\/comments?post=63048"}],"wp:featuredmedia":[{"embeddable":true,"href":"https:\/\/totalblue.ro\/it\/wp-json\/wp\/v2\/media\/63050"}],"wp:attachment":[{"href":"https:\/\/totalblue.ro\/it\/wp-json\/wp\/v2\/media?parent=63048"}],"wp:term":[{"taxonomy":"product_brand","embeddable":true,"href":"https:\/\/totalblue.ro\/it\/wp-json\/wp\/v2\/product_brand?post=63048"},{"taxonomy":"product_cat","embeddable":true,"href":"https:\/\/totalblue.ro\/it\/wp-json\/wp\/v2\/product_cat?post=63048"},{"taxonomy":"giftcard-category","embeddable":true,"href":"https:\/\/totalblue.ro\/it\/wp-json\/wp\/v2\/giftcard-category?post=63048"}],"curies":[{"name":"wp","href":"https:\/\/api.w.org\/{rel}","templated":true}]}}