{"id":63361,"date":"2022-09-21T12:41:11","date_gmt":"2022-09-21T09:41:11","guid":{"rendered":"https:\/\/totalblue.ro\/?post_type=product&#038;p=63361"},"modified":"2025-08-04T11:27:39","modified_gmt":"2025-08-04T08:27:39","slug":"cupper-ceai-eco-tip-infuzie-cu-capsuni-si-vanilie-20-pliculete-x2-g-import-germania","status":"publish","type":"product","link":"https:\/\/totalblue.ro\/it\/produs\/cupper-ceai-eco-tip-infuzie-cu-capsuni-si-vanilie-20-pliculete-x2-g-import-germania\/","title":{"rendered":"Cupper Eco Tea con infuso di fragola e vaniglia, 20 bustine x2 g, importato dalla Germania"},"content":{"rendered":"<p>Ingrediente: Hibiscus, macese, rooibos, radacina de lemn dulce, aroma naturala de capsuni cu alte arome naturale 4%, vanilie 3%, arome naturale 3%, coaja de portocala. Ingrediente provenite din agricultura ecologica NON-UE.<br \/>\nDetalii de utilizare<br \/>\nContine lemn dulce &#8211; persoanele cu tensiune arteriala ridicata ar trebui sa evite consumul excesiv al acestui ingredient.<\/p>\n<p>Mod de pregatire:Se toarna apa clocotita (100 \u00b0 C) intr-o ceasca. Lasati pliculetul de ceai timp de 6 pana la 8 minute in ceasca.<br \/>\nNota: la tazza pu\u00f2 essere calda! Il t\u00e8 pu\u00f2 essere caldo!<br \/>\nConservare in un luogo asciutto e buio a temperatura ambiente.<\/p>\n<p><a href=\"https:\/\/totalblue.ro\/wp-content\/uploads\/2021\/02\/bio02.jpg\"><img loading=\"lazy\" decoding=\"async\" class=\"alignnone size-full wp-image-27483\" src=\"https:\/\/totalblue.ro\/wp-content\/uploads\/2021\/02\/bio02.jpg\" alt=\"\" width=\"80\" height=\"80\" \/><\/a><\/p>","protected":false},"excerpt":{"rendered":"<p>Ingrediente: Hibiscus, macese, rooibos, radacina de lemn dulce, aroma naturala de capsuni cu alte arome naturale 4%, vanilie 3%, arome naturale 3%, coaja de portocala. Ingrediente provenite din agricultura ecologica NON-UE. Detalii de utilizare Contine lemn dulce &#8211; persoanele cu tensiune arteriala ridicata ar trebui sa evite consumul excesiv al acestui ingredient. Mod de pregatire:Se [&#8230;]\n","protected":false},"featured_media":63367,"comment_status":"open","ping_status":"closed","template":"","meta":{"_acf_changed":false,"_seopress_robots_primary_cat":"none","_seopress_titles_title":"","_seopress_titles_desc":"","_seopress_robots_index":""},"product_brand":[12114],"product_cat":[1555,1506,3320,3420,1950,1767],"giftcard-category":[],"class_list":{"0":"post-63361","1":"product","2":"type-product","3":"status-publish","4":"has-post-thumbnail","6":"product_brand-cupper","7":"product_cat-bacanie","8":"product_cat-cafea-ceai-mic-dejun","9":"product_cat-cafea-ceai-lapte","10":"product_cat-cafea-ceai-lapte-produse-germania","11":"product_cat-produse-germania","12":"product_cat-produse-olanda","14":"first","15":"outofstock","16":"taxable","17":"shipping-taxable","18":"purchasable","19":"product-type-simple"},"acf":[],"_links":{"self":[{"href":"https:\/\/totalblue.ro\/it\/wp-json\/wp\/v2\/product\/63361","targetHints":{"allow":["GET"]}}],"collection":[{"href":"https:\/\/totalblue.ro\/it\/wp-json\/wp\/v2\/product"}],"about":[{"href":"https:\/\/totalblue.ro\/it\/wp-json\/wp\/v2\/types\/product"}],"replies":[{"embeddable":true,"href":"https:\/\/totalblue.ro\/it\/wp-json\/wp\/v2\/comments?post=63361"}],"wp:featuredmedia":[{"embeddable":true,"href":"https:\/\/totalblue.ro\/it\/wp-json\/wp\/v2\/media\/63367"}],"wp:attachment":[{"href":"https:\/\/totalblue.ro\/it\/wp-json\/wp\/v2\/media?parent=63361"}],"wp:term":[{"taxonomy":"product_brand","embeddable":true,"href":"https:\/\/totalblue.ro\/it\/wp-json\/wp\/v2\/product_brand?post=63361"},{"taxonomy":"product_cat","embeddable":true,"href":"https:\/\/totalblue.ro\/it\/wp-json\/wp\/v2\/product_cat?post=63361"},{"taxonomy":"giftcard-category","embeddable":true,"href":"https:\/\/totalblue.ro\/it\/wp-json\/wp\/v2\/giftcard-category?post=63361"}],"curies":[{"name":"wp","href":"https:\/\/api.w.org\/{rel}","templated":true}]}}