{"id":63455,"date":"2022-09-21T15:45:08","date_gmt":"2022-09-21T12:45:08","guid":{"rendered":"https:\/\/totalblue.ro\/?post_type=product&#038;p=63455"},"modified":"2025-08-06T14:21:05","modified_gmt":"2025-08-06T11:21:05","slug":"lacroix-supa-clara-din-cozi-de-vita-400-ml-import-germania","status":"publish","type":"product","link":"https:\/\/totalblue.ro\/it\/produs\/lacroix-supa-clara-din-cozi-de-vita-400-ml-import-germania\/","title":{"rendered":"Lacroix Zuppa di coda di bue trasparente 400 ml, importazione dalla Germania"},"content":{"rendered":"<p>Ingrediente: apa, carne de vita fiarta 5% (vita, sare), rachiu (distilat de vin, colorant: colorant caramel), extract de vita 1% (bulion de vita, sare), sherry, arome (contine grau, soia si telina), grasime de vita , sare iodata, zahar, agent de ingrosare: guma de guar; acidifiant acid citric; lactoza, extract de malt de orz,, coloranti: extract de boia de ardei, clorofila.<br \/>\nConservare in luogo asciutto e fresco, lontano dalla luce diretta del sole. Dopo l'apertura, conservare coperto in frigorifero e consumare entro 48 ore.<br \/>\nRecomandari: Turnati continutul intr-o cratita \/ tigaie. Amestecati ocazional. Incalziti la foc mediu. De asemenea puteti incalzi si la cuptorul cu microunde la 600 W timp de aproximativ 4 minute. Rapid si usor!<br \/>\nAmbalaj: conserva metalica cu cheita.<br \/>\nInforma\u021bii nutri\u021bionale (la 100 g)<br \/>\nEnergia (kj) 82<br \/>\nEnergie (kcal) 19,6<br \/>\nGr\u0103simi (g) 1 gr\u0103sime saturat\u0103 (g) 0,4<br \/>\nGlucide (g) 0,4 din care zaharuri (g) 0,2<br \/>\nFibre (g) 0<br \/>\nProteine \u200b\u200b(g) 1,5<br \/>\nSare (g) 1.1<br \/>\nSodiu (g) \u200b\u200b0,4<br \/>\n<strong><br \/>\n<\/strong>Producator Continental Foods Germany GmbH Geniner Stra\u00dfe 88-100, 23560 L\u00fcbeck<br \/>\nImportatore e distributore Total Blue Impex SRL<\/p>","protected":false},"excerpt":{"rendered":"<p>Ingrediente: apa, carne de vita fiarta 5% (vita, sare), rachiu (distilat de vin, colorant: colorant caramel), extract de vita 1% (bulion de vita, sare), sherry, arome (contine grau, soia si telina), grasime de vita , sare iodata, zahar, agent de ingrosare: guma de guar; acidifiant acid citric; lactoza, extract de malt de orz,, coloranti: extract [&#8230;]\n","protected":false},"featured_media":63458,"comment_status":"open","ping_status":"closed","template":"","meta":{"_acf_changed":false,"_seopress_robots_primary_cat":"none","_seopress_titles_title":"","_seopress_titles_desc":"","_seopress_robots_index":""},"product_brand":[4136],"product_cat":[1555,1683,3272,3372,1950,1767,3364],"giftcard-category":[],"class_list":{"0":"post-63455","1":"product","2":"type-product","3":"status-publish","4":"has-post-thumbnail","6":"product_brand-lacroix","7":"product_cat-bacanie","8":"product_cat-conserve-mancare-gatita","9":"product_cat-conserve","10":"product_cat-conserve-produse-germania","11":"product_cat-produse-germania","12":"product_cat-produse-olanda","13":"product_cat-supe-produse-germania","15":"first","16":"outofstock","17":"taxable","18":"shipping-taxable","19":"purchasable","20":"product-type-simple"},"acf":[],"_links":{"self":[{"href":"https:\/\/totalblue.ro\/it\/wp-json\/wp\/v2\/product\/63455","targetHints":{"allow":["GET"]}}],"collection":[{"href":"https:\/\/totalblue.ro\/it\/wp-json\/wp\/v2\/product"}],"about":[{"href":"https:\/\/totalblue.ro\/it\/wp-json\/wp\/v2\/types\/product"}],"replies":[{"embeddable":true,"href":"https:\/\/totalblue.ro\/it\/wp-json\/wp\/v2\/comments?post=63455"}],"wp:featuredmedia":[{"embeddable":true,"href":"https:\/\/totalblue.ro\/it\/wp-json\/wp\/v2\/media\/63458"}],"wp:attachment":[{"href":"https:\/\/totalblue.ro\/it\/wp-json\/wp\/v2\/media?parent=63455"}],"wp:term":[{"taxonomy":"product_brand","embeddable":true,"href":"https:\/\/totalblue.ro\/it\/wp-json\/wp\/v2\/product_brand?post=63455"},{"taxonomy":"product_cat","embeddable":true,"href":"https:\/\/totalblue.ro\/it\/wp-json\/wp\/v2\/product_cat?post=63455"},{"taxonomy":"giftcard-category","embeddable":true,"href":"https:\/\/totalblue.ro\/it\/wp-json\/wp\/v2\/giftcard-category?post=63455"}],"curies":[{"name":"wp","href":"https:\/\/api.w.org\/{rel}","templated":true}]}}