{"id":63626,"date":"2022-09-22T13:38:19","date_gmt":"2022-09-22T10:38:19","guid":{"rendered":"https:\/\/totalblue.ro\/?post_type=product&#038;p=63626"},"modified":"2026-02-28T11:57:53","modified_gmt":"2026-02-28T09:57:53","slug":"erasco-tocanita-de-cartofi-cu-carnati-400-g","status":"publish","type":"product","link":"https:\/\/totalblue.ro\/it\/produs\/erasco-tocanita-de-cartofi-cu-carnati-400-g\/","title":{"rendered":"Spezzatino di patate Erasco con salsiccia 400 g"},"content":{"rendered":"<p>Spezzatino di patate Erasco con salsiccia 400 g<\/p>\n<p><strong>Ingrediente:<\/strong> 45% cartofi (cartofi, antioxidant: sodium disulfit ), apa, 5,5% felii de carnati (porc, apa de baut, sare de masa iodata (sare de masa, iodat de potasiu), condimente, dextroza, amidon, gelifiant; caragenan, stabilizator: difosfat, extracte de condimente, antioxidan\u021bi: acid ascorbic, fum)), 5,3% morcovi, 1,1% praz, ulei de rapi\u021b\u0103, bacon (obraz de porc, sare, fum), amidon modificat, sare, zah\u0103r, extract de drojdie, p\u0103trunjel, dextroz\u0103, fum aroma, aroma, emulgator: E472e , colorant extract de boia de ardei, acidifiant: acid citric, antioxidant: acid ascorbic si disulfit de sodiu, agent de ingrosare: guma guar si guma xantan. Poate contine urme de telina, soia, mustar, grau (gluten), lapte si ou.<strong><br \/>\nAllergeni: <\/strong>contine dioxid de sulf si sulfiti. Contine telina si produse obtinute din aceasta; grau si produse obtinute din acesta; oua si produse obtinute din aceasta; boabe de soia si produse obtinute din aceasta mustar si produse obtinute din acesta; lapte si produse obtinute din acesta ingrosare: guma guar. Poate contine urme de grau (gluten), lapte, soia, mustar, telina si ou.<\/p>\n<p><strong>Nutrizione\/100g:<br \/>\n<\/strong>Valori nutrizionali \/ 100 g:<br \/>\nEnergie: 258 kJ\/ 61 kcal<br \/>\nGrasimi: 2.5 g din care acizi grasi saturati: 1 g<br \/>\nCarbohidrati 7.5 g sau care zaharuri 0.6 g<br \/>\nFibre: 0.6 g<br \/>\nProteine: 1.9 g<br \/>\nSare: 0.93 g<\/p>\n<p>Recomandari: Turnati continutul intr-o cratita \/ tigaie. Incalziti la foc mediu. De asemenea puteti incalzi si la cuptorul cu microunde, 6 minute la 600 W<br \/>\nAmbalaj: conserva metalica<br \/>\nPaese di origine: Germania<br \/>\nFabricat in Germania de Continental Foods Germany GmbH Kontaktadresse: Postfach 12 11 62, D-23532 L\u00fcbeck<br \/>\nImportatore e distributore Total Blue Impex SRL<\/p>","protected":false},"excerpt":{"rendered":"<p>Erasco tocanita de cartofi cu carnati 400 g Ingrediente: 45% cartofi (cartofi, antioxidant: sodium disulfit ), apa, 5,5% felii de carnati (porc, apa de baut, sare de masa iodata (sare de masa, iodat de potasiu), condimente, dextroza, amidon, gelifiant; caragenan, stabilizator: difosfat, extracte de condimente, antioxidan\u021bi: acid ascorbic, fum)), 5,3% morcovi, 1,1% praz, ulei de [&#8230;]\n","protected":false},"featured_media":41691,"comment_status":"open","ping_status":"closed","template":"","meta":{"_acf_changed":false,"_seopress_robots_primary_cat":"none","_seopress_titles_title":"","_seopress_titles_desc":"","_seopress_robots_index":""},"product_brand":[1951],"product_cat":[1555,1683,3272,3372,1950,1767,1954],"giftcard-category":[],"class_list":{"0":"post-63626","1":"product","2":"type-product","3":"status-publish","4":"has-post-thumbnail","6":"product_brand-erasco","7":"product_cat-bacanie","8":"product_cat-conserve-mancare-gatita","9":"product_cat-conserve","10":"product_cat-conserve-produse-germania","11":"product_cat-produse-germania","12":"product_cat-produse-olanda","13":"product_cat-semipreparate","15":"first","16":"outofstock","17":"taxable","18":"shipping-taxable","19":"purchasable","20":"product-type-simple"},"acf":[],"_links":{"self":[{"href":"https:\/\/totalblue.ro\/it\/wp-json\/wp\/v2\/product\/63626","targetHints":{"allow":["GET"]}}],"collection":[{"href":"https:\/\/totalblue.ro\/it\/wp-json\/wp\/v2\/product"}],"about":[{"href":"https:\/\/totalblue.ro\/it\/wp-json\/wp\/v2\/types\/product"}],"replies":[{"embeddable":true,"href":"https:\/\/totalblue.ro\/it\/wp-json\/wp\/v2\/comments?post=63626"}],"wp:featuredmedia":[{"embeddable":true,"href":"https:\/\/totalblue.ro\/it\/wp-json\/wp\/v2\/media\/41691"}],"wp:attachment":[{"href":"https:\/\/totalblue.ro\/it\/wp-json\/wp\/v2\/media?parent=63626"}],"wp:term":[{"taxonomy":"product_brand","embeddable":true,"href":"https:\/\/totalblue.ro\/it\/wp-json\/wp\/v2\/product_brand?post=63626"},{"taxonomy":"product_cat","embeddable":true,"href":"https:\/\/totalblue.ro\/it\/wp-json\/wp\/v2\/product_cat?post=63626"},{"taxonomy":"giftcard-category","embeddable":true,"href":"https:\/\/totalblue.ro\/it\/wp-json\/wp\/v2\/giftcard-category?post=63626"}],"curies":[{"name":"wp","href":"https:\/\/api.w.org\/{rel}","templated":true}]}}