{"id":64627,"date":"2022-09-30T14:44:17","date_gmt":"2022-09-30T11:44:17","guid":{"rendered":"https:\/\/totalblue.ro\/?post_type=product&#038;p=64627"},"modified":"2023-02-28T10:06:57","modified_gmt":"2023-02-28T08:06:57","slug":"pfanner-fairtrade-nectar-de-banane-25-continut-de-fructe-1-litru-import-germania","status":"publish","type":"product","link":"https:\/\/totalblue.ro\/it\/produs\/pfanner-fairtrade-nectar-de-banane-25-continut-de-fructe-1-litru-import-germania\/","title":{"rendered":"Nettare di banana Pfanner Fairtrade (contenuto di frutta 25%), 1 litro, importazione Germania"},"content":{"rendered":"<p>Ingrediente: apa, pulpa de banana (25%), zahar din trestie, acid citric acidifiant, acid ascorbic antioxidant. Pulp\u0103 de banan\u0103, zah\u0103r din trestie (cu ajustare de volum) comercializate conform standardelor Fairtrade Cota totala: 100%.<br \/>\nDupa deschidere se pastreaza la frigider. A se consuma in maxim 3 zile de la deschidere.<br \/>\n<a href=\"https:\/\/totalblue.ro\/wp-content\/uploads\/2021\/02\/vegetarian.jpeg\"><img loading=\"lazy\" decoding=\"async\" class=\"alignnone wp-image-27413\" src=\"https:\/\/totalblue.ro\/wp-content\/uploads\/2021\/02\/vegetarian.jpeg\" alt=\"\" width=\"69\" height=\"69\" srcset=\"https:\/\/totalblue.ro\/wp-content\/uploads\/2021\/02\/vegetarian.jpeg 225w, https:\/\/totalblue.ro\/wp-content\/uploads\/2021\/02\/vegetarian-100x100.jpeg 100w\" sizes=\"auto, (max-width: 69px) 100vw, 69px\" \/><\/a><\/p>","protected":false},"excerpt":{"rendered":"<p>Ingrediente: apa, pulpa de banana (25%), zahar din trestie, acid citric acidifiant, acid ascorbic antioxidant. Pulp\u0103 de banan\u0103, zah\u0103r din trestie (cu ajustare de volum) comercializate conform standardelor Fairtrade Cota totala: 100%. Dupa deschidere se pastreaza la frigider. A se consuma in maxim 3 zile de la deschidere.<\/p>","protected":false},"featured_media":64633,"comment_status":"open","ping_status":"closed","template":"","meta":{"_acf_changed":false,"_seopress_robots_primary_cat":"none","_seopress_titles_title":"","_seopress_titles_desc":"","_seopress_robots_index":""},"product_brand":[2025],"product_cat":[1354,1555,1950,1767,3312,3412],"giftcard-category":[],"class_list":{"0":"post-64627","1":"product","2":"type-product","3":"status-publish","4":"has-post-thumbnail","6":"product_brand-pfanner","7":"product_cat-apa-plata-apa-minerala-sucuri","8":"product_cat-bacanie","9":"product_cat-produse-germania","10":"product_cat-produse-olanda","11":"product_cat-bauturi-racoritoare-produse-olanda","12":"product_cat-bauturi-racoritoare-bere","14":"first","15":"outofstock","16":"taxable","17":"shipping-taxable","18":"purchasable","19":"product-type-simple"},"acf":[],"_links":{"self":[{"href":"https:\/\/totalblue.ro\/it\/wp-json\/wp\/v2\/product\/64627","targetHints":{"allow":["GET"]}}],"collection":[{"href":"https:\/\/totalblue.ro\/it\/wp-json\/wp\/v2\/product"}],"about":[{"href":"https:\/\/totalblue.ro\/it\/wp-json\/wp\/v2\/types\/product"}],"replies":[{"embeddable":true,"href":"https:\/\/totalblue.ro\/it\/wp-json\/wp\/v2\/comments?post=64627"}],"wp:featuredmedia":[{"embeddable":true,"href":"https:\/\/totalblue.ro\/it\/wp-json\/wp\/v2\/media\/64633"}],"wp:attachment":[{"href":"https:\/\/totalblue.ro\/it\/wp-json\/wp\/v2\/media?parent=64627"}],"wp:term":[{"taxonomy":"product_brand","embeddable":true,"href":"https:\/\/totalblue.ro\/it\/wp-json\/wp\/v2\/product_brand?post=64627"},{"taxonomy":"product_cat","embeddable":true,"href":"https:\/\/totalblue.ro\/it\/wp-json\/wp\/v2\/product_cat?post=64627"},{"taxonomy":"giftcard-category","embeddable":true,"href":"https:\/\/totalblue.ro\/it\/wp-json\/wp\/v2\/giftcard-category?post=64627"}],"curies":[{"name":"wp","href":"https:\/\/api.w.org\/{rel}","templated":true}]}}