{"id":66148,"date":"2022-10-07T13:34:28","date_gmt":"2022-10-07T10:34:28","guid":{"rendered":"https:\/\/totalblue.ro\/?post_type=product&#038;p=66148"},"modified":"2025-08-07T14:38:32","modified_gmt":"2025-08-07T11:38:32","slug":"tabasco-clasic-sos-de-ardei-rosu-60-ml-import-germania","status":"publish","type":"product","link":"https:\/\/totalblue.ro\/it\/produs\/tabasco-clasic-sos-de-ardei-rosu-60-ml-import-germania\/","title":{"rendered":"Tabasco Clasic Sos de ardei rosu 60 ml, import Germania"},"content":{"rendered":"<p>Tre semplici ingredienti. La passione e la dedizione di cinque generazioni<\/p>\n<p>L'originale salsa TABASCO\u00ae\ufe0f Ardei Rosu deve il suo sapore unico e il suo gusto piccante al fatto che nel processo di produzione sono coinvolte solo mani umane, come avviene da oltre 140 anni. Altrettanto importante \u00e8 il cuore di una famiglia che ha creato questa salsa di fama internazionale come risultato di passione e dedizione. Nel 1868, Edmund McIlhenny miscel\u00f2 solo tre semplici ingredienti nella sua personale ricetta della salsa al peperoncino: peperoni rossi completamente maturati, sale di Avery Island, in Louisiana, e aceto distillato di qualit\u00e0. Per decenni, tutti i tipi di ricette hanno cercato di imitare la salsa, ma hanno fallito, confermando che il gusto della ricetta di McIlhenny non pu\u00f2 essere toccato o replicato, quindi la salsa rossa originale TABASCO\u00ae\ufe0f viene prodotta ancora oggi nello stesso modo.<br \/>\nLa salsa pi\u00f9 versatile<\/p>\n<p>Perch\u00e9 la salsa TABASCO\u00ae\ufe0f \u00e8 diventata cos\u00ec popolare in tutto il mondo? \u00c8 semplice: mettetela su qualsiasi cibo che vi piace e quel cibo vi piacer\u00e0 ancora di pi\u00f9! TABASCO\u00ae\ufe0f Red Pepper Sauce insaporisce i cibi, aggiungendo uno specifico gusto di paprika. Mettetene una goccia anche su piatti messicani o italiani, frutti di mare, panini, Eggs Benedict o Bloody Mary!<br \/>\n<strong>Ingrediente<\/strong>: otet, ardei rosu (19%), sare.<br \/>\n<strong>Depozitare<\/strong>: A se pastra la frigider dupa deschidere.<\/p>\n<p><strong><br \/>\n<\/strong><strong>GRAFICO SCOVILLE<br \/>\n<a href=\"https:\/\/totalblue.ro\/wp-content\/uploads\/2022\/03\/Copy-of-HABANERO.png\"><img loading=\"lazy\" decoding=\"async\" class=\"alignnone wp-image-47371\" src=\"https:\/\/totalblue.ro\/wp-content\/uploads\/2022\/03\/Copy-of-HABANERO-800x175.png\" alt=\"\" width=\"540\" height=\"118\" srcset=\"https:\/\/totalblue.ro\/wp-content\/uploads\/2022\/03\/Copy-of-HABANERO-800x175.png 800w, https:\/\/totalblue.ro\/wp-content\/uploads\/2022\/03\/Copy-of-HABANERO-510x111.png 510w, https:\/\/totalblue.ro\/wp-content\/uploads\/2022\/03\/Copy-of-HABANERO-768x168.png 768w, https:\/\/totalblue.ro\/wp-content\/uploads\/2022\/03\/Copy-of-HABANERO-96x21.png 96w, https:\/\/totalblue.ro\/wp-content\/uploads\/2022\/03\/Copy-of-HABANERO-42x9.png 42w, https:\/\/totalblue.ro\/wp-content\/uploads\/2022\/03\/Copy-of-HABANERO-60x13.png 60w, https:\/\/totalblue.ro\/wp-content\/uploads\/2022\/03\/Copy-of-HABANERO-600x131.png 600w, https:\/\/totalblue.ro\/wp-content\/uploads\/2022\/03\/Copy-of-HABANERO-100x22.png 100w, https:\/\/totalblue.ro\/wp-content\/uploads\/2022\/03\/Copy-of-HABANERO.png 920w\" sizes=\"auto, (max-width: 540px) 100vw, 540px\" \/><\/a><br \/>\n<a class=\"button secondary is-small popmake-2848\" style=\"border-radius:10px;\">\n\t\t<span>Vedi la scala Scoville completa<\/span>\n\t<\/a>\n<\/strong><\/p>\n<p>Valori nutritivi per 100 ml<br \/>\nAceste valori se aplic\u0103 produsului nepreparat.<br \/>\nEnergie 193 kJ (45 kcal)<br \/>\nGrasimi 0,7 g din care grasimi saturate 0,2 g<br \/>\nGlucide 1,6 g din care zaharuri 0 g<br \/>\nProteine 1 g<br \/>\nSale 1,7 g<\/p>\n<p>Conservazione: conservare in frigorifero dopo l'apertura.<\/p>","protected":false},"excerpt":{"rendered":"<p><strong>GRAFICO SCOVILLE<br \/>\n<a href=\"https:\/\/totalblue.ro\/wp-content\/uploads\/2022\/03\/Copy-of-HABANERO.png\"><img loading=\"lazy\" decoding=\"async\" class=\"alignnone wp-image-47371\" src=\"https:\/\/totalblue.ro\/wp-content\/uploads\/2022\/03\/Copy-of-HABANERO-800x175.png\" alt=\"\" width=\"540\" height=\"118\" srcset=\"https:\/\/totalblue.ro\/wp-content\/uploads\/2022\/03\/Copy-of-HABANERO-800x175.png 800w, https:\/\/totalblue.ro\/wp-content\/uploads\/2022\/03\/Copy-of-HABANERO-510x111.png 510w, https:\/\/totalblue.ro\/wp-content\/uploads\/2022\/03\/Copy-of-HABANERO-768x168.png 768w, https:\/\/totalblue.ro\/wp-content\/uploads\/2022\/03\/Copy-of-HABANERO-96x21.png 96w, https:\/\/totalblue.ro\/wp-content\/uploads\/2022\/03\/Copy-of-HABANERO-42x9.png 42w, https:\/\/totalblue.ro\/wp-content\/uploads\/2022\/03\/Copy-of-HABANERO-60x13.png 60w, https:\/\/totalblue.ro\/wp-content\/uploads\/2022\/03\/Copy-of-HABANERO-600x131.png 600w, https:\/\/totalblue.ro\/wp-content\/uploads\/2022\/03\/Copy-of-HABANERO-100x22.png 100w, https:\/\/totalblue.ro\/wp-content\/uploads\/2022\/03\/Copy-of-HABANERO.png 920w\" sizes=\"auto, (max-width: 540px) 100vw, 540px\" \/><\/a><br \/>\n<a class=\"button secondary is-small popmake-2848\" style=\"border-radius:10px;\">\n\t\t<span>Vedi la scala Scoville completa<\/span>\n\t<\/a>\n<\/strong><\/p>\n<div id=\"simple-translate\">\n<div>\n<div class=\"simple-translate-button isShow\" style=\"height: 22px;width: 22px\"><\/div>\n<div class=\"simple-translate-panel\" style=\"width: 300px;height: 200px;font-size: 13px;background-color: #ffffff\">\n<div class=\"simple-translate-result-wrapper\" style=\"overflow: hidden\">\n<div class=\"simple-translate-move\"><\/div>\n<div class=\"simple-translate-result-contents\">\n<p class=\"simple-translate-candidate\" dir=\"auto\" style=\"color: #737373\">\n<\/div>\n<\/div>\n<\/div>\n<\/div>\n<\/div>","protected":false},"featured_media":66154,"comment_status":"open","ping_status":"closed","template":"","meta":{"_acf_changed":false,"_seopress_robots_primary_cat":"none","_seopress_titles_title":"","_seopress_titles_desc":"","_seopress_robots_index":""},"product_brand":[4167],"product_cat":[1555,1451,3280,3380,1950,1767],"giftcard-category":[],"class_list":{"0":"post-66148","1":"product","2":"type-product","3":"status-publish","4":"has-post-thumbnail","6":"product_brand-tabasco","7":"product_cat-bacanie","8":"product_cat-condimente-produse-instant","9":"product_cat-condimente-sosuri","10":"product_cat-condimente-sosuri-produse-germania","11":"product_cat-produse-germania","12":"product_cat-produse-olanda","14":"first","15":"outofstock","16":"taxable","17":"shipping-taxable","18":"purchasable","19":"product-type-simple"},"acf":[],"_links":{"self":[{"href":"https:\/\/totalblue.ro\/it\/wp-json\/wp\/v2\/product\/66148","targetHints":{"allow":["GET"]}}],"collection":[{"href":"https:\/\/totalblue.ro\/it\/wp-json\/wp\/v2\/product"}],"about":[{"href":"https:\/\/totalblue.ro\/it\/wp-json\/wp\/v2\/types\/product"}],"replies":[{"embeddable":true,"href":"https:\/\/totalblue.ro\/it\/wp-json\/wp\/v2\/comments?post=66148"}],"wp:featuredmedia":[{"embeddable":true,"href":"https:\/\/totalblue.ro\/it\/wp-json\/wp\/v2\/media\/66154"}],"wp:attachment":[{"href":"https:\/\/totalblue.ro\/it\/wp-json\/wp\/v2\/media?parent=66148"}],"wp:term":[{"taxonomy":"product_brand","embeddable":true,"href":"https:\/\/totalblue.ro\/it\/wp-json\/wp\/v2\/product_brand?post=66148"},{"taxonomy":"product_cat","embeddable":true,"href":"https:\/\/totalblue.ro\/it\/wp-json\/wp\/v2\/product_cat?post=66148"},{"taxonomy":"giftcard-category","embeddable":true,"href":"https:\/\/totalblue.ro\/it\/wp-json\/wp\/v2\/giftcard-category?post=66148"}],"curies":[{"name":"wp","href":"https:\/\/api.w.org\/{rel}","templated":true}]}}