{"id":66831,"date":"2022-10-12T15:40:00","date_gmt":"2022-10-12T12:40:00","guid":{"rendered":"https:\/\/totalblue.ro\/?post_type=product&#038;p=66831"},"modified":"2025-11-25T16:39:44","modified_gmt":"2025-11-25T14:39:44","slug":"erasco-tocanita-vegetariana-de-fasole-verde-800g-import-germania","status":"publish","type":"product","link":"https:\/\/totalblue.ro\/it\/produs\/erasco-tocanita-vegetariana-de-fasole-verde-800g-import-germania\/","title":{"rendered":"Erasco stufato vegetariano di fagioli verdi 800g importazione Germania"},"content":{"rendered":"<p>Produs Vegetarian<br \/>\nProdus Vegan<br \/>\n100% VEGAN: Gust pentru toata lumea &#8211; tocana noastra de fasole verde este delicioasa, fara ingrediente de origine animala si, prin urmare, ideala pentru vegetarieni, vegani si toti gurmanzii.<br \/>\nFARA CONSERVANTI* SI ADITIVI pentru arome: Pregatim ingrediente de inalta calitate deosebit de delicat si atent. O masa gata delicioasa nu are nevoie de mai mult.<br \/>\nCU MULTE LEGUME: Fasolea verde delicioasa ofera baza pentru legendarul gust Erasco &#8211; perfect asezonata cu condimente aromate si ierburi alese.<br \/>\nPREGATIT USOR SI RAPID: Nu aveti timp sa gatiti? La noi mai este timp sa mancam bine. Fie acasa, la serviciu sau in deplasare: preparatele noastre gata sunt intotdeauna un rasfat.<br \/>\nPRACTIC SI PERFECT PENTRU CAMPARE SI FESTIVALE: Desigur, puteti pregati acasa si o conserva de tocana de fasole verde Erasco. Dar campingul este probabil cel mai distractiv.<br \/>\n<span class=\"HwtZe\" lang=\"ro\"><span class=\"jCAhz ChMk0b\"><span class=\"ryNqvb\">INGREDIENTE: Ap\u0103, 27% fasole verde, 19% cartofi, 7,0% morcovi, ulei de rapi\u021b\u0103, sare, zah\u0103r, F\u0102IN\u0102 DE GR\u00c2U (GLUTEN), arome, extract de drojdie, praf de ceap\u0103, arome, dextroz\u0103, agent de \u00eengro\u0219are: gum\u0103 guar.<\/span><\/span> <span class=\"jCAhz ChMk0b\"><span class=\"ryNqvb\">Poate contine urme de soia, lapte, mustar, telina si ou.<br \/>\nValori nutrizionali \/ 100 g:<br \/>\nEnergie 184 kJ \/ 44 kcal<br \/>\nGrasimi 1.6<\/span><\/span><\/span><span class=\"HwtZe\" lang=\"ro\"><span class=\"jCAhz ChMk0b\"><span class=\"ryNqvb\"> g din care acizi grasi saturati 0.2 g<br \/>\nGlucide 5.7 g din care zaharuri 1.8 g<br \/>\nFibre alimentare 0.8 g<br \/>\nProteine \u200b\u200b 1.3 g<br \/>\nSare\u00a0 1 g<\/span><\/span><\/span><br \/>\nConditii de pastrare: A se pastra la loc uscat si racoros, ferit de actiunea directa a soarelui. Dupa deschidere, a se pastra acoperita in frigider si a se consuma in max 48h.<br \/>\nRaccomandazioni: Versare il contenuto in una casseruola\/pentola. Mescolare di tanto in tanto. Riscaldare a fuoco medio. Si pu\u00f2 anche cuocere al microonde a 600 W per circa 6 minuti. Facile e veloce!<br \/>\nPaese di origine: Germania<br \/>\nFabricat in Germania de Continental Foods Germany GmbH Kontaktadresse: Postfach 12 11 62, D-23532 L\u00fcbeck<br \/>\nImportatore e distributore Total Blue Impex SRL<br \/>\n<a href=\"https:\/\/totalblue.ro\/wp-content\/uploads\/2021\/02\/vegetarian.jpeg\"><img loading=\"lazy\" decoding=\"async\" class=\"alignnone wp-image-27413\" src=\"https:\/\/totalblue.ro\/wp-content\/uploads\/2021\/02\/vegetarian.jpeg\" alt=\"\" width=\"86\" height=\"86\" srcset=\"https:\/\/totalblue.ro\/wp-content\/uploads\/2021\/02\/vegetarian.jpeg 225w, https:\/\/totalblue.ro\/wp-content\/uploads\/2021\/02\/vegetarian-100x100.jpeg 100w\" sizes=\"auto, (max-width: 86px) 100vw, 86px\" \/><\/a><\/p>","protected":false},"excerpt":{"rendered":"<p>Produs Vegetarian Produs Vegan 100% VEGAN: Gust pentru toata lumea &#8211; tocana noastra de fasole verde este delicioasa, fara ingrediente de origine animala si, prin urmare, ideala pentru vegetarieni, vegani si toti gurmanzii. FARA CONSERVANTI* SI ADITIVI pentru arome: Pregatim ingrediente de inalta calitate deosebit de delicat si atent. O masa gata delicioasa nu are [&#8230;]\n","protected":false},"featured_media":66839,"comment_status":"open","ping_status":"closed","template":"","meta":{"_acf_changed":false,"_seopress_robots_primary_cat":"none","_seopress_titles_title":"","_seopress_titles_desc":"","_seopress_robots_index":""},"product_brand":[1951],"product_cat":[1555,1683,3372,3272,1950,1767,1954],"giftcard-category":[],"class_list":{"0":"post-66831","1":"product","2":"type-product","3":"status-publish","4":"has-post-thumbnail","6":"product_brand-erasco","7":"product_cat-bacanie","8":"product_cat-conserve-mancare-gatita","9":"product_cat-conserve-produse-germania","10":"product_cat-conserve","11":"product_cat-produse-germania","12":"product_cat-produse-olanda","13":"product_cat-semipreparate","15":"first","16":"outofstock","17":"taxable","18":"shipping-taxable","19":"purchasable","20":"product-type-simple"},"acf":[],"_links":{"self":[{"href":"https:\/\/totalblue.ro\/it\/wp-json\/wp\/v2\/product\/66831","targetHints":{"allow":["GET"]}}],"collection":[{"href":"https:\/\/totalblue.ro\/it\/wp-json\/wp\/v2\/product"}],"about":[{"href":"https:\/\/totalblue.ro\/it\/wp-json\/wp\/v2\/types\/product"}],"replies":[{"embeddable":true,"href":"https:\/\/totalblue.ro\/it\/wp-json\/wp\/v2\/comments?post=66831"}],"wp:featuredmedia":[{"embeddable":true,"href":"https:\/\/totalblue.ro\/it\/wp-json\/wp\/v2\/media\/66839"}],"wp:attachment":[{"href":"https:\/\/totalblue.ro\/it\/wp-json\/wp\/v2\/media?parent=66831"}],"wp:term":[{"taxonomy":"product_brand","embeddable":true,"href":"https:\/\/totalblue.ro\/it\/wp-json\/wp\/v2\/product_brand?post=66831"},{"taxonomy":"product_cat","embeddable":true,"href":"https:\/\/totalblue.ro\/it\/wp-json\/wp\/v2\/product_cat?post=66831"},{"taxonomy":"giftcard-category","embeddable":true,"href":"https:\/\/totalblue.ro\/it\/wp-json\/wp\/v2\/giftcard-category?post=66831"}],"curies":[{"name":"wp","href":"https:\/\/api.w.org\/{rel}","templated":true}]}}