{"id":74190,"date":"2022-12-19T15:12:00","date_gmt":"2022-12-19T13:12:00","guid":{"rendered":"https:\/\/totalblue.ro\/?post_type=product&#038;p=74190"},"modified":"2025-11-19T12:29:35","modified_gmt":"2025-11-19T10:29:35","slug":"frutesse-fruitstroop-appel-kaneel-330g","status":"publish","type":"product","link":"https:\/\/totalblue.ro\/it\/produs\/frutesse-fruitstroop-appel-kaneel-330g\/","title":{"rendered":"Frutesse Peltea Mere cu Scortisoara 330g"},"content":{"rendered":"<p><span class=\"HwtZe\" lang=\"ro\"><span class=\"jCAhz ChMk0b\"><span class=\"ryNqvb\">Ingrediente: zah\u0103r invertit, sirop de fructe (din mere), stafide, arom\u0103 (vanilie Bourbon), agent de gelifiere: pectin\u0103, suc de l\u0103m\u00e2ie, scor\u021bi\u0219oar\u0103<br \/>\nValori nutrizionali \/ 100 g:<br \/>\nEnergie 1171 kJ (276 kcal)<br \/>\nGrasime 0 g din care saturati 0 g<br \/>\nCarbohidrati 67 g din care zaharuri 60 g<br \/>\nFibra 3 g<br \/>\nProteine 1 g<br \/>\nSale 0,03 g<\/span><\/span><\/span><\/p>","protected":false},"excerpt":{"rendered":"<p>Ingrediente: zah\u0103r invertit, sirop de fructe (din mere), stafide, arom\u0103 (vanilie Bourbon), agent de gelifiere: pectin\u0103, suc de l\u0103m\u00e2ie, scor\u021bi\u0219oar\u0103 Valori nutritionale \/ 100 g: Energie 1171 kJ (276 kcal) Grasime 0 g din care saturati 0 g Carbohidrati 67 g din care zaharuri 60 g Fibre 3 g Proteine 1 g Sare 0.03 g<\/p>","protected":false},"featured_media":74195,"comment_status":"open","ping_status":"closed","template":"","meta":{"_acf_changed":false,"_seopress_robots_primary_cat":"none","_seopress_titles_title":"","_seopress_titles_desc":"","_seopress_robots_index":""},"product_brand":[12715],"product_cat":[1555,1506,3304,1767],"giftcard-category":[],"class_list":{"0":"post-74190","1":"product","2":"type-product","3":"status-publish","4":"has-post-thumbnail","6":"product_brand-frutesse","7":"product_cat-bacanie","8":"product_cat-cafea-ceai-mic-dejun","9":"product_cat-mic-dejun-produse-olanda","10":"product_cat-produse-olanda","12":"first","13":"instock","14":"taxable","15":"shipping-taxable","16":"purchasable","17":"product-type-simple"},"acf":[],"_links":{"self":[{"href":"https:\/\/totalblue.ro\/it\/wp-json\/wp\/v2\/product\/74190","targetHints":{"allow":["GET"]}}],"collection":[{"href":"https:\/\/totalblue.ro\/it\/wp-json\/wp\/v2\/product"}],"about":[{"href":"https:\/\/totalblue.ro\/it\/wp-json\/wp\/v2\/types\/product"}],"replies":[{"embeddable":true,"href":"https:\/\/totalblue.ro\/it\/wp-json\/wp\/v2\/comments?post=74190"}],"wp:featuredmedia":[{"embeddable":true,"href":"https:\/\/totalblue.ro\/it\/wp-json\/wp\/v2\/media\/74195"}],"wp:attachment":[{"href":"https:\/\/totalblue.ro\/it\/wp-json\/wp\/v2\/media?parent=74190"}],"wp:term":[{"taxonomy":"product_brand","embeddable":true,"href":"https:\/\/totalblue.ro\/it\/wp-json\/wp\/v2\/product_brand?post=74190"},{"taxonomy":"product_cat","embeddable":true,"href":"https:\/\/totalblue.ro\/it\/wp-json\/wp\/v2\/product_cat?post=74190"},{"taxonomy":"giftcard-category","embeddable":true,"href":"https:\/\/totalblue.ro\/it\/wp-json\/wp\/v2\/giftcard-category?post=74190"}],"curies":[{"name":"wp","href":"https:\/\/api.w.org\/{rel}","templated":true}]}}