{"id":77632,"date":"2023-01-10T10:48:05","date_gmt":"2023-01-10T08:48:05","guid":{"rendered":"https:\/\/totalblue.ro\/?post_type=product&#038;p=77632"},"modified":"2025-09-30T16:36:23","modified_gmt":"2025-09-30T13:36:23","slug":"gwoon-caffe-pads-mix-pack-5-sacchetti-x-36-coffee-pads","status":"publish","type":"product","link":"https:\/\/totalblue.ro\/it\/produs\/pachet-mix-paduri-cafea-gwoon-5-pungi-x-36-paduri\/","title":{"rendered":"Confezione mista di pastiglie di caff\u00e8 G'woon 5 sacchetti x 36 pastiglie"},"content":{"rendered":"<p>Confezione promozionale di 5 diverse bustine di caff\u00e8 G'woon per godere della diversit\u00e0 del buon caff\u00e8.<br \/>\nCialde compatibili con tutte le macchine Philips Senseo.<br \/>\nOgni sacchetto di caff\u00e8 contiene 36 pastiglie.<br \/>\nIl diametro degli alberi \u00e8 di 62 mm.<br \/>\nLa confezione di miscela forestale contiene:<br \/>\n- 1 sacchetto G'woon Rood 36 pastiglie, miscele di caff\u00e8 pregiate nr. 06<br \/>\n- 1 sacchetto G'woon Dark 36 pastiglie di caff\u00e8 tostato nr. 08<br \/>\n- 1 x sacchetto G'woon Dark 36 sacchetti G'woon Dark 36 chicchi di caff\u00e8 tostati extra scuri nr. 10<br \/>\n- 1 sacchetto G'woon Mokka 36 pastiglie di caff\u00e8 mokka coffee nr. 03<br \/>\n- 1 x sacchetto G'woon Mild 36 pastiglie di caff\u00e8 G'woon Mild Coffee 36 pastiglie di caff\u00e8 mild nr. 04<\/p>","protected":false},"excerpt":{"rendered":"<p>Pachet promo format din 5 pungi diferite de cafea G\u2019woon pentru tine, sa te poti bucura de diversitatea cafelei bune. Paduri cafea compatibile cu toate aparatele de tip Philips Senseo. Fiecare punga de cafea contine 36 de paduri. Padurile au diametrul de 62mm. Pachetul mix de paduri contine: \u2013 1 x punga G\u2019woon Rood 36 [&#8230;]\n","protected":false},"featured_media":215744,"comment_status":"open","ping_status":"closed","template":"","meta":{"_acf_changed":false,"_seopress_robots_primary_cat":"none","_seopress_titles_title":"","_seopress_titles_desc":"","_seopress_robots_index":""},"product_brand":[1971],"product_cat":[1555,1506,3320,1767],"giftcard-category":[],"class_list":{"0":"post-77632","1":"product","2":"type-product","3":"status-publish","4":"has-post-thumbnail","6":"product_brand-gwoon","7":"product_cat-bacanie","8":"product_cat-cafea-ceai-mic-dejun","9":"product_cat-cafea-ceai-lapte","10":"product_cat-produse-olanda","12":"first","13":"outofstock","14":"sale","15":"taxable","16":"shipping-taxable","17":"purchasable","18":"product-type-simple"},"acf":[],"_links":{"self":[{"href":"https:\/\/totalblue.ro\/it\/wp-json\/wp\/v2\/product\/77632","targetHints":{"allow":["GET"]}}],"collection":[{"href":"https:\/\/totalblue.ro\/it\/wp-json\/wp\/v2\/product"}],"about":[{"href":"https:\/\/totalblue.ro\/it\/wp-json\/wp\/v2\/types\/product"}],"replies":[{"embeddable":true,"href":"https:\/\/totalblue.ro\/it\/wp-json\/wp\/v2\/comments?post=77632"}],"wp:featuredmedia":[{"embeddable":true,"href":"https:\/\/totalblue.ro\/it\/wp-json\/wp\/v2\/media\/215744"}],"wp:attachment":[{"href":"https:\/\/totalblue.ro\/it\/wp-json\/wp\/v2\/media?parent=77632"}],"wp:term":[{"taxonomy":"product_brand","embeddable":true,"href":"https:\/\/totalblue.ro\/it\/wp-json\/wp\/v2\/product_brand?post=77632"},{"taxonomy":"product_cat","embeddable":true,"href":"https:\/\/totalblue.ro\/it\/wp-json\/wp\/v2\/product_cat?post=77632"},{"taxonomy":"giftcard-category","embeddable":true,"href":"https:\/\/totalblue.ro\/it\/wp-json\/wp\/v2\/giftcard-category?post=77632"}],"curies":[{"name":"wp","href":"https:\/\/api.w.org\/{rel}","templated":true}]}}