{"id":86449,"date":"2023-03-28T10:44:22","date_gmt":"2023-03-28T07:44:22","guid":{"rendered":"https:\/\/totalblue.ro\/?post_type=product&#038;p=86449"},"modified":"2025-10-15T10:48:15","modified_gmt":"2025-10-15T07:48:15","slug":"cereale-gata-preparate-nestle-pyjamapapje-6-36-luni-multifructe-2x250ml","status":"publish","type":"product","link":"https:\/\/totalblue.ro\/it\/produs\/cereale-gata-preparate-nestle-pyjamapapje-6-36-luni-multifructe-2x250ml\/","title":{"rendered":"Cereali pronti, Nestl\u00e9 Pyjamapapje, 6-36 mesi, Multifruit, 2\u00d7250ml"},"content":{"rendered":"<p>Nestl\u00e9 Pyjamapapje cu fructe pentru bebelusi +6 Luni 2&#215;250 ml<br \/>\n<strong>Nestl\u00e9 Pyjamapapje cu fructe pentru bebelusi este un terci delicios gata preparat. Poate fi folosit in biberon, cana de invatare sau in farfurie. Ideal inainte de culcare!<\/strong><br \/>\nRecomandat pentru bebelusi intre +6 Luni si 36 Luni<br \/>\nNestl\u00e9 Pyjamapapje cu capsuni pentru bebelusi este bogat in calciu, fier, vitamina D. Este important ca bebelusul dumneavoastra sa aiba o dieta variata \u0219i echilibrata, un stil de viata sanatos.<br \/>\nUn pachet 500 ml contine 2 bucati ( portii ) x 250 ml<br \/>\n<strong>Ingrediente:\u00a0<\/strong> <span class=\"Y2IQFc\" lang=\"ro\">LAPTE 81,4% (ap\u0103, LAPTE degresat, LAPTE integral, amidon de porumb, uleiuri vegetale (floarea soarelui, nuc\u0103 de cocos, rapi\u021b\u0103 (acid erucic sc\u0103zut)), zer praf demineralizat (LAPTE), maltodextrin\u0103, vitamine (C, E, niacin\u0103, acid pantotenic, B1, A, B6, B2, acid folic, K, biotin\u0103, D, B12), pirofosfat de fier, sulfat de zinc, iodur\u0103 de potasiu), f\u0103in\u0103 de GR\u00c2U 6,2% (par\u021bial hidrolizat\u0103), suc de struguri (din concentrat) 4,3% , suc de portocale (din concentrat) 2,5%, suc de pere (din concentrat) 1,6%, suc de mere (din concentrat) 1,5%, zer praf demineralizat (LAPTE), carbonat de calciu, maltodextrina, arome, vitamine (C, E, niacin\u0103, acid pantotenic, B1, A, B6, B2, acid folic, K, biotin\u0103, D, B12), hidroxid de calciu, pirofosfat de fier, sulfat de zinc, iodur\u0103 de potasiu<br \/>\n<\/span><strong>Allergeni:<\/strong> Lapte, soia<br \/>\n<strong>Mod de Pregatire \/ Mod de utilizare:<\/strong><br \/>\n1) Agitati bine pachetul inainte de utilizare.<br \/>\n2) Rupeti sau taiati pachetul in partea de sus. Se toarna pasta intr-o sticla \/ biberon sau o can\u0103 de baut.<br \/>\n3) incalziti pasta intr-o sticla sau o cana de baut, intr-o incalzitor pentru sticle sau la cuptorul cu microunde, timp de 45 de secunde la 500 de wati.<br \/>\nVerificati intotdeauna temperatura inainte de a da Nestl\u00e9 Pyjamapapje cu biscuite bebelusului dumneavoastra. Nu incalziti pachetul direct in cuptorul cu microunde.<br \/>\nNestl\u00e9 Pyjamapapje cu capsuni se poate da \/ servi bebelusului, rece sau cald. Nestl\u00e9 PajamaPapje poate fi depozitat nedeschis la temperatura camerei.<br \/>\nA se pastra la frigider dup\u0103 deschidere (maxim 24 de ore). Nu pastrati resturile de mancare incalzita.<br \/>\n<strong>Valori nutrizionali:<\/strong><br \/>\nEnergie 363 kJ (87 kcal)<br \/>\nGrasimi 2.9 g din care saturate 0,4 g<br \/>\nCarbohidra\u021bi 12 g din care zaharuri 5,3 g<br \/>\nFibre alimentare 0,5 g<br \/>\nProteine 2,5 g<br \/>\nsare 0,06 g<br \/>\nVitamina A 89.8 \u00b5g 22%<br \/>\nVitamina E 1,5 mg 30%<br \/>\nVitamina D 1,6 \u00b5g 16%<br \/>\nVitamina C 14 mg 57%<br \/>\nVitamina B1 \/ Tiamina 0,15 mg 30%<br \/>\nVitamina B2 \/ Riboflavin\u0103 0,16 mg 20%<br \/>\nVitamina B3\/Niacina 0,67 mg 7%<br \/>\nVitamina B6 \/ Piridoxina 0,095 mg 14%<br \/>\nVitamina B11 \/ acid folic 11.6 \u00b5g 12%<br \/>\nVitamina B5 \/ acid pantotenic 0,68 mg 23%<br \/>\nVitamina B12 \/ Ciano-Cobalamina 0,074 \u00b5g 11%<br \/>\nVitamina H \/ Biotin\u0103 2,6 \u00b5g 26%<br \/>\nVitamina K 5.1 \u00b5g 42%<br \/>\nCalciu 129 mg 32%<br \/>\nZer 2.0 mg, 33%<br \/>\nIod 16.1 \u00b5g 24%<br \/>\nZinc 0,85 mg 21%<br \/>\nFabricat in Olanda de Nestl\u00e9 Nederland, Postbus 134, 1180 AC Amstelveen<br \/>\nImportatore e distributore Total Blue Impex SRL<\/p>","protected":false},"excerpt":{"rendered":"<p>Nestl\u00e9 Pyjamapapje cu fructe pentru bebelusi +6 Luni 2&#215;250 ml Nestl\u00e9 Pyjamapapje cu fructe pentru bebelusi este un terci delicios gata preparat. Poate fi folosit in biberon, cana de invatare sau in farfurie. Ideal inainte de culcare! Recomandat pentru bebelusi intre +6 Luni si 36 Luni Nestl\u00e9 Pyjamapapje cu capsuni pentru bebelusi este bogat in [&#8230;]\n","protected":false},"featured_media":86452,"comment_status":"open","ping_status":"closed","template":"","meta":{"_acf_changed":false,"_seopress_robots_primary_cat":"1767","_seopress_titles_title":"","_seopress_titles_desc":"Nestl\u00e9 Pyjamapapje banaan 6+ mnd baby pap 3 x250 ml.Nestl\u00e9 Pyjamapapje cu banane pentru bebelusi +6 Luni 3x250 ml","_seopress_robots_index":""},"product_brand":[6197],"product_cat":[1984,1520,5677,1767],"giftcard-category":[],"class_list":{"0":"post-86449","1":"product","2":"type-product","3":"status-publish","4":"has-post-thumbnail","6":"product_brand-nestle","7":"product_cat-hrana-bebelusi","8":"product_cat-mama-copilul","9":"product_cat-mancare-si-accesorii-bebe","10":"product_cat-produse-olanda","12":"first","13":"outofstock","14":"taxable","15":"shipping-taxable","16":"purchasable","17":"product-type-simple"},"acf":[],"_links":{"self":[{"href":"https:\/\/totalblue.ro\/it\/wp-json\/wp\/v2\/product\/86449","targetHints":{"allow":["GET"]}}],"collection":[{"href":"https:\/\/totalblue.ro\/it\/wp-json\/wp\/v2\/product"}],"about":[{"href":"https:\/\/totalblue.ro\/it\/wp-json\/wp\/v2\/types\/product"}],"replies":[{"embeddable":true,"href":"https:\/\/totalblue.ro\/it\/wp-json\/wp\/v2\/comments?post=86449"}],"wp:featuredmedia":[{"embeddable":true,"href":"https:\/\/totalblue.ro\/it\/wp-json\/wp\/v2\/media\/86452"}],"wp:attachment":[{"href":"https:\/\/totalblue.ro\/it\/wp-json\/wp\/v2\/media?parent=86449"}],"wp:term":[{"taxonomy":"product_brand","embeddable":true,"href":"https:\/\/totalblue.ro\/it\/wp-json\/wp\/v2\/product_brand?post=86449"},{"taxonomy":"product_cat","embeddable":true,"href":"https:\/\/totalblue.ro\/it\/wp-json\/wp\/v2\/product_cat?post=86449"},{"taxonomy":"giftcard-category","embeddable":true,"href":"https:\/\/totalblue.ro\/it\/wp-json\/wp\/v2\/giftcard-category?post=86449"}],"curies":[{"name":"wp","href":"https:\/\/api.w.org\/{rel}","templated":true}]}}