{"id":87045,"date":"2023-03-30T16:39:10","date_gmt":"2023-03-30T13:39:10","guid":{"rendered":"https:\/\/totalblue.ro\/?post_type=product&#038;p=87045"},"modified":"2025-08-04T13:04:50","modified_gmt":"2025-08-04T10:04:50","slug":"gwoon-supa-instant-de-pui-3-x-12-g","status":"publish","type":"product","link":"https:\/\/totalblue.ro\/it\/produs\/gwoon-supa-instant-de-pui-3-x-12-g\/","title":{"rendered":"G'woon Zuppa di pollo istantanea 3 x 12 g"},"content":{"rendered":"<p>G'woon Zuppa di pollo istantanea 3 x 12 g<br \/>\n<span class=\"HwtZe\" lang=\"ro\"><span class=\"jCAhz JxVs2d ChMk0b\"><span class=\"ryNqvb\">Ingrediente : amidon de cartofi, sirop de porumb, 19,8% vermicelli , sare, extract de drojdie, aroma, 3,7% morcov, 2,8% carne de pui, ceap\u0103, zah\u0103r, condimente, 1% gr\u0103sime de pui, ulei de rapi\u021b\u0103, gr\u0103sime de palmier<\/span><\/span> <span class=\"jCAhz JxVs2d ChMk0b\"><span class=\"ryNqvb\">, arpagic.<br \/>\nValori nutrizionali \/ 100 g:<br \/>\nEnergie 1329 kJ \/ 314 kcal<br \/>\nGrasime 3.4 g din care grasimi 1.1 g<br \/>\nCarbohidrati 60.9 g din care zaharuri 27.5 g<br \/>\nFibre 2.1 g<br \/>\nProteine \u200b\u200b8.9 g<br \/>\nSare 12.5 g<\/span><\/span><\/span><\/p>\n<p>Preparazione:<br \/>\n1. Versare il contenuto di una bustina di zuppa istantanea in una tazza.<br \/>\n2. Aggiungere 175 ml di acqua bollita a 100\u00b0C e lasciare riposare per 1 minuto.<br \/>\n3. Pronto da bere!<\/p>\n<p>Nota: la tazza pu\u00f2 essere calda! La zuppa pu\u00f2 essere calda!<\/p>\n<p>&nbsp;<\/p>\n<p>&nbsp;<\/p>","protected":false},"excerpt":{"rendered":"<p>G&#8217;woon Supa instant de pui 3 x 12 g Ingrediente : amidon de cartofi, sirop de porumb, 19,8% vermicelli , sare, extract de drojdie, aroma, 3,7% morcov, 2,8% carne de pui, ceap\u0103, zah\u0103r, condimente, 1% gr\u0103sime de pui, ulei de rapi\u021b\u0103, gr\u0103sime de palmier , arpagic. Valori nutritionale \/ 100 g: Energie 1329 kJ \/ [&#8230;]\n","protected":false},"featured_media":87049,"comment_status":"open","ping_status":"closed","template":"","meta":{"_acf_changed":false,"_seopress_robots_primary_cat":"none","_seopress_titles_title":"G'woon Supa instant de pui 3 x 12 g","_seopress_titles_desc":"Cumpara online supa de legume, supe legume, ciorbe legume, supe olandeze legume. Magazin online supe si produse olandeze cu livrare rapida.","_seopress_robots_index":""},"product_brand":[1971],"product_cat":[1555,1683,3272,17494,21594,1362,1767],"giftcard-category":[],"class_list":{"0":"post-87045","1":"product","2":"type-product","3":"status-publish","4":"has-post-thumbnail","6":"product_brand-gwoon","7":"product_cat-bacanie","8":"product_cat-conserve-mancare-gatita","9":"product_cat-conserve","10":"product_cat-influente-asiatice","11":"product_cat-noodles-supe-instant","12":"product_cat-ulei-orez-faina-zahar","13":"product_cat-produse-olanda","15":"first","16":"outofstock","17":"taxable","18":"shipping-taxable","19":"purchasable","20":"product-type-simple"},"acf":[],"_links":{"self":[{"href":"https:\/\/totalblue.ro\/it\/wp-json\/wp\/v2\/product\/87045","targetHints":{"allow":["GET"]}}],"collection":[{"href":"https:\/\/totalblue.ro\/it\/wp-json\/wp\/v2\/product"}],"about":[{"href":"https:\/\/totalblue.ro\/it\/wp-json\/wp\/v2\/types\/product"}],"replies":[{"embeddable":true,"href":"https:\/\/totalblue.ro\/it\/wp-json\/wp\/v2\/comments?post=87045"}],"wp:featuredmedia":[{"embeddable":true,"href":"https:\/\/totalblue.ro\/it\/wp-json\/wp\/v2\/media\/87049"}],"wp:attachment":[{"href":"https:\/\/totalblue.ro\/it\/wp-json\/wp\/v2\/media?parent=87045"}],"wp:term":[{"taxonomy":"product_brand","embeddable":true,"href":"https:\/\/totalblue.ro\/it\/wp-json\/wp\/v2\/product_brand?post=87045"},{"taxonomy":"product_cat","embeddable":true,"href":"https:\/\/totalblue.ro\/it\/wp-json\/wp\/v2\/product_cat?post=87045"},{"taxonomy":"giftcard-category","embeddable":true,"href":"https:\/\/totalblue.ro\/it\/wp-json\/wp\/v2\/giftcard-category?post=87045"}],"curies":[{"name":"wp","href":"https:\/\/api.w.org\/{rel}","templated":true}]}}