{"id":88510,"date":"2023-04-25T15:34:25","date_gmt":"2023-04-25T12:34:25","guid":{"rendered":"https:\/\/totalblue.ro\/?post_type=product&#038;p=88510"},"modified":"2026-03-11T15:57:53","modified_gmt":"2026-03-11T13:57:53","slug":"conimex-kroepoek-jakarta-creveti-chipsuri-75-g","status":"publish","type":"product","link":"https:\/\/totalblue.ro\/it\/produs\/conimex-kroepoek-jakarta-creveti-chipsuri-75-g\/","title":{"rendered":"Conimex Kroepoek Jakarta Creveti chipsuri 75 g"},"content":{"rendered":"<p><span class=\"HwtZe\" lang=\"ro\"><span class=\"jCAhz ChMk0b\"><span class=\"ryNqvb\">Ingrediente : Manioc 29%, f\u0103in\u0103 de tapioca, ulei de floarea soarelui, zah\u0103r din trestie, praz 5,2%, hrean, sare, ardei iute 1,1% sare mineral\u0103 (potasiu), praf de ceap\u0103, pudr\u0103 de usturoi, piper negru, o\u021bet, morcov, turmeric <\/span><\/span><span class=\"jCAhz ChMk0b\"><span class=\"ryNqvb\">Alergen: mu\u0219tar \u0219i mu\u0219tar<br \/>\nValori nutrizionali \/ 100 g:<br \/>\nEnergie\u00a0 2130 kJ \/ 509 kcal<br \/>\nGrasimi 27 g din care acizi gra\u0219i saturati 2 g<br \/>\nGlucide 65 g dintre care zaharuri 10 g<br \/>\nFibre 2.7 g<br \/>\nProteine 1,1 g<br \/>\nSare 1,6 g<br \/>\n<\/span><\/span><\/span><\/p>","protected":false},"excerpt":{"rendered":"<p>Ingrediente : Manioc 29%, f\u0103in\u0103 de tapioca, ulei de floarea soarelui, zah\u0103r din trestie, praz 5,2%, hrean, sare, ardei iute 1,1% sare mineral\u0103 (potasiu), praf de ceap\u0103, pudr\u0103 de usturoi, piper negru, o\u021bet, morcov, turmeric Alergen: mu\u0219tar \u0219i mu\u0219tar Valori nutritionale \/ 100 g: Energie\u00a0 2130 kJ \/ 509 kcal Grasimi 27 g din care [&#8230;]\n","protected":false},"featured_media":88512,"comment_status":"open","ping_status":"closed","template":"","meta":{"_acf_changed":false,"_seopress_robots_primary_cat":"none","_seopress_titles_title":"","_seopress_titles_desc":"","_seopress_robots_index":""},"product_brand":[1949],"product_cat":[1555,3338,7021,17494,1767],"giftcard-category":[],"class_list":{"0":"post-88510","1":"product","2":"type-product","3":"status-publish","4":"has-post-thumbnail","6":"product_brand-conimex","7":"product_cat-bacanie","8":"product_cat-dulciuri-snacksuri","9":"product_cat-dulciuri-snacks","10":"product_cat-influente-asiatice","11":"product_cat-produse-olanda","13":"first","14":"outofstock","15":"taxable","16":"shipping-taxable","17":"purchasable","18":"product-type-simple"},"acf":[],"_links":{"self":[{"href":"https:\/\/totalblue.ro\/it\/wp-json\/wp\/v2\/product\/88510","targetHints":{"allow":["GET"]}}],"collection":[{"href":"https:\/\/totalblue.ro\/it\/wp-json\/wp\/v2\/product"}],"about":[{"href":"https:\/\/totalblue.ro\/it\/wp-json\/wp\/v2\/types\/product"}],"replies":[{"embeddable":true,"href":"https:\/\/totalblue.ro\/it\/wp-json\/wp\/v2\/comments?post=88510"}],"wp:featuredmedia":[{"embeddable":true,"href":"https:\/\/totalblue.ro\/it\/wp-json\/wp\/v2\/media\/88512"}],"wp:attachment":[{"href":"https:\/\/totalblue.ro\/it\/wp-json\/wp\/v2\/media?parent=88510"}],"wp:term":[{"taxonomy":"product_brand","embeddable":true,"href":"https:\/\/totalblue.ro\/it\/wp-json\/wp\/v2\/product_brand?post=88510"},{"taxonomy":"product_cat","embeddable":true,"href":"https:\/\/totalblue.ro\/it\/wp-json\/wp\/v2\/product_cat?post=88510"},{"taxonomy":"giftcard-category","embeddable":true,"href":"https:\/\/totalblue.ro\/it\/wp-json\/wp\/v2\/giftcard-category?post=88510"}],"curies":[{"name":"wp","href":"https:\/\/api.w.org\/{rel}","templated":true}]}}