{"id":93677,"date":"2023-06-09T09:27:07","date_gmt":"2023-06-09T06:27:07","guid":{"rendered":"https:\/\/totalblue.ro\/?post_type=product&#038;p=93677"},"modified":"2026-01-30T09:12:44","modified_gmt":"2026-01-30T07:12:44","slug":"becel-original-unt-lichid-750-ml","status":"publish","type":"product","link":"https:\/\/totalblue.ro\/it\/produs\/becel-original-unt-lichid-750-ml\/","title":{"rendered":"Becel Original - burro liquido 750 ml"},"content":{"rendered":"<p>Ingrediente : <span class=\"HwtZe\" lang=\"ro\"><span class=\"jCAhz ChMk0b\"><span class=\"ryNqvb\">uleiuri vegetale (rapi\u021b\u0103 71%, floarea soarelui 4%, rapi\u021b\u0103 complet hidrogenat\u0103, semin\u021be de in 1%), ap\u0103, clorur\u0103 de potasiu, emulgatori (lecitin\u0103 de floarea-soarelui, lecitin\u0103 de soia), acid (acid citric), vitaminele A \u0219i D, aroma naturala, colorant ( caroten )<br \/>\nValori nutrizionali \/ 100 g:<br \/>\nEnergie 2555 kJ (622 kcal)<br \/>\nGrasimi 69 g din care grasimi saturate 6.6 g<br \/>\nGlucide &lt; 0.5 g din care zaharuri &lt; 0.5 g<br \/>\nProteine \u200b\u200b&lt; 0.5 g<br \/>\nSale 0 g<br \/>\n<\/span><\/span><\/span><\/p>\n<div class=\"lRu31\" dir=\"ltr\">\n<div class=\"OvtS8d\"><\/div>\n<div id=\"ow167\"><\/div>\n<\/div>\n<div class=\"UdTY9 WdefRb\" aria-hidden=\"true\" data-location=\"2\">\n<div class=\"kO6q6e\"><\/div>\n<\/div>","protected":false},"excerpt":{"rendered":"<p>Ingrediente : uleiuri vegetale (rapi\u021b\u0103 71%, floarea soarelui 4%, rapi\u021b\u0103 complet hidrogenat\u0103, semin\u021be de in 1%), ap\u0103, clorur\u0103 de potasiu, emulgatori (lecitin\u0103 de floarea-soarelui, lecitin\u0103 de soia), acid (acid citric), vitaminele A \u0219i D, aroma naturala, colorant ( caroten ) Valori nutritionale \/ 100 g: Energie 2555 kJ (622 kcal) Grasimi 69 g din care [&#8230;]\n","protected":false},"featured_media":93679,"comment_status":"open","ping_status":"closed","template":"","meta":{"_acf_changed":false,"_seopress_robots_primary_cat":"none","_seopress_titles_title":"Becel Vlees Jus unt lichid pentru gatit Olanda, unt olandez","_seopress_titles_desc":"Cauti unt de gatit Becel Olandez ? Cumpara acum Becel Vlees Jus unt lichid pentru gatit Olanda, unt olandez, unt lichid pentru gatit Olanda","_seopress_robots_index":""},"product_brand":[4236],"product_cat":[1555,3288,4226,3304,1767],"giftcard-category":[],"class_list":{"0":"post-93677","1":"product","2":"type-product","3":"status-publish","4":"has-post-thumbnail","6":"product_brand-becel","7":"product_cat-bacanie","8":"product_cat-branzeturi","9":"product_cat-branzeturi-bacanie","10":"product_cat-mic-dejun-produse-olanda","11":"product_cat-produse-olanda","13":"first","14":"outofstock","15":"taxable","16":"shipping-taxable","17":"purchasable","18":"product-type-simple"},"acf":[],"_links":{"self":[{"href":"https:\/\/totalblue.ro\/it\/wp-json\/wp\/v2\/product\/93677","targetHints":{"allow":["GET"]}}],"collection":[{"href":"https:\/\/totalblue.ro\/it\/wp-json\/wp\/v2\/product"}],"about":[{"href":"https:\/\/totalblue.ro\/it\/wp-json\/wp\/v2\/types\/product"}],"replies":[{"embeddable":true,"href":"https:\/\/totalblue.ro\/it\/wp-json\/wp\/v2\/comments?post=93677"}],"wp:featuredmedia":[{"embeddable":true,"href":"https:\/\/totalblue.ro\/it\/wp-json\/wp\/v2\/media\/93679"}],"wp:attachment":[{"href":"https:\/\/totalblue.ro\/it\/wp-json\/wp\/v2\/media?parent=93677"}],"wp:term":[{"taxonomy":"product_brand","embeddable":true,"href":"https:\/\/totalblue.ro\/it\/wp-json\/wp\/v2\/product_brand?post=93677"},{"taxonomy":"product_cat","embeddable":true,"href":"https:\/\/totalblue.ro\/it\/wp-json\/wp\/v2\/product_cat?post=93677"},{"taxonomy":"giftcard-category","embeddable":true,"href":"https:\/\/totalblue.ro\/it\/wp-json\/wp\/v2\/giftcard-category?post=93677"}],"curies":[{"name":"wp","href":"https:\/\/api.w.org\/{rel}","templated":true}]}}