{"id":96154,"date":"2023-07-14T12:46:07","date_gmt":"2023-07-14T09:46:07","guid":{"rendered":"https:\/\/totalblue.ro\/?post_type=product&#038;p=96154"},"modified":"2025-08-04T11:27:22","modified_gmt":"2025-08-04T08:27:22","slug":"zonnatura-ceai-bio-relaxare-41g-20-pliculete-x-205-g","status":"publish","type":"product","link":"https:\/\/totalblue.ro\/it\/produs\/zonnatura-ceai-bio-relaxare-41g-20-pliculete-x-205-g\/","title":{"rendered":"Zonnatura ceai BIO Relaxare 41g, 20 pliculete x 2,05 g"},"content":{"rendered":"<p>Zonnatura Relaxare este un ceai bazat numai pe plante pure organice. Este un amestec de plante din, printre altele, floarea pasiunii, melisa si lavanda. Un ceai minunat de parfumat si gustos pe care il po\u021bi savura intr-un moment de relaxare pentru tine. Ceaiul organic se incadreaz\u0103 intr-o dieta variata si intr-un stil de viata sanatos.<br \/>\nIngrediente<\/p>\n<p>Ingrediente: Paie de ovaz verde ( gluten ), floarea pasiunii 15%, frunza de salvie 12%, scortisoara, floare de tei, frunza de melisa, floare de lavanda 5%, seminte de fenicul*, hamei. Ingrediente din cultura organica.<br \/>\nAlergeni: contine gluten.<br \/>\nRoinita este o planta perena care are un miros puternic de lamaie. Denumirea stiintifica este Melissa officinalis, asa c\u0103 uneori mai este numit\u0103 si melisa. Ea provine din aceea\u0219i familie cu menta \u0219i are numeroase beneficii pentru sanatate. Cele mai folositoare parti ale plantei sunt frunzele.<br \/>\n1 pachet Zonnatura ceai BIO Relaxare contine 20 pliculete x 2,05 g = 41 g<br \/>\nPreparazione:<br \/>\nSe toarna apa clocotita (100 \u00b0 C) intr-o ceasca. Lasati pliculetul de ceai timp de 5 pana la 8 minute in ceasca.<br \/>\nNota: la tazza pu\u00f2 essere calda! Il t\u00e8 pu\u00f2 essere caldo!<br \/>\nConservare in un luogo asciutto e buio a temperatura ambiente.<br \/>\nFabricat de Wessanen Benelux B.V.<br \/>\nPostbus 12795, 1100 AT Amsterdam (NL)<br \/>\nImportatore e distributore Total Blue Impex SRL<\/p>","protected":false},"excerpt":{"rendered":"<p>Zonnatura Relaxare este un ceai bazat numai pe plante pure organice. Este un amestec de plante din, printre altele, floarea pasiunii, melisa si lavanda. Un ceai minunat de parfumat si gustos pe care il po\u021bi savura intr-un moment de relaxare pentru tine. Ceaiul organic se incadreaz\u0103 intr-o dieta variata si intr-un stil de viata sanatos. [&#8230;]\n","protected":false},"featured_media":96158,"comment_status":"open","ping_status":"closed","template":"","meta":{"_acf_changed":false,"_seopress_robots_primary_cat":"none","_seopress_titles_title":"","_seopress_titles_desc":"","_seopress_robots_index":""},"product_brand":[5640],"product_cat":[1555,1506,3320,1767],"giftcard-category":[],"class_list":{"0":"post-96154","1":"product","2":"type-product","3":"status-publish","4":"has-post-thumbnail","6":"product_brand-zonnatura","7":"product_cat-bacanie","8":"product_cat-cafea-ceai-mic-dejun","9":"product_cat-cafea-ceai-lapte","10":"product_cat-produse-olanda","12":"first","13":"outofstock","14":"taxable","15":"shipping-taxable","16":"purchasable","17":"product-type-simple"},"acf":[],"_links":{"self":[{"href":"https:\/\/totalblue.ro\/it\/wp-json\/wp\/v2\/product\/96154","targetHints":{"allow":["GET"]}}],"collection":[{"href":"https:\/\/totalblue.ro\/it\/wp-json\/wp\/v2\/product"}],"about":[{"href":"https:\/\/totalblue.ro\/it\/wp-json\/wp\/v2\/types\/product"}],"replies":[{"embeddable":true,"href":"https:\/\/totalblue.ro\/it\/wp-json\/wp\/v2\/comments?post=96154"}],"wp:featuredmedia":[{"embeddable":true,"href":"https:\/\/totalblue.ro\/it\/wp-json\/wp\/v2\/media\/96158"}],"wp:attachment":[{"href":"https:\/\/totalblue.ro\/it\/wp-json\/wp\/v2\/media?parent=96154"}],"wp:term":[{"taxonomy":"product_brand","embeddable":true,"href":"https:\/\/totalblue.ro\/it\/wp-json\/wp\/v2\/product_brand?post=96154"},{"taxonomy":"product_cat","embeddable":true,"href":"https:\/\/totalblue.ro\/it\/wp-json\/wp\/v2\/product_cat?post=96154"},{"taxonomy":"giftcard-category","embeddable":true,"href":"https:\/\/totalblue.ro\/it\/wp-json\/wp\/v2\/giftcard-category?post=96154"}],"curies":[{"name":"wp","href":"https:\/\/api.w.org\/{rel}","templated":true}]}}