{"id":98864,"date":"2023-08-18T09:50:47","date_gmt":"2023-08-18T06:50:47","guid":{"rendered":"https:\/\/totalblue.ro\/?post_type=product&#038;p=98864"},"modified":"2026-01-29T09:22:32","modified_gmt":"2026-01-29T07:22:32","slug":"olvarit-mancare-pentru-bebelusi-vita-rosii-si-cartofi-6-luni-200g","status":"publish","type":"product","link":"https:\/\/totalblue.ro\/it\/produs\/olvarit-mancare-pentru-bebelusi-vita-rosii-si-cartofi-6-luni-200g\/","title":{"rendered":"Olvarit alimenti per bambini Vita, Pomodoro e Patate 6+ mesi, 200g"},"content":{"rendered":"<p>Olvarit cu Vita, Rosii si Cartofi pentru bebelusi cu varsta peste 6 luni.<br \/>\nMancarea pentru copii are o savoare si textura ce contribuie la dezvoltarea gustului.<br \/>\nUn delizioso snack per bambini con ingredienti puri e naturali.<br \/>\nContenuto e peso: 200 grammi.<br \/>\n<span class=\"HwtZe\" lang=\"ro\"><span class=\"jCAhz ChMk0b\"><span class=\"ryNqvb\">Ingrediente: 26% piure de ro\u0219ii, 20% cartofi, ap\u0103, 16% morcov, 8% carne de vit\u0103, 4% maz\u0103re, 3% praz, 2,5% amidon de porumb, busuioc, ulei de rapi\u021b\u0103.<\/span><\/span><\/span><br \/>\nSenza glutine.<br \/>\nNessuna proteina del latte vaccino.<br \/>\nConfezionato in un barattolo di vetro con coperchio a scatto.<br \/>\n<strong>Prima di aprire, premere sul coperchio. Se non scatta, non utilizzare il contenuto!<\/strong><br \/>\n<strong>Preparazione<\/strong>Mescolare il contenuto e mettere la quantit\u00e0 desiderata su un piatto. Per questa operazione utilizzare un cucchiaio di plastica.<br \/>\nConservare il contenuto rimanente sigillato in frigorifero e utilizzarlo entro 24 ore.<br \/>\nRiscaldare nel microonde per circa 30 secondi a 600W.<br \/>\nDopo il riscaldamento, mescolare di nuovo bene e controllare la temperatura.<br \/>\nNon riutilizzare gli avanzi.<br \/>\n<strong>Valori nutrizionali\/100g:<br \/>\n<\/strong>Energie 246 kJ (58 kcal)<br \/>\nGrasimi 1,4 g din care grasimi saturate 0,1 g<br \/>\nGlucide 7,9 g din care zaharuri 1,9 g<br \/>\nFibra alimentare 1,5 g<br \/>\nProteine \u200b\u200b2,8 g<br \/>\nSale 0,03 g<\/p>\n<p>Prodotto nei Paesi Bassi da Nutricia, Antwoordnummer 10061 2700 VB Zoetermeer<br \/>\nImportatore e distributore Total Blue Impex SRL<\/p>\n<p><a href=\"https:\/\/totalblue.ro\/wp-content\/uploads\/2021\/03\/bcorporation.jpg\"><img loading=\"lazy\" decoding=\"async\" class=\"alignnone wp-image-43908\" src=\"https:\/\/totalblue.ro\/wp-content\/uploads\/2021\/03\/bcorporation-269x400.jpg\" alt=\"\" width=\"59\" height=\"88\" srcset=\"https:\/\/totalblue.ro\/wp-content\/uploads\/2021\/03\/bcorporation-269x400.jpg 269w, https:\/\/totalblue.ro\/wp-content\/uploads\/2021\/03\/bcorporation-100x149.jpg 100w, https:\/\/totalblue.ro\/wp-content\/uploads\/2021\/03\/bcorporation.jpg 320w\" sizes=\"auto, (max-width: 59px) 100vw, 59px\" \/><\/a><\/p>","protected":false},"excerpt":{"rendered":"<p>Olvarit cu Vita, Rosii si Cartofi pentru bebelusi cu varsta peste 6 luni. Mancarea pentru copii are o savoare si textura ce contribuie la dezvoltarea gustului. O gustare delicioasa pentru bebelusi cu ingrediente pure si naturale. Con\u021binut si greutate: 200 grame. Ingrediente: 26% piure de ro\u0219ii, 20% cartofi, ap\u0103, 16% morcov, 8% carne de vit\u0103, [&#8230;]\n","protected":false},"featured_media":98867,"comment_status":"open","ping_status":"closed","template":"","meta":{"_acf_changed":false,"_seopress_robots_primary_cat":"1767","_seopress_titles_title":"","_seopress_titles_desc":"","_seopress_robots_index":""},"product_brand":[6175],"product_cat":[1984,1520,5677,1767],"giftcard-category":[],"class_list":{"0":"post-98864","1":"product","2":"type-product","3":"status-publish","4":"has-post-thumbnail","6":"product_brand-olvarit","7":"product_cat-hrana-bebelusi","8":"product_cat-mama-copilul","9":"product_cat-mancare-si-accesorii-bebe","10":"product_cat-produse-olanda","12":"first","13":"instock","14":"taxable","15":"shipping-taxable","16":"purchasable","17":"product-type-simple"},"acf":[],"_links":{"self":[{"href":"https:\/\/totalblue.ro\/it\/wp-json\/wp\/v2\/product\/98864","targetHints":{"allow":["GET"]}}],"collection":[{"href":"https:\/\/totalblue.ro\/it\/wp-json\/wp\/v2\/product"}],"about":[{"href":"https:\/\/totalblue.ro\/it\/wp-json\/wp\/v2\/types\/product"}],"replies":[{"embeddable":true,"href":"https:\/\/totalblue.ro\/it\/wp-json\/wp\/v2\/comments?post=98864"}],"wp:featuredmedia":[{"embeddable":true,"href":"https:\/\/totalblue.ro\/it\/wp-json\/wp\/v2\/media\/98867"}],"wp:attachment":[{"href":"https:\/\/totalblue.ro\/it\/wp-json\/wp\/v2\/media?parent=98864"}],"wp:term":[{"taxonomy":"product_brand","embeddable":true,"href":"https:\/\/totalblue.ro\/it\/wp-json\/wp\/v2\/product_brand?post=98864"},{"taxonomy":"product_cat","embeddable":true,"href":"https:\/\/totalblue.ro\/it\/wp-json\/wp\/v2\/product_cat?post=98864"},{"taxonomy":"giftcard-category","embeddable":true,"href":"https:\/\/totalblue.ro\/it\/wp-json\/wp\/v2\/giftcard-category?post=98864"}],"curies":[{"name":"wp","href":"https:\/\/api.w.org\/{rel}","templated":true}]}}