{"id":98870,"date":"2023-08-18T09:54:14","date_gmt":"2023-08-18T06:54:14","guid":{"rendered":"https:\/\/totalblue.ro\/?post_type=product&#038;p=98870"},"modified":"2025-08-01T10:26:57","modified_gmt":"2025-08-01T07:26:57","slug":"olvarit-mancare-pentru-bebelusi-dovlecel-pui-paste-12-luni-250g","status":"publish","type":"product","link":"https:\/\/totalblue.ro\/it\/produs\/olvarit-mancare-pentru-bebelusi-dovlecel-pui-paste-12-luni-250g\/","title":{"rendered":"Olvarit mancare pentru bebelusi Dovlecel, Pui, Paste 12+ luni, 250g"},"content":{"rendered":"<div id=\"tab-description\" class=\"woocommerce-Tabs-panel woocommerce-Tabs-panel--description panel entry-content active\" role=\"tabpanel\" aria-labelledby=\"tab-title-description\">\n<p>Olvarit cu Dovlecel, Pui, Paste pentru bebelusi cu varsta peste 12 luni.<br \/>\nMancarea pentru copii are o savoare si textura ce contribuie la dezvoltarea gustului.<br \/>\nUn delizioso snack per bambini con ingredienti puri e naturali.<br \/>\nContenuto e peso: 250 grammi.<br \/>\n<span class=\"HwtZe\" lang=\"ro\"><span class=\"jCAhz ChMk0b\"><span class=\"ryNqvb\">Ingrediente: Ingrediente: 29% dovlecei, 17,76% paste** (GR\u00c2U, OU), ap\u0103, 8,47% LAPTE integral, 8% pui, 5% ceap\u0103, 4% broccoli, 4% \u021belin\u0103, 2,6% piure de ro\u0219ii, 2,5% amidon de GRAU, ulei de rapita, suc concentrat de lamaie, patrunjel, busuioc, usturoi.<\/span><\/span><\/span><br \/>\nSenza glutine.<br \/>\nConfezionato in un barattolo di vetro con coperchio a scatto.<br \/>\n<strong>Prima di aprire, premere sul coperchio. Se non scatta, non utilizzare il contenuto!<\/strong><br \/>\n<strong>Preparazione<\/strong>Mescolare il contenuto e mettere la quantit\u00e0 desiderata su un piatto. Per questa operazione utilizzare un cucchiaio di plastica.<br \/>\nConservare il contenuto rimanente sigillato in frigorifero e utilizzarlo entro 24 ore.<br \/>\nRiscaldare nel microonde per circa 30 secondi a 600W.<br \/>\nDopo il riscaldamento, mescolare di nuovo bene e controllare la temperatura.<br \/>\nNon riutilizzare gli avanzi.<br \/>\n<strong>Valori nutrizionali\/100g:<br \/>\n<\/strong>Energie 247 kJ (59 kcal)<br \/>\nGrasimi 1,6 g din care grasimi saturate 0,4 g<br \/>\nGlucide 6,7 g din care zaharuri 1,6 g<br \/>\nFibra alimentare 2,4 g<br \/>\nProteine \u200b\u200b3,2 g<br \/>\nSale 0,03 g<\/p>\n<p>Prodotto nei Paesi Bassi da Nutricia, Antwoordnummer 10061 2700 VB Zoetermeer<br \/>\nImportatore e distributore Total Blue Impex SRL<\/p>\n<p><a href=\"https:\/\/totalblue.ro\/wp-content\/uploads\/2021\/03\/bcorporation.jpg\"><img loading=\"lazy\" decoding=\"async\" class=\"alignnone wp-image-43908\" src=\"https:\/\/totalblue.ro\/wp-content\/uploads\/2021\/03\/bcorporation-269x400.jpg\" alt=\"\" width=\"59\" height=\"88\" srcset=\"https:\/\/totalblue.ro\/wp-content\/uploads\/2021\/03\/bcorporation-269x400.jpg 269w, https:\/\/totalblue.ro\/wp-content\/uploads\/2021\/03\/bcorporation-100x149.jpg 100w, https:\/\/totalblue.ro\/wp-content\/uploads\/2021\/03\/bcorporation.jpg 320w\" sizes=\"auto, (max-width: 59px) 100vw, 59px\" \/><\/a><\/p>\n<\/div>","protected":false},"excerpt":{"rendered":"<p>Olvarit cu Dovlecel, Pui, Paste pentru bebelusi cu varsta peste 12 luni. Mancarea pentru copii are o savoare si textura ce contribuie la dezvoltarea gustului. O gustare delicioasa pentru bebelusi cu ingrediente pure si naturale. Con\u021binut si greutate: 250 grame. Ingrediente: Ingrediente: 29% dovlecei, 17,76% paste** (GR\u00c2U, OU), ap\u0103, 8,47% LAPTE integral, 8% pui, 5% [&#8230;]\n","protected":false},"featured_media":98872,"comment_status":"open","ping_status":"closed","template":"","meta":{"_acf_changed":false,"_seopress_robots_primary_cat":"1767","_seopress_titles_title":"","_seopress_titles_desc":"","_seopress_robots_index":""},"product_brand":[6175],"product_cat":[1984,1520,5677,1767],"giftcard-category":[],"class_list":{"0":"post-98870","1":"product","2":"type-product","3":"status-publish","4":"has-post-thumbnail","6":"product_brand-olvarit","7":"product_cat-hrana-bebelusi","8":"product_cat-mama-copilul","9":"product_cat-mancare-si-accesorii-bebe","10":"product_cat-produse-olanda","12":"first","13":"outofstock","14":"taxable","15":"shipping-taxable","16":"purchasable","17":"product-type-simple"},"acf":[],"_links":{"self":[{"href":"https:\/\/totalblue.ro\/it\/wp-json\/wp\/v2\/product\/98870","targetHints":{"allow":["GET"]}}],"collection":[{"href":"https:\/\/totalblue.ro\/it\/wp-json\/wp\/v2\/product"}],"about":[{"href":"https:\/\/totalblue.ro\/it\/wp-json\/wp\/v2\/types\/product"}],"replies":[{"embeddable":true,"href":"https:\/\/totalblue.ro\/it\/wp-json\/wp\/v2\/comments?post=98870"}],"wp:featuredmedia":[{"embeddable":true,"href":"https:\/\/totalblue.ro\/it\/wp-json\/wp\/v2\/media\/98872"}],"wp:attachment":[{"href":"https:\/\/totalblue.ro\/it\/wp-json\/wp\/v2\/media?parent=98870"}],"wp:term":[{"taxonomy":"product_brand","embeddable":true,"href":"https:\/\/totalblue.ro\/it\/wp-json\/wp\/v2\/product_brand?post=98870"},{"taxonomy":"product_cat","embeddable":true,"href":"https:\/\/totalblue.ro\/it\/wp-json\/wp\/v2\/product_cat?post=98870"},{"taxonomy":"giftcard-category","embeddable":true,"href":"https:\/\/totalblue.ro\/it\/wp-json\/wp\/v2\/giftcard-category?post=98870"}],"curies":[{"name":"wp","href":"https:\/\/api.w.org\/{rel}","templated":true}]}}