{"id":99050,"date":"2023-08-21T13:46:49","date_gmt":"2023-08-21T10:46:49","guid":{"rendered":"https:\/\/totalblue.ro\/?post_type=product&#038;p=99050"},"modified":"2026-03-16T10:10:37","modified_gmt":"2026-03-16T08:10:37","slug":"spuma-de-baie-cu-extract-de-musetel-bon-bebe-300-ml","status":"publish","type":"product","link":"https:\/\/totalblue.ro\/it\/produs\/spuma-de-baie-cu-extract-de-musetel-bon-bebe-300-ml\/","title":{"rendered":"Bon Bebe Bagno schiuma con estratto di camomilla 300 ml"},"content":{"rendered":"<div id=\"tab-description\" class=\"woocommerce-Tabs-panel woocommerce-Tabs-panel--description panel entry-content active\" role=\"tabpanel\" aria-labelledby=\"tab-title-description\">\n<p>Spuma de baie Bonb\u00e9b\u00e9 cur\u0103\u021b\u0103 delicat pielea bebelu\u0219ului, oferind un plus de distrac\u021bie \u00een baie.<br \/>\nSpuma este bl\u00e2nd\u0103 pentru ochi.<br \/>\nAdaosul de extract de musetel si pantenol sustine echilibrul natural de umiditate si ajuta la prevenirea deshidratarii.<br \/>\nU\u0219oar\u0103 \u0219i moale<br \/>\nTestat dermatologic<br \/>\npH neutru al pielii<br \/>\n0% coloran\u021bi \u0219i alergeni de parfum<\/p>\n<p>Ingrediente:Apa, Sodiu, Sulfat, Clorur\u0103 de Sodiu, Cocamidopropil Betain\u0103, Coco-Glucozid\u0103, Gliceril, Parfum, Pantenol, Glicerin\u0103, Extract de floare de Chamomilla Recutita, Tocoferol, Citrat de gliceride de palmier hidrogenat, Glicin\u0103, Ferocianurat de sodiu, Sorbic Acid de sodiu, Benzoacid de sodiu , Acid citric<\/p>\n<\/div>","protected":false},"excerpt":{"rendered":"<p>Spuma de baie Bonb\u00e9b\u00e9 cur\u0103\u021b\u0103 delicat pielea bebelu\u0219ului, oferind un plus de distrac\u021bie \u00een baie. Spuma este bl\u00e2nd\u0103 pentru ochi. Adaosul de extract de musetel si pantenol sustine echilibrul natural de umiditate si ajuta la prevenirea deshidratarii. U\u0219oar\u0103 \u0219i moale Testat dermatologic pH neutru al pielii 0% coloran\u021bi \u0219i alergeni de parfum Ingrediente:Apa, Sodiu, Sulfat, [&#8230;]\n","protected":false},"featured_media":99052,"comment_status":"open","ping_status":"closed","template":"","meta":{"_acf_changed":false,"_seopress_robots_primary_cat":"1940","_seopress_titles_title":"","_seopress_titles_desc":"","_seopress_robots_index":""},"product_brand":[7974],"product_cat":[1520,1940],"giftcard-category":[],"class_list":{"0":"post-99050","1":"product","2":"type-product","3":"status-publish","4":"has-post-thumbnail","6":"product_brand-bon-bebe","7":"product_cat-mama-copilul","8":"product_cat-sampoane-detergenti","10":"first","11":"outofstock","12":"taxable","13":"shipping-taxable","14":"purchasable","15":"product-type-simple"},"acf":[],"_links":{"self":[{"href":"https:\/\/totalblue.ro\/it\/wp-json\/wp\/v2\/product\/99050","targetHints":{"allow":["GET"]}}],"collection":[{"href":"https:\/\/totalblue.ro\/it\/wp-json\/wp\/v2\/product"}],"about":[{"href":"https:\/\/totalblue.ro\/it\/wp-json\/wp\/v2\/types\/product"}],"replies":[{"embeddable":true,"href":"https:\/\/totalblue.ro\/it\/wp-json\/wp\/v2\/comments?post=99050"}],"wp:featuredmedia":[{"embeddable":true,"href":"https:\/\/totalblue.ro\/it\/wp-json\/wp\/v2\/media\/99052"}],"wp:attachment":[{"href":"https:\/\/totalblue.ro\/it\/wp-json\/wp\/v2\/media?parent=99050"}],"wp:term":[{"taxonomy":"product_brand","embeddable":true,"href":"https:\/\/totalblue.ro\/it\/wp-json\/wp\/v2\/product_brand?post=99050"},{"taxonomy":"product_cat","embeddable":true,"href":"https:\/\/totalblue.ro\/it\/wp-json\/wp\/v2\/product_cat?post=99050"},{"taxonomy":"giftcard-category","embeddable":true,"href":"https:\/\/totalblue.ro\/it\/wp-json\/wp\/v2\/giftcard-category?post=99050"}],"curies":[{"name":"wp","href":"https:\/\/api.w.org\/{rel}","templated":true}]}}