{"id":99114,"date":"2023-08-22T14:12:09","date_gmt":"2023-08-22T11:12:09","guid":{"rendered":"https:\/\/totalblue.ro\/?post_type=product&#038;p=99114"},"modified":"2025-01-30T15:01:12","modified_gmt":"2025-01-30T13:01:12","slug":"pannolini-pannolini-bon-baby-pannolini-bon-bebe-maxi-no-5-12-17-kg-20-pezzi","status":"publish","type":"product","link":"https:\/\/totalblue.ro\/it\/produs\/scutece-chilotel-bon-bebe-maxi-no-5-12-17-kg-20-bucati\/","title":{"rendered":"Pannolini, Bon Bebe, Maxi, n. 5, 12-17 kg, 20 pezzi"},"content":{"rendered":"<div id=\"tab-description\" class=\"woocommerce-Tabs-panel woocommerce-Tabs-panel--description panel entry-content active\" role=\"tabpanel\" aria-labelledby=\"tab-title-description\">\n<div id=\"tab-description\" class=\"woocommerce-Tabs-panel woocommerce-Tabs-panel--description panel entry-content active\" role=\"tabpanel\" aria-labelledby=\"tab-title-description\">\n<div id=\"tab-description\" class=\"woocommerce-Tabs-panel woocommerce-Tabs-panel--description panel entry-content active\" role=\"tabpanel\" aria-labelledby=\"tab-title-description\">\n<div id=\"tab-description\" class=\"woocommerce-Tabs-panel woocommerce-Tabs-panel--description panel entry-content active\" role=\"tabpanel\" aria-labelledby=\"tab-title-description\">\n<div id=\"tab-description\" class=\"woocommerce-Tabs-panel woocommerce-Tabs-panel--description panel entry-content active\" role=\"tabpanel\" aria-labelledby=\"tab-title-description\">Pannolino maxi Bonb\u00e9b\u00e9b\u00e9 taglia 5.<br \/>\nMorbido comfort di utilizzo e potente capacit\u00e0 di assorbimento per il massimo effetto.<br \/>\nI lati elasticizzati assicurano una vestibilit\u00e0 sempre ottimale dei pantaloni.<br \/>\nMateriale morbido e traspirante che aiuta a prevenire le irritazioni cutanee.<br \/>\nInoltre, i pantaloni per pannolini contengono bordi anti-perdita e canali di aerazione con uno strato superiore morbido, mentre i canali al centro assicurano un rapido assorbimento dell'umidit\u00e0, in modo da offrire una sensazione di asciutto e freschezza a lungo.<\/div>\n<\/div>\n<\/div>\n<\/div>\n<\/div>","protected":false},"excerpt":{"rendered":"<p>Scutece chilotel Bonb\u00e9b\u00e9 maxi m\u0103rimea 5. Confort fin la purtare cu un efect absorbant puternic pentru un efect maxim. P\u0103r\u021bile elastice asigur\u0103 ca pantalonii s\u0103 aib\u0103 \u00eentotdeauna o potrivire optim\u0103. Material moale \u0219i respirabil pentru a ajuta la prevenirea irita\u021biei pielii. In plus, pantalonii scutec contin margini anti-scurgere si canale aeroflow cu un strat superior [&#8230;]\n","protected":false},"featured_media":99115,"comment_status":"open","ping_status":"closed","template":"","meta":{"_acf_changed":false,"_seopress_robots_primary_cat":"1938","_seopress_titles_title":"","_seopress_titles_desc":"Noile scutecele Pampers au un extra strat absorbant pentru nopti uscate, care ajuta la absorbtia rapida a lichidului.","_seopress_robots_index":""},"product_brand":[7974],"product_cat":[1520,1938],"giftcard-category":[],"class_list":{"0":"post-99114","1":"product","2":"type-product","3":"status-publish","4":"has-post-thumbnail","6":"product_brand-bon-bebe","7":"product_cat-mama-copilul","8":"product_cat-scutece-servetele-umede","10":"first","11":"outofstock","12":"taxable","13":"shipping-taxable","14":"purchasable","15":"product-type-simple"},"acf":[],"_links":{"self":[{"href":"https:\/\/totalblue.ro\/it\/wp-json\/wp\/v2\/product\/99114","targetHints":{"allow":["GET"]}}],"collection":[{"href":"https:\/\/totalblue.ro\/it\/wp-json\/wp\/v2\/product"}],"about":[{"href":"https:\/\/totalblue.ro\/it\/wp-json\/wp\/v2\/types\/product"}],"replies":[{"embeddable":true,"href":"https:\/\/totalblue.ro\/it\/wp-json\/wp\/v2\/comments?post=99114"}],"wp:featuredmedia":[{"embeddable":true,"href":"https:\/\/totalblue.ro\/it\/wp-json\/wp\/v2\/media\/99115"}],"wp:attachment":[{"href":"https:\/\/totalblue.ro\/it\/wp-json\/wp\/v2\/media?parent=99114"}],"wp:term":[{"taxonomy":"product_brand","embeddable":true,"href":"https:\/\/totalblue.ro\/it\/wp-json\/wp\/v2\/product_brand?post=99114"},{"taxonomy":"product_cat","embeddable":true,"href":"https:\/\/totalblue.ro\/it\/wp-json\/wp\/v2\/product_cat?post=99114"},{"taxonomy":"giftcard-category","embeddable":true,"href":"https:\/\/totalblue.ro\/it\/wp-json\/wp\/v2\/giftcard-category?post=99114"}],"curies":[{"name":"wp","href":"https:\/\/api.w.org\/{rel}","templated":true}]}}