{"id":3024,"date":"2019-03-06T13:26:09","date_gmt":"2019-03-06T13:26:09","guid":{"rendered":"https:\/\/racekids.ro\/?page_id=3024"},"modified":"2025-02-10T09:38:27","modified_gmt":"2025-02-10T07:38:27","slug":"cookiebeleid","status":"publish","type":"page","link":"https:\/\/totalblue.ro\/nl\/politica-de-utilizare-cookie-uri\/","title":{"rendered":"Cookiebeleid"},"content":{"rendered":"<h2 class=\"western\" style=\"text-align: left;\"><span style=\"font-family: Arial, sans-serif;\"><span style=\"font-size: medium;\">Cookies<\/span><\/span><\/h2>\n<p style=\"text-align: left;\"><span style=\"font-family: Arial, sans-serif;\"><span style=\"font-size: medium;\">1. Beleid voor het gebruik van cookies en soortgelijke technologie\u00ebn<\/span><\/span><\/p>\n<p style=\"text-align: left;\"><span style=\"font-family: Arial, sans-serif;\"><span style=\"font-size: medium;\">Dit beleid verwijst naar cookies en vergelijkbare technologie\u00ebn die, waar van toepassing, worden gebruikt op de websites en applicaties die worden beheerd door SC TOTAL BLUE IMPEX S.R.L. met statutaire zetel in Boekarest, bd. Uverturii, nr.69A, sector 6, (hierna Totalblue.ro).<\/span><\/span><\/p>\n<p style=\"text-align: left;\"><span style=\"font-family: Arial, sans-serif;\"><span style=\"font-size: medium;\">Cookies worden voor de volgende doeleinden gebruikt:<\/span><\/span><\/p>\n<ul style=\"text-align: left;\">\n<li><span style=\"font-family: Arial, sans-serif;\"><span style=\"font-size: medium;\">de werking van de website, <\/span><\/span><\/li>\n<li><span style=\"font-family: Arial, sans-serif;\"><span style=\"font-size: medium;\">om het gedrag van websitebezoekers te analyseren, <\/span><\/span><\/li>\n<li><span style=\"font-family: Arial, sans-serif;\"><span style=\"font-size: medium;\">voor publiciteit. <\/span><\/span><\/li>\n<\/ul>\n<p style=\"text-align: left;\"><span style=\"font-family: Arial, sans-serif;\"><span style=\"font-size: medium;\">Dit beleid wordt aangevuld door het beleid van Totalblue.nl over de bescherming van persoonsgegevens in het algemeen dat je hier kunt vinden en de Algemene voorwaarden van de site die je hier kunt vinden, die we je aanmoedigen om te lezen, omdat ze nuttige aanvullende informatie bevatten, onder andere over de Totalblue-functionaris.<\/span><\/span><\/p>\n<p style=\"text-align: left;\"><span style=\"font-family: Arial, sans-serif;\"><span style=\"font-size: medium;\">.ro voor de bescherming van persoonsgegevens, alle doeleinden van gegevensverwerking door Totalblue.ro, je rechten, evenals hun uitzonderingen en beperkingen, enz.<\/span><\/span><\/p>\n<p style=\"text-align: left;\"><span style=\"font-family: Arial, sans-serif;\"><span style=\"font-size: medium;\">Een goede bescherming van persoonsgegevens is een belangrijke doelstelling voor Totalblue.nl. Het is onze wens om zo duidelijk en transparant mogelijk te zijn over de aanpak van Totalblue.nl op dit gebied. Als je vragen hebt, neem dan contact met ons op via comenzi@totalblue.ro.<\/span><\/span><\/p>\n<p style=\"text-align: left;\"><span style=\"font-family: Arial, sans-serif;\"><span style=\"font-size: medium;\">2. Wat zijn cookies?<\/span><\/span><\/p>\n<p style=\"text-align: left;\"><span style=\"font-family: Arial, sans-serif;\"><span style=\"font-size: medium;\">Een cookie is een klein bestand bestaande uit letters en cijfers dat wordt opgeslagen op de computer, mobiele terminal of andere apparatuur van een gebruiker waarmee het internet wordt benaderd. De cookie wordt ge\u00efnstalleerd door een verzoek dat vanaf de terminal van de gebruiker naar een server van Totalblue.nl of een server van derden wordt gestuurd.<\/span><\/span><\/p>\n<p style=\"text-align: left;\"><span style=\"font-family: Arial, sans-serif;\"><span style=\"font-size: medium;\">3. Waar worden cookies voor gebruikt?<\/span><\/span><\/p>\n<p style=\"text-align: left;\"><span style=\"font-family: Arial, sans-serif;\"><span style=\"font-size: medium;\">Deze bestanden maken het vooral mogelijk om de terminal van de gebruiker te herkennen en inhoud op een relevante manier te presenteren, aangepast aan de voorkeuren van de gebruiker.<\/span><\/span><\/p>\n<p style=\"text-align: left;\"><span style=\"font-family: Arial, sans-serif;\"><span style=\"font-size: medium;\">Cookies bieden gebruikers een prettige browse-ervaring en ondersteunen Totalblue.ro's inspanningen om meer op maat gemaakte diensten aan gebruikers te leveren, bijvoorbeeld online privacyvoorkeuren, winkelmandje of relevante reclame. Ze worden ook gebruikt in de voorbereiding van geanonimiseerde geaggregeerde statistieken die ons helpen te begrijpen hoe een gebruiker profiteert van onze webpagina's, waardoor we hun structuur en inhoud kunnen verbeteren, zonder de persoonlijke identificatie van de gebruiker toe te staan.<\/span><\/span><\/p>\n<p style=\"text-align: left;\"><span style=\"font-family: Arial, sans-serif;\"><span style=\"font-size: medium;\">4. Welke cookies gebruiken we?<\/span><\/span><\/p>\n<p style=\"text-align: left;\"><span style=\"font-family: Arial, sans-serif;\"><span style=\"font-size: medium;\">We gebruiken twee soorten cookies: per-sessie cookies en vaste cookies. Per-sessie cookies zijn tijdelijke bestanden die op de terminal van de gebruiker blijven totdat de sessie eindigt of de toepassing wordt afgesloten. Vaste cookies blijven op de terminal van de gebruiker gedurende een periode die wordt bepaald door de cookie-instellingen of totdat ze handmatig worden verwijderd door de gebruiker.<\/span><\/span><\/p>\n<p style=\"text-align: left;\"><span style=\"font-family: Arial, sans-serif;\"><span style=\"font-size: medium;\">5. Hoe worden cookies door deze website gebruikt?<\/span><\/span><\/p>\n<p style=\"text-align: left;\"><span style=\"font-family: Arial, sans-serif;\"><span style=\"font-size: medium;\">Bij een bezoek aan deze website kunnen de volgende soorten cookies worden geplaatst:<\/span><\/span><\/p>\n<ul style=\"text-align: left;\">\n<li><span style=\"font-family: Arial, sans-serif;\"><span style=\"font-size: medium;\">cookies die strikt noodzakelijk zijn voor het functioneren van de website <\/span><\/span><\/li>\n<li><span style=\"font-family: Arial, sans-serif;\"><span style=\"font-size: medium;\">analyse cookies <\/span><\/span><\/li>\n<li><span style=\"font-family: Arial, sans-serif;\"><span style=\"font-size: medium;\">advertentiecookies <\/span><\/span><\/li>\n<\/ul>\n<p style=\"text-align: left;\"><span style=\"font-family: Arial, sans-serif;\"><span style=\"font-size: medium;\">Cookies en\/of vergelijkbare technologie\u00ebn die strikt noodzakelijk zijn, zijn essentieel voor de goede werking van de website en worden op uw apparaat geplaatst wanneer u toegang krijgt tot de website of als gevolg van acties die op de website worden uitgevoerd, voor zover van toepassing. U kunt uw browser zo instellen dat cookies worden geblokkeerd, maar in dat geval zullen bepaalde onderdelen van de website niet goed functioneren.<\/span><\/span><\/p>\n<p style=\"text-align: left;\"><span style=\"font-family: Arial, sans-serif;\"><span style=\"font-size: medium;\">6. Bevatten cookies of soortgelijke technologie\u00ebn persoonsgegevens?<\/span><\/span><\/p>\n<p style=\"text-align: left;\"><span style=\"font-family: Arial, sans-serif;\"><span style=\"font-size: medium;\">Cookies of vergelijkbare technologie\u00ebn vereisen zelf geen persoonlijke informatie om te kunnen worden gebruikt en identificeren internetgebruikers in veel gevallen niet persoonlijk. Er zijn echter situaties waarin persoonlijke gegevens kunnen worden verzameld door het gebruik van cookies om bepaalde functionaliteiten voor de gebruiker te vergemakkelijken of om de gebruiker een ervaring te bieden die beter is afgestemd op zijn voorkeuren. Dergelijke gegevens worden zodanig gecodeerd dat onbevoegden er geen toegang toe hebben.<\/span><\/span><\/p>\n<p style=\"text-align: left;\"><span style=\"font-family: Arial, sans-serif;\"><span style=\"font-size: medium;\">Wat zijn vergelijkbare technologie\u00ebn?<\/span><\/span><\/p>\n<p style=\"text-align: left;\"><span style=\"font-family: Arial, sans-serif;\"><span style=\"font-size: medium;\">Er zijn andere technologie\u00ebn die voor dezelfde doeleinden als cookies kunnen worden gebruikt.<\/span><\/span><\/p>\n<p style=\"text-align: left;\"><span style=\"font-family: Arial, sans-serif;\"><span style=\"font-size: medium;\">7. Cookies blokkeren<\/span><\/span><\/p>\n<p style=\"text-align: left;\"><span style=\"font-family: Arial, sans-serif;\"><span style=\"font-size: medium;\">Als u cookies wilt blokkeren, worden sommige functies van de site uitgeschakeld en dit kan leiden tot bepaalde storingen of fouten in het gebruik van onze site. Het blokkeren van cookies kan bijvoorbeeld voorkomen dat u:<\/span><\/span><\/p>\n<ul style=\"text-align: left;\">\n<li><span style=\"font-family: Arial, sans-serif;\"><span style=\"font-size: medium;\">online winkelen <\/span><\/span><\/li>\n<li><span style=\"font-family: Arial, sans-serif;\"><span style=\"font-size: medium;\">inloggen op uw account <\/span><\/span><\/li>\n<\/ul>\n<p style=\"text-align: left;\"><span style=\"font-family: Arial, sans-serif;\"><span style=\"font-size: medium;\">Als u akkoord gaat met deze beperkingen en cookies wilt blokkeren, volg dan de onderstaande instructies:<\/span><\/span><\/p>\n<p style=\"text-align: left;\"><span style=\"font-family: Arial, sans-serif;\"><span style=\"font-size: medium;\">De meeste browsers zijn standaard ingesteld om cookies te accepteren, maar u kunt uw instellingen wijzigen om sommige of alle cookies te blokkeren.<br \/>\nKies je browser uit de onderstaande lijst om de instructies weer te geven die je moet volgen na het openen van je browser. <\/span><\/span><\/p>\n<p style=\"text-align: left;\"><span style=\"font-family: Arial, sans-serif;\"><span style=\"font-size: medium;\">8. Cookievoorkeuren beheren<\/span><\/span><\/p>\n<p style=\"text-align: left;\"><span style=\"font-family: Arial, sans-serif;\"><span style=\"font-size: medium;\">Over het algemeen staat een toepassing die wordt gebruikt om toegang te krijgen tot webpagina's toe dat cookies en\/of soortgelijke technologie\u00ebn standaard op de terminal worden opgeslagen. Deze instellingen kunnen zodanig worden gewijzigd dat de automatische verwerking van cookies door de webbrowser wordt geblokkeerd of dat de gebruiker wordt ge\u00efnformeerd telkens cookies naar zijn terminal worden verzonden.<\/span><\/span><\/p>\n<p style=\"text-align: left;\"><span style=\"font-family: Arial, sans-serif;\"><span style=\"font-size: medium;\">Gedetailleerde informatie over de mogelijkheden en manieren om cookies te beheren, vindt u in het instellingengedeelte van de toepassing (webbrowser). Het beperken van het gebruik van cookies kan bepaalde functies van de website be\u00efnvloeden.<\/span><\/span><\/p>\n<p style=\"text-align: left;\"><span style=\"font-family: Arial, sans-serif;\"><span style=\"font-size: medium;\">9. Waarom zijn cookies en\/of soortgelijke technologie\u00ebn belangrijk voor het internet?<\/span><\/span><\/p>\n<p style=\"text-align: left;\"><span style=\"font-family: Arial, sans-serif;\"><span style=\"font-size: medium;\">Cookies en\/of vergelijkbare technologie\u00ebn staan centraal in het effici\u00ebnt functioneren van het internet en helpen bij het genereren van een gebruiksvriendelijke browse-ervaring die is afgestemd op de voorkeuren en interesses van elke gebruiker. Het weigeren of uitschakelen van cookies kan sommige sites of delen van sites onbruikbaar maken.<\/span><\/span><\/p>\n<p style=\"text-align: left;\"><span style=\"font-family: Arial, sans-serif;\"><span style=\"font-size: medium;\">Het uitschakelen van cookies betekent niet dat je geen online advertenties meer ontvangt die voldoen aan de wet - het betekent alleen dat er geen rekening meer kan worden gehouden met je voorkeuren en interesses, zoals blijkt uit je surfgedrag.<\/span><\/span><\/p>\n<p style=\"text-align: left;\"><span style=\"font-family: Arial, sans-serif;\"><span style=\"font-size: medium;\">Voorbeelden van belangrijk gebruik van cookies (waarvoor een gebruiker zich niet hoeft te verifi\u00ebren via een account):<\/span><\/span><\/p>\n<ul style=\"text-align: left;\">\n<li><span style=\"font-family: Arial, sans-serif;\"><span style=\"font-size: medium;\">Inhoud en diensten afgestemd op de voorkeuren van de gebruiker - categorie\u00ebn van producten en diensten. <\/span><\/span><\/li>\n<li><span style=\"font-family: Arial, sans-serif;\"><span style=\"font-size: medium;\">Aanbiedingen afgestemd op de interesses van gebruikers <\/span><\/span><\/li>\n<li><span style=\"font-family: Arial, sans-serif;\"><span style=\"font-size: medium;\">Wachtwoorden bewaren <\/span><\/span><\/li>\n<li><span style=\"font-family: Arial, sans-serif;\"><span style=\"font-size: medium;\">Behoud kinderbeschermingsfilters op internetcontent (gezinsmodusopties, veilige zoekfuncties). <\/span><\/span><\/li>\n<li><span style=\"font-family: Arial, sans-serif;\"><span style=\"font-size: medium;\">Ad Frequency Limiting - Het beperken van het aantal keren dat een advertentie wordt getoond aan een bepaalde gebruiker op een website. <\/span><\/span><\/li>\n<li><span style=\"font-family: Arial, sans-serif;\"><span style=\"font-size: medium;\">Relevante reclame aanbieden aan de gebruiker. <\/span><\/span><\/li>\n<li><span style=\"font-family: Arial, sans-serif;\"><span style=\"font-size: medium;\">Het meten, optimaliseren en aanpassen van analyticsfuncties - zoals het bevestigen van een bepaald verkeersniveau naar een website, welk type inhoud wordt bekeken en hoe een gebruiker op een website terechtkomt (bijv. via zoekmachines, rechtstreeks, vanaf andere websites, etc.) Websites gebruiken deze gebruiksanalyses om hun services te verbeteren ten behoeve van hun gebruikers. <\/span><\/span><\/li>\n<\/ul>\n<p style=\"text-align: left;\"><span style=\"font-family: Arial, sans-serif;\"><span style=\"font-size: medium;\">10. Beveiligings- en privacykwesties<\/span><\/span><\/p>\n<p style=\"text-align: left;\"><span style=\"font-family: Arial, sans-serif;\"><span style=\"font-size: medium;\">Browsers hebben over het algemeen ingebouwde privacyinstellingen die verschillende niveaus van cookieacceptatie, geldigheidsduur en automatische verwijdering bieden nadat de gebruiker een bepaalde site heeft bezocht.<\/span><\/span><\/p>\n<p style=\"text-align: left;\"><span style=\"font-family: Arial, sans-serif;\"><span style=\"font-size: medium;\">Andere beveiligingsproblemen met cookies:<\/span><\/span><\/p>\n<ul style=\"text-align: left;\">\n<li><span style=\"font-family: Arial, sans-serif;\"><span style=\"font-size: medium;\">Pas de cookie-instellingen van uw browser aan om een voor u comfortabel niveau van cookiebeveiliging weer te geven. <\/span><\/span><\/li>\n<li><span style=\"font-family: Arial, sans-serif;\"><span style=\"font-size: medium;\">Als je de enige persoon bent die je computer gebruikt, kun je desgewenst lange time-outs instellen voor het opslaan van je browsegeschiedenis en persoonlijke toegangsgegevens. <\/span><\/span><\/li>\n<li><span style=\"font-family: Arial, sans-serif;\"><span style=\"font-size: medium;\">Als je de toegang tot je computer deelt, kun je overwegen om je browser zo in te stellen dat individuele surfgegevens worden verwijderd telkens als je je browser afsluit. Dit is een alternatief voor het bezoeken van sites die cookies plaatsen en het verwijderen van alle surfgegevens wanneer u uw browsersessie afsluit. <\/span><\/span><\/li>\n<\/ul>\n<p style=\"text-align: left;\"><span style=\"font-family: Arial, sans-serif;\"><span style=\"font-size: medium;\">11. Nuttige links en aanvullende informatie<\/span><\/span><\/p>\n<p style=\"text-align: left;\"><span style=\"font-family: Arial, sans-serif;\"><span style=\"font-size: medium;\">Als je meer wilt weten over cookies en waarvoor ze worden gebruikt, raden we je de volgende links aan:<\/span><\/span><\/p>\n<ul style=\"text-align: left;\">\n<li><span style=\"font-family: Arial, sans-serif;\"><span style=\"font-size: medium;\"><a href=\"https:\/\/support.microsoft.com\/en-us\/help\/260971\/description-of-cookies\" target=\"_blank\" rel=\"noopener noreferrer\">Microsoft handleiding voor cookies<\/a> <\/span><\/span><\/li>\n<li><span style=\"font-family: Arial, sans-serif;\"><span style=\"font-size: medium;\"><a href=\"http:\/\/www.allaboutcookies.org\/\" target=\"_blank\" rel=\"noopener noreferrer\">Alles over koekjes<\/a> <\/span><\/span><\/li>\n<li><span style=\"font-family: Arial, sans-serif;\"><span style=\"font-size: medium;\"><a href=\"http:\/\/www.youronlinechoices.com\/ro\/\" target=\"_blank\" rel=\"noopener noreferrer\">http:\/\/www.youronlinechoices.com\/ro\/<\/a> <\/span><\/span><\/li>\n<\/ul>\n<p style=\"text-align: left;\">","protected":false},"excerpt":{"rendered":"<p>Cookie-uri 1. Politica de utilizare cookie-uri \u0219i tehnologii similare Aceast\u0103 politic\u0103 se refer\u0103 la cookie-urile \u0219i la tehnologiile similare folosite, dup\u0103 caz, \u00een website-urile \u0219i aplica\u021biile operate de SC TOTAL BLUE IMPEX S.R.L. cu sediul social \u00een Bucure\u0219ti, bd. Uverturii, nr.69A, sector 6, (denumit\u0103 \u00een continuare Totalblue.ro). Cookie-urile sunt folosite pentru urm\u0103toarele scopuri: de func\u021bionare [&#8230;]\n","protected":false},"author":2,"featured_media":0,"parent":0,"menu_order":0,"comment_status":"closed","ping_status":"closed","template":"","meta":{"_acf_changed":false,"_seopress_robots_primary_cat":"","_seopress_titles_title":"","_seopress_titles_desc":"","_seopress_robots_index":"","footnotes":""},"class_list":["post-3024","page","type-page","status-publish"],"acf":[],"_links":{"self":[{"href":"https:\/\/totalblue.ro\/nl\/wp-json\/wp\/v2\/pages\/3024","targetHints":{"allow":["GET"]}}],"collection":[{"href":"https:\/\/totalblue.ro\/nl\/wp-json\/wp\/v2\/pages"}],"about":[{"href":"https:\/\/totalblue.ro\/nl\/wp-json\/wp\/v2\/types\/page"}],"author":[{"embeddable":true,"href":"https:\/\/totalblue.ro\/nl\/wp-json\/wp\/v2\/users\/2"}],"replies":[{"embeddable":true,"href":"https:\/\/totalblue.ro\/nl\/wp-json\/wp\/v2\/comments?post=3024"}],"version-history":[{"count":3,"href":"https:\/\/totalblue.ro\/nl\/wp-json\/wp\/v2\/pages\/3024\/revisions"}],"predecessor-version":[{"id":202910,"href":"https:\/\/totalblue.ro\/nl\/wp-json\/wp\/v2\/pages\/3024\/revisions\/202910"}],"wp:attachment":[{"href":"https:\/\/totalblue.ro\/nl\/wp-json\/wp\/v2\/media?parent=3024"}],"curies":[{"name":"wp","href":"https:\/\/api.w.org\/{rel}","templated":true}]}}