{"id":107070,"date":"2023-11-22T13:11:39","date_gmt":"2023-11-22T11:11:39","guid":{"rendered":"https:\/\/totalblue.ro\/?post_type=product&#038;p=107070"},"modified":"2025-08-01T15:04:23","modified_gmt":"2025-08-01T12:04:23","slug":"chifle-albe-in-punga-6-bucati-congelate-import-olanda","status":"publish","type":"product","link":"https:\/\/totalblue.ro\/nl\/produs\/chifle-albe-in-punga-6-bucati-congelate-import-olanda\/","title":{"rendered":"Witte gehaktballetjes in zakje, 6 stuks, diepvries, import uit Nederland"},"content":{"rendered":"<p>Witte gehaktballetjes in zakje, 6 stuks, diepvries, import uit Nederland<\/p>\n<p>Ingrediente: F\u0103in\u0103 de gr\u00e2u , ap\u0103, drojdie de brut\u0103rie, dextroz\u0103, gluten de gr\u00e2u , zer , sare iodat\u0103, f\u0103in\u0103 de soia , emulgatori: E471\/482, lapte degresat , protein\u0103 din lapte , protein\u0103 din maz\u0103re.<br \/>\nValori nutriionale\/100g:<\/p>\n<table cellspacing=\"5\">\n<tbody>\n<tr>\n<td><b>Energie<\/b> (kj\/kcal)<\/td>\n<td>1082\/259<\/td>\n<\/tr>\n<tr>\n<td><b>Gr\u0103simi<\/b> saturate<\/td>\n<td>2,1 g<\/td>\n<\/tr>\n<tr>\n<td><b>Carbohidra\u021bi:<\/b> \/ zaharuri<\/td>\n<td>48,8\/4,8g<\/td>\n<\/tr>\n<tr>\n<td><b>Fibr\u0103<\/b><\/td>\n<td>2,3 g<\/td>\n<\/tr>\n<tr>\n<td><b>Proteinele<\/b><\/td>\n<td>9,1 g<\/td>\n<\/tr>\n<tr>\n<td><b>Sare<\/b><\/td>\n<td>0,96 g<\/td>\n<\/tr>\n<\/tbody>\n<\/table>","protected":false},"excerpt":{"rendered":"<p><span data-text-color=\"alert\"><strong>WAARSCHUWING! BEVROREN PRODUCT! WAARSCHUWING! BEVROREN PRODUCT!<br \/>\n<\/strong><\/span><\/p>","protected":false},"featured_media":107074,"comment_status":"open","ping_status":"closed","template":"","meta":{"_acf_changed":false,"_seopress_robots_primary_cat":"1767","_seopress_titles_title":"Chifle albe in punga, 6 bucati, congelate, import Olanda","_seopress_titles_desc":"Cauti paine? Cauti chifle albe? Cauti chifle paine din faina alba? Cumpara acum Chifle albe in punga, 6 bucati, congelate, import Olanda, chifle paine.","_seopress_robots_index":""},"product_brand":[16530],"product_cat":[1555,3296,2050,3256,1767],"giftcard-category":[],"class_list":{"0":"post-107070","1":"product","2":"type-product","3":"status-publish","4":"has-post-thumbnail","6":"product_brand-bakkerij-klootwijk","7":"product_cat-bacanie","8":"product_cat-brutarie-patiserie","9":"product_cat-produse-congelate","10":"product_cat-produse-congelate-produse-olanda","11":"product_cat-produse-olanda","12":"product_shipping_class-frozen-products","14":"first","15":"outofstock","16":"taxable","17":"shipping-taxable","18":"purchasable","19":"product-type-simple"},"acf":[],"_links":{"self":[{"href":"https:\/\/totalblue.ro\/nl\/wp-json\/wp\/v2\/product\/107070","targetHints":{"allow":["GET"]}}],"collection":[{"href":"https:\/\/totalblue.ro\/nl\/wp-json\/wp\/v2\/product"}],"about":[{"href":"https:\/\/totalblue.ro\/nl\/wp-json\/wp\/v2\/types\/product"}],"replies":[{"embeddable":true,"href":"https:\/\/totalblue.ro\/nl\/wp-json\/wp\/v2\/comments?post=107070"}],"wp:featuredmedia":[{"embeddable":true,"href":"https:\/\/totalblue.ro\/nl\/wp-json\/wp\/v2\/media\/107074"}],"wp:attachment":[{"href":"https:\/\/totalblue.ro\/nl\/wp-json\/wp\/v2\/media?parent=107070"}],"wp:term":[{"taxonomy":"product_brand","embeddable":true,"href":"https:\/\/totalblue.ro\/nl\/wp-json\/wp\/v2\/product_brand?post=107070"},{"taxonomy":"product_cat","embeddable":true,"href":"https:\/\/totalblue.ro\/nl\/wp-json\/wp\/v2\/product_cat?post=107070"},{"taxonomy":"giftcard-category","embeddable":true,"href":"https:\/\/totalblue.ro\/nl\/wp-json\/wp\/v2\/giftcard-category?post=107070"}],"curies":[{"name":"wp","href":"https:\/\/api.w.org\/{rel}","templated":true}]}}