{"id":113438,"date":"2023-11-24T13:42:19","date_gmt":"2023-11-24T11:42:19","guid":{"rendered":"https:\/\/totalblue.ro\/?post_type=product&#038;p=113438"},"modified":"2026-01-29T19:13:30","modified_gmt":"2026-01-29T17:13:30","slug":"gwoon-loempia-lente-groentepakketten-2-stuks-350-g","status":"publish","type":"product","link":"https:\/\/totalblue.ro\/nl\/produs\/gwoon-loempia-pachetele-de-primavara-cu-legume-2-bucati-350-g\/","title":{"rendered":"G'woon Loempia voorjaarsgroentepakketjes 2 stuks 350 g"},"content":{"rendered":"<p>Ingredi\u00ebnten: 57% Groenten (28% witte kool, 28% taug\u00e9, 14% wortel, 11% ui, 9% prei, 5% erwten, 5% rode peper), GRAU bloem, water, plantaardige oli\u00ebn (rapita, zonnebloem) , rijstmeel, gemodificeerd aardappelzetmeel, zout, dextrose, ma\u00efsmeel, rijstzetmeel, maltodextrine, specerijen, tijm, aardappeldextrine, gistextract, ma\u00efszetmeel, kruiden, natuurlijk uienaroma.<\/p>\n<p>Allergenen:<br \/>\nGlutenbevattende granen, tarwe en tarweproducten<\/p>\n<p>Voedingswaarden per 100g:<br \/>\nTip per 100 g (bereid)<br \/>\nEnergie 701 kJ<br \/>\nVet 6,8 g<br \/>\nVetzuren, totaal verzadigd 0,789 g<br \/>\nVetzuren, enkelvoudig onverzadigd 4,073 g<br \/>\nVetzuren, meervoudig onverzadigd 1,924 g<br \/>\nKoolhydraten 21,8 g<br \/>\nSuikers 4,1 g<br \/>\nVoedingsvezels 2,2 g<br \/>\nEiwit 3,6 g<br \/>\nZout 0,99 g<br \/>\nHoe te bereiden:<br \/>\n- Bak 12 min. op 175\u00b0C<br \/>\nBevroren: 17 minuten. Ontdooid: 5 minuten.<br \/>\nBak maximaal 2 stukken tegelijk.<br \/>\n- Oven 27 min op 220\u00b0C<br \/>\nBevroren: 18 minuten. Ontdooid: 10 minuten.<br \/>\nVerwarm de oven of grill voor en draai het product regelmatig.<br \/>\n- Heteluchtoven 18 min | 230\u00b0C<br \/>\nBevroren: 20 minuten. Ontdooid: 12 minuten.<br \/>\nVerwarm de heteluchtoven voor en draai het product regelmatig.<br \/>\n- Luchtfrituur 15 min. op 200\u00b0C<br \/>\nDiepvries: 15 minuten. Verwarm de friteuse voor.<br \/>\nMaximale hoeveelheid: mand met beklede bodem.<br \/>\nTot 15 min.<br \/>\nBevroren: 15 minuten. Sprenkel olie in de pan, verhit medium en draai het product regelmatig.<br \/>\nOnze loempia's (lentegroentepakketjes) worden direct na het bakken bruin gebakken. Op deze manier neemt het broodje zo min mogelijk vet op.<br \/>\nOntdooi het product niet in de verpakking. Niet opnieuw invriezen.<\/p>\n<p>De volgende aanbevelingen voor opslag zijn van toepassing vanaf de datum van aankoop:<br \/>\n1. Vanuit de vriezer 48 uur houdbaar in de koelkast (+ 7\u00b0C).<br \/>\n2. In het vriesvak van de koelkast met: * (-6\u00b0C): 1 week * (-12\u00b0C): 4 weken ** (-18\u00b0C): tot de aangegeven datum beter voor het ontdooien , niet invriezen<br \/>\nRaadpleeg de verpakking voor de meest recente productinformatie.<\/p>","protected":false},"excerpt":{"rendered":"<p><span data-text-color=\"alert\"><strong>WAARSCHUWING! BEVROREN PRODUCT! WAARSCHUWING! BEVROREN PRODUCT!<\/strong><\/span><\/p>","protected":false},"featured_media":113442,"comment_status":"open","ping_status":"closed","template":"","meta":{"_acf_changed":false,"_seopress_robots_primary_cat":"none","_seopress_titles_title":"","_seopress_titles_desc":"","_seopress_robots_index":""},"product_brand":[1971],"product_cat":[1555,3296,3256,1767,1954],"giftcard-category":[],"class_list":{"0":"post-113438","1":"product","2":"type-product","3":"status-publish","4":"has-post-thumbnail","6":"product_brand-gwoon","7":"product_cat-bacanie","8":"product_cat-brutarie-patiserie","9":"product_cat-produse-congelate-produse-olanda","10":"product_cat-produse-olanda","11":"product_cat-semipreparate","13":"first","14":"outofstock","15":"taxable","16":"shipping-taxable","17":"purchasable","18":"product-type-simple"},"acf":[],"_links":{"self":[{"href":"https:\/\/totalblue.ro\/nl\/wp-json\/wp\/v2\/product\/113438","targetHints":{"allow":["GET"]}}],"collection":[{"href":"https:\/\/totalblue.ro\/nl\/wp-json\/wp\/v2\/product"}],"about":[{"href":"https:\/\/totalblue.ro\/nl\/wp-json\/wp\/v2\/types\/product"}],"replies":[{"embeddable":true,"href":"https:\/\/totalblue.ro\/nl\/wp-json\/wp\/v2\/comments?post=113438"}],"wp:featuredmedia":[{"embeddable":true,"href":"https:\/\/totalblue.ro\/nl\/wp-json\/wp\/v2\/media\/113442"}],"wp:attachment":[{"href":"https:\/\/totalblue.ro\/nl\/wp-json\/wp\/v2\/media?parent=113438"}],"wp:term":[{"taxonomy":"product_brand","embeddable":true,"href":"https:\/\/totalblue.ro\/nl\/wp-json\/wp\/v2\/product_brand?post=113438"},{"taxonomy":"product_cat","embeddable":true,"href":"https:\/\/totalblue.ro\/nl\/wp-json\/wp\/v2\/product_cat?post=113438"},{"taxonomy":"giftcard-category","embeddable":true,"href":"https:\/\/totalblue.ro\/nl\/wp-json\/wp\/v2\/giftcard-category?post=113438"}],"curies":[{"name":"wp","href":"https:\/\/api.w.org\/{rel}","templated":true}]}}