{"id":124675,"date":"2024-02-13T16:16:13","date_gmt":"2024-02-13T14:16:13","guid":{"rendered":"https:\/\/totalblue.ro\/?post_type=product&#038;p=124675"},"modified":"2026-01-30T09:27:12","modified_gmt":"2026-01-30T07:27:12","slug":"go-tan-pasta-de-lemon-grass-100-g","status":"publish","type":"product","link":"https:\/\/totalblue.ro\/nl\/produs\/go-tan-pasta-de-lemon-grass-100-g\/","title":{"rendered":"Go-Tan Pasta de lemon grass 100 g"},"content":{"rendered":"<p><span class=\"HwtZe\" lang=\"ro\"><span class=\"jCAhz ChMk0b\"><span class=\"ryNqvb\">Lemongrass tocat (lemongrass\/sereh) este utilizat pe scar\u0103 larg\u0103 \u00een buc\u0103t\u0103ria chineza.<\/span><\/span> <span class=\"jCAhz ChMk0b\"><span class=\"ryNqvb\">Ofer\u0103 preparatului un gust proasp\u0103t.O linguri\u021b\u0103 este egal\u0103 cu c\u00e2\u021biva centimetri de lemongrass.<br \/>\nFara gluten, vegetarian<br \/>\nIngrediente: 49% lemongrass, apa, sare, acizi alimentari (acid citric, acid ascorbic), ulei de rapita, agenti de ingrosare (guma xantan, guma guar), conservanti (sorbat de potasiu, benzoat de sodiu).<br \/>\nVoedingswaarden<br \/>\nAceste valori se aplic\u0103 produsului nepreparat. Tip la 100 de grame<br \/>\nEnergie 105 kJ \/ 25 kcal<br \/>\nGr\u0103simi 1,1 g din care saturate 0,2 g<br \/>\nGlucide 2,4 g din care zaharuri 1 g<br \/>\nEiwit 0,1 g<br \/>\n<\/span><\/span><\/span><span class=\"HwtZe\" lang=\"ro\"><span class=\"jCAhz ChMk0b\"><span class=\"ryNqvb\">Sare 7,8 g<\/span><\/span><\/span><\/p>\n<p><a href=\"https:\/\/totalblue.ro\/wp-content\/uploads\/2022\/09\/vegan-vegetarian.jpg\"><img loading=\"lazy\" decoding=\"async\" class=\"alignnone wp-image-124374\" src=\"https:\/\/totalblue.ro\/wp-content\/uploads\/2022\/09\/vegan-vegetarian.jpg\" alt=\"\" width=\"74\" height=\"91\" srcset=\"https:\/\/totalblue.ro\/wp-content\/uploads\/2022\/09\/vegan-vegetarian.jpg 200w, https:\/\/totalblue.ro\/wp-content\/uploads\/2022\/09\/vegan-vegetarian-78x96.jpg 78w, https:\/\/totalblue.ro\/wp-content\/uploads\/2022\/09\/vegan-vegetarian-34x42.jpg 34w, https:\/\/totalblue.ro\/wp-content\/uploads\/2022\/09\/vegan-vegetarian-49x60.jpg 49w, https:\/\/totalblue.ro\/wp-content\/uploads\/2022\/09\/vegan-vegetarian-65x80.jpg 65w\" sizes=\"auto, (max-width: 74px) 100vw, 74px\" \/><\/a><\/p>\n<p>&nbsp;<\/p>","protected":false},"excerpt":{"rendered":"<p>&nbsp;<\/p>\n<div id=\"simple-translate\" class=\"simple-translate-light-theme\">\n<div>\n<div class=\"simple-translate-button isShow\" style=\"height: 22px; width: 22px; top: 50px; left: 159px;\"><\/div>\n<div class=\"simple-translate-panel\" style=\"width: 300px; height: 200px; top: 0px; left: 0px; font-size: 13px;\">\n<div class=\"simple-translate-result-wrapper\" style=\"overflow: hidden;\">\n<div class=\"simple-translate-move\"><\/div>\n<div class=\"simple-translate-result-contents\">\n<p class=\"simple-translate-candidate\" dir=\"auto\">\n<\/div>\n<\/div>\n<\/div>\n<\/div>\n<\/div>","protected":false},"featured_media":124681,"comment_status":"open","ping_status":"closed","template":"","meta":{"_acf_changed":false,"_seopress_robots_primary_cat":"none","_seopress_titles_title":"","_seopress_titles_desc":"","_seopress_robots_index":""},"product_brand":[22456],"product_cat":[1555,21674,1451,3280,22076,17494,21826,1767,21880,22064],"giftcard-category":[],"class_list":{"0":"post-124675","1":"product","2":"type-product","3":"status-publish","4":"has-post-thumbnail","6":"product_brand-go-tan","7":"product_cat-bacanie","8":"product_cat-condimente-sosuri-influente-asiatice","9":"product_cat-condimente-produse-instant","10":"product_cat-condimente-sosuri","11":"product_cat-fara-gluten","12":"product_cat-influente-asiatice","13":"product_cat-produse-bio-dietetice","14":"product_cat-produse-olanda","15":"product_cat-vegan","16":"product_cat-vegetarian","18":"first","19":"outofstock","20":"taxable","21":"shipping-taxable","22":"purchasable","23":"product-type-simple"},"acf":[],"_links":{"self":[{"href":"https:\/\/totalblue.ro\/nl\/wp-json\/wp\/v2\/product\/124675","targetHints":{"allow":["GET"]}}],"collection":[{"href":"https:\/\/totalblue.ro\/nl\/wp-json\/wp\/v2\/product"}],"about":[{"href":"https:\/\/totalblue.ro\/nl\/wp-json\/wp\/v2\/types\/product"}],"replies":[{"embeddable":true,"href":"https:\/\/totalblue.ro\/nl\/wp-json\/wp\/v2\/comments?post=124675"}],"wp:featuredmedia":[{"embeddable":true,"href":"https:\/\/totalblue.ro\/nl\/wp-json\/wp\/v2\/media\/124681"}],"wp:attachment":[{"href":"https:\/\/totalblue.ro\/nl\/wp-json\/wp\/v2\/media?parent=124675"}],"wp:term":[{"taxonomy":"product_brand","embeddable":true,"href":"https:\/\/totalblue.ro\/nl\/wp-json\/wp\/v2\/product_brand?post=124675"},{"taxonomy":"product_cat","embeddable":true,"href":"https:\/\/totalblue.ro\/nl\/wp-json\/wp\/v2\/product_cat?post=124675"},{"taxonomy":"giftcard-category","embeddable":true,"href":"https:\/\/totalblue.ro\/nl\/wp-json\/wp\/v2\/giftcard-category?post=124675"}],"curies":[{"name":"wp","href":"https:\/\/api.w.org\/{rel}","templated":true}]}}